{"id":3,"date":"2021-01-21T02:27:21","date_gmt":"2021-01-20T18:27:21","guid":{"rendered":"https:\/\/avecobaggie.com\/?page_id=3"},"modified":"2021-03-22T14:28:19","modified_gmt":"2021-03-22T06:28:19","slug":"privacy-policy","status":"publish","type":"page","link":"https:\/\/avecobaggie.com\/es\/privacy-policy\/","title":{"rendered":"Pol\u00edtica de privacidad"},"content":{"rendered":"<div data-elementor-type=\"wp-page\" data-elementor-id=\"3\" class=\"elementor elementor-3\" data-elementor-post-type=\"page\">\n\t\t\t\t\t\t<section class=\"elementor-section elementor-top-section elementor-element elementor-element-6ba50808 elementor-section-boxed elementor-section-height-default elementor-section-height-default\" data-id=\"6ba50808\" data-element_type=\"section\">\n\t\t\t\t\t\t<div class=\"elementor-container elementor-column-gap-default\">\n\t\t\t\t\t<div class=\"elementor-column elementor-col-100 elementor-top-column elementor-element elementor-element-606b6e94\" data-id=\"606b6e94\" data-element_type=\"column\">\n\t\t\t<div class=\"elementor-widget-wrap elementor-element-populated\">\n\t\t\t\t\t\t<div class=\"elementor-element elementor-element-66e639b5 elementor-widget elementor-widget-text-editor\" data-id=\"66e639b5\" data-element_type=\"widget\" data-widget_type=\"text-editor.default\">\n\t\t\t\t<div class=\"elementor-widget-container\">\n\t\t\t\t\t\t\t\t\t\n<h1 id=\"headline-9-3\" class=\"ct-headline wp-block-heading\" style=\"text-align: center;\"><span id=\"span-10-3\" class=\"ct-span\">Avecobaggie Aviso de privacidad<\/span><\/h1>\n<p>\u00a0<\/p>\n<p>Su privacidad es importante para nosotros. Es pol\u00edtica de AVECOBAGGIE respetar su privacidad con respecto a cualquier informaci\u00f3n que podamos recopilar de usted a trav\u00e9s de nuestro sitio web, <a href=\"https:\/\/avecobaggie.com\/es\/\">https:\/\/avecobaggie.com<\/a>y otros sitios que poseemos y gestionamos.<\/p>\n<p>S\u00f3lo solicitamos informaci\u00f3n personal cuando realmente la necesitamos para prestarle un servicio. La recopilamos por medios justos y legales, con su conocimiento y consentimiento. Tambi\u00e9n le informamos de por qu\u00e9 la recabamos y c\u00f3mo se utilizar\u00e1.<\/p>\n<p>S\u00f3lo conservamos la informaci\u00f3n recopilada durante el tiempo necesario para prestarle el servicio solicitado. Los datos que almacenamos los protegeremos con medios comercialmente aceptables para evitar p\u00e9rdidas y robos, as\u00ed como el acceso, la divulgaci\u00f3n, la copia, el uso o la modificaci\u00f3n no autorizados.<\/p>\n<p>No compartimos ninguna informaci\u00f3n de identificaci\u00f3n personal p\u00fablicamente ni con terceros, excepto cuando lo exige la ley.<\/p>\n<p>Nuestro sitio web puede contener enlaces a sitios externos no gestionados por nosotros. Por favor, tenga en cuenta que no tenemos control sobre el contenido y las pr\u00e1cticas de estos sitios, y no podemos aceptar responsabilidad por sus respectivas pol\u00edticas de privacidad.<\/p>\n<p>Usted es libre de rechazar nuestra solicitud de sus datos personales, en el entendimiento de que es posible que no podamos prestarle algunos de los servicios que desea.<\/p>\n<p>Su uso continuado de nuestro sitio web se considerar\u00e1 como aceptaci\u00f3n de nuestras pr\u00e1cticas en torno a la privacidad y la informaci\u00f3n personal. Si tiene alguna pregunta sobre c\u00f3mo tratamos los datos de los usuarios y la informaci\u00f3n personal, no dude en ponerse en contacto con nosotros.<\/p>\n<p>Esta pol\u00edtica entrar\u00e1 en vigor el 22 de enero de 2021.<\/p>\n\n<h3>\u00a0<\/h3>\n\t\t\t\t\t\t\t\t<\/div>\n\t\t\t\t<\/div>\n\t\t\t\t\t<\/div>\n\t\t<\/div>\n\t\t\t\t\t<\/div>\n\t\t<\/section>\n\t\t\t\t<\/div>","protected":false},"excerpt":{"rendered":"<p>Avecobaggie Privacy Notice \u00a0 Your privacy is important to us. It is AVECOBAGGIE&#8217;s policy to respect your privacy regarding any information we may collect from you across our website, https:\/\/avecobaggie.com, and other sites we own and operate. We only ask for personal information when we truly need it to provide a service to you. We [&hellip;]<\/p>","protected":false},"author":1,"featured_media":0,"parent":0,"menu_order":0,"comment_status":"closed","ping_status":"closed","template":"","meta":{"_seopress_robots_primary_cat":"","_seopress_titles_title":"Avecobaggie-Privacy","_seopress_titles_desc":"Your privacy is more important to us .It is avecobaggie&#039;s policy to respect your privacy regarding any information we collect from you from our website","_seopress_robots_index":"","footnotes":""},"class_list":["post-3","page","type-page","status-publish","hentry"],"_links":{"self":[{"href":"https:\/\/avecobaggie.com\/es\/wp-json\/wp\/v2\/pages\/3","targetHints":{"allow":["GET"]}}],"collection":[{"href":"https:\/\/avecobaggie.com\/es\/wp-json\/wp\/v2\/pages"}],"about":[{"href":"https:\/\/avecobaggie.com\/es\/wp-json\/wp\/v2\/types\/page"}],"author":[{"embeddable":true,"href":"https:\/\/avecobaggie.com\/es\/wp-json\/wp\/v2\/users\/1"}],"replies":[{"embeddable":true,"href":"https:\/\/avecobaggie.com\/es\/wp-json\/wp\/v2\/comments?post=3"}],"version-history":[{"count":5,"href":"https:\/\/avecobaggie.com\/es\/wp-json\/wp\/v2\/pages\/3\/revisions"}],"predecessor-version":[{"id":2792,"href":"https:\/\/avecobaggie.com\/es\/wp-json\/wp\/v2\/pages\/3\/revisions\/2792"}],"wp:attachment":[{"href":"https:\/\/avecobaggie.com\/es\/wp-json\/wp\/v2\/media?parent=3"}],"curies":[{"name":"wp","href":"https:\/\/api.w.org\/{rel}","templated":true}]}}