{"id":10003,"date":"2025-04-27T14:40:44","date_gmt":"2025-04-27T06:40:44","guid":{"rendered":"https:\/\/avecobaggie.com\/?post_type=product&#038;p=10003"},"modified":"2025-10-13T13:34:37","modified_gmt":"2025-10-13T05:34:37","slug":"washable-kraft-paper-insulated-lunch-bag","status":"publish","type":"product","link":"https:\/\/avecobaggie.com\/es\/producto\/washable-kraft-paper-insulated-lunch-bag\/","title":{"rendered":"Bolsa de almuerzo aislante de papel kraft lavable"},"content":{"rendered":"<p>Nuestra <strong>Bolsa de almuerzo aislante de papel kraft lavable<\/strong> ofrece la soluci\u00f3n perfecta para mantener sus comidas frescas y calientes. Fabricado en <strong>papel kraft lavable, duradero y respetuoso con el medio ambiente<\/strong>Este bolso cuenta con un <strong>capa aislante de aluminio<\/strong> que garantiza una excelente retenci\u00f3n del calor a la vez que mantiene un <strong>a prueba de fugas<\/strong> estructura.<\/p>\n\n\n\n<ul class=\"wp-block-list\">\n<li><strong>Tama\u00f1o:<\/strong> 150X150X150MM,280X190X90MM,280X240X200MM proporcionando un amplio espacio para comidas m\u00e1s grandes o m\u00faltiples contenedores de comida.<\/li>\n\n\n\n<li><strong>A prueba de fugas y resistente al agua:<\/strong> Mantiene los alimentos a salvo de derrames y garantiza que la bolsa permanezca limpia.<\/li>\n\n\n\n<li><strong>Apto para alimentos:<\/strong> Puede estar en contacto directo con los alimentos, por lo que es seguro para el uso diario.<\/li>\n\n\n\n<li><strong>Material sostenible:<\/strong> El papel kraft ecol\u00f3gico es pr\u00e1ctico y respetuoso con el medio ambiente.<\/li>\n\n\n\n<li><strong>Cierre de cremallera:<\/strong> F\u00e1cil de usar, garantiza un envasado seguro de los alimentos.<\/li>\n<\/ul>\n\n\n\n<p>Ideal para <strong>empresas del sector alimentario<\/strong> o <strong>empresas que buscan bolsas de almuerzo de marca<\/strong> para uso promocional, esta bolsa de almuerzo es a la vez funcional y elegante. Es una gran elecci\u00f3n para regalos de empresa, <strong>regalos para empleados<\/strong>o productos al por menor dirigidos a consumidores con conciencia ecol\u00f3gica.<\/p>\n\n\n\n<p>Si necesita personalizaciones como diferentes tama\u00f1os, colores u opciones de impresi\u00f3n para logotipos, le ofrecemos <strong>soluciones a medida<\/strong>. Tanto si necesita un <strong>pedido de lotes peque\u00f1os<\/strong> o un <strong>dise\u00f1o totalmente personalizado<\/strong>podemos hacer realidad su visi\u00f3n gracias a nuestra capacidad de fabricaci\u00f3n de alta calidad.<\/p>\n\n\n\n<p>Incluso si esta bolsa de almuerzo no satisface plenamente sus necesidades, le ofrecemos <strong>servicios de dise\u00f1o a medida<\/strong> para una gran variedad de bolsas ecol\u00f3gicas. Desde ajustes de tama\u00f1o hasta opciones exclusivas de material e impresi\u00f3n de logotipos, podemos ofrecerle un <strong>soluci\u00f3n personalizada<\/strong> para sus necesidades espec\u00edficas. P\u00f3ngase en contacto con nosotros para una consulta y descubra las posibilidades.<\/p>","protected":false},"excerpt":{"rendered":"<p>Papel kraft lavable | Aislamiento de aluminio | A prueba de fugas | Gran capacidad | Cierre de cremallera | Ecol\u00f3gico<\/p>","protected":false},"featured_media":10006,"comment_status":"open","ping_status":"closed","template":"","meta":{"_seopress_robots_primary_cat":"none","_seopress_titles_title":"Eco-Friendly Washable Kraft Paper Lunch Bag with Insulated Lining","_seopress_titles_desc":"Durable, eco-friendly lunch bag with washable kraft paper, aluminum insulation, and leak-proof design. Perfect for keeping food fresh!","_seopress_robots_index":""},"product_brand":[185],"product_cat":[113],"product_tag":[191],"class_list":{"0":"post-10003","1":"product","2":"type-product","3":"status-publish","4":"has-post-thumbnail","6":"product_brand-avecobaggie","7":"product_cat-bags-in-stock","8":"product_tag-washable-craft-paper-bag","10":"first","11":"instock","12":"taxable","13":"shipping-taxable","14":"product-type-simple"},"_links":{"self":[{"href":"https:\/\/avecobaggie.com\/es\/wp-json\/wp\/v2\/product\/10003","targetHints":{"allow":["GET"]}}],"collection":[{"href":"https:\/\/avecobaggie.com\/es\/wp-json\/wp\/v2\/product"}],"about":[{"href":"https:\/\/avecobaggie.com\/es\/wp-json\/wp\/v2\/types\/product"}],"replies":[{"embeddable":true,"href":"https:\/\/avecobaggie.com\/es\/wp-json\/wp\/v2\/comments?post=10003"}],"wp:featuredmedia":[{"embeddable":true,"href":"https:\/\/avecobaggie.com\/es\/wp-json\/wp\/v2\/media\/10006"}],"wp:attachment":[{"href":"https:\/\/avecobaggie.com\/es\/wp-json\/wp\/v2\/media?parent=10003"}],"wp:term":[{"taxonomy":"product_brand","embeddable":true,"href":"https:\/\/avecobaggie.com\/es\/wp-json\/wp\/v2\/product_brand?post=10003"},{"taxonomy":"product_cat","embeddable":true,"href":"https:\/\/avecobaggie.com\/es\/wp-json\/wp\/v2\/product_cat?post=10003"},{"taxonomy":"product_tag","embeddable":true,"href":"https:\/\/avecobaggie.com\/es\/wp-json\/wp\/v2\/product_tag?post=10003"}],"curies":[{"name":"wp","href":"https:\/\/api.w.org\/{rel}","templated":true}]}}