{"id":10027,"date":"2025-04-27T16:21:15","date_gmt":"2025-04-27T08:21:15","guid":{"rendered":"https:\/\/avecobaggie.com\/?post_type=product&#038;p=10027"},"modified":"2025-04-28T11:23:04","modified_gmt":"2025-04-28T03:23:04","slug":"premium-16oz-white-canvas-tote-bag-with-adjustable-strap","status":"publish","type":"product","link":"https:\/\/avecobaggie.com\/es\/producto\/premium-16oz-white-canvas-tote-bag-with-adjustable-strap\/","title":{"rendered":"Premium 16oz White Canvas Tote Bag with Adjustable Strap"},"content":{"rendered":"<h2 class=\"wp-block-heading has-text-align-center\">Caracter\u00edsticas del producto<\/h2>\n\n\n\n<p><strong>Premium 16oz White Canvas Tote Bag<\/strong> designed specifically for brand owners, wholesalers, and custom buyers. Here are the main features of the product:<\/p>\n\n\n\n<ul class=\"wp-block-list\">\n<li><strong>Extra-thick 16oz canvas material<\/strong> that is durable and strong, ensuring long-term use.<\/li>\n\n\n\n<li><strong>Adjustable long strap<\/strong> for a comfortable carrying experience, suitable for various needs.<\/li>\n\n\n\n<li><strong>Embossed leather logo<\/strong> for a premium brand appearance, enhancing product quality perception.<\/li>\n\n\n\n<li><strong>Inner pocket with zipper<\/strong>, providing extra storage space and ensuring the security of your items.<\/li>\n\n\n\n<li><strong>Large capacity design<\/strong> with dimensions of 40X37X10CM, perfect for daily use or promotional purposes.<\/li>\n\n\n\n<li><strong>No side bottom structure<\/strong> for better stability, allowing you to carry heavier items with ease.<\/li>\n<\/ul>\n\n\n\n<p>This canvas tote bag is not only ideal for everyday shopping but also a top choice for brand customization and promotional gifts. Its simple yet functional design helps elevate your brand image and attract potential customers.<\/p>\n\n\n\n<p><strong><a href=\"https:\/\/avecobaggie.com\/es\/custom-cotton-canvas-bag-manufacturer\/\" data-type=\"page\" data-id=\"8641\">Opciones de personalizaci\u00f3n<\/a><\/strong>: Even if you&#8217;re currently focused on this white canvas tote, we offer customization for other styles and designs. Whether it&#8217;s different colors, sizes, materials, or specific features, we can provide tailor-made eco-bag solutions to meet your unique needs.<\/p>\n\n\n\n<p class=\"has-text-align-center\"><a href=\"https:\/\/avecobaggie.com\/es\/whats-the-difference-between-cotton-bag-or-canvas-bag\/\">Algod\u00f3n frente a lona<\/a><\/p>\n\n\n\n<figure class=\"wp-block-table\"><table class=\"has-fixed-layout\"><tbody><tr><td><strong><\/strong><\/td><td><strong>Algod\u00f3n<\/strong><strong><\/strong><\/td><td><strong>Lienzo<\/strong><strong><\/strong><\/td><\/tr><tr><td><strong>Material<\/strong><strong><\/strong><\/td><td>normalmente 100% algod\u00f3n<\/td><td>normalmente 35%algod\u00f3n o c\u00e1\u00f1amo,65%poli\u00e9ster (tambi\u00e9n puede ser 100%algod\u00f3n)<\/td><\/tr><tr><td><strong>Hilo de tejer<\/strong><strong><\/strong><\/td><td>un hilo de urdimbre y trama<\/td><td>M\u00e1s de 2 hilos de urdimbre y trama, parece m\u00e1s grueso<\/td><\/tr><tr><td><strong>M\u00e9todo de tejido<\/strong><strong><\/strong><\/td><td>Tejido liso o de sarga<\/td><td>Tejido mayoritariamente liso<\/td><\/tr><tr><td><strong>Textura del tejido<\/strong><strong><\/strong><\/td><td>peque\u00f1as manchas en la superficie que en realidad son las semillas naturales<\/td><td>Sin manchas, m\u00e1s \u00e1spero que el algod\u00f3n<\/td><\/tr><tr><td><strong>Peso:<\/strong><strong><\/strong><\/td><td>se puede encerar para que sea impermeable, se puede semiblanquear o blanquear por completo<\/td><td>sobre 8oz, para el mismo grueso, la lona es m\u00e1s barata, tambi\u00e9n puede cargar m\u00e1s peso<\/td><\/tr><tr><td>Desde las finas 4 oz hasta las gruesas 16 oz, ligeras, mejor elegir algod\u00f3n<\/td><td>M\u00e1s sostenible y 100% biodegradable<\/td><td>sostenible, pero no totalmente biodegradable<\/td><\/tr><tr><td><strong>Impermeable<\/strong><strong><\/strong><\/td><td>No es impermeable si no est\u00e1 laminado, puede ser semiblanqueado o blanqueado.<\/td><td>Por encima de 8 oz, para el mismo espesor, la lona es m\u00e1s barato, tambi\u00e9n puede cargar m\u00e1s peso<\/td><\/tr><tr><td><strong>Transpirabilidad<\/strong><strong><\/strong><\/td><td>Suave y muy transpirable<\/td><td>gruesa y menos ventilada, Adecuada para bolsas estereotipadas<\/td><\/tr><tr><td><strong>Imprimibilidad<\/strong><strong><\/strong><\/td><td>para la impresi\u00f3n por transferencia t\u00e9rmica no es tan bueno como el lienzo<\/td><td>Casi compatible con todos los m\u00e9todos de impresi\u00f3n, el dise\u00f1o se mostrar\u00e1 de maravilla<\/td><\/tr><tr><td><strong>Cuidado del lavado<\/strong><strong><\/strong><\/td><td>encoger\u00e1 de 2% a 5% despu\u00e9s del lavado<\/td><td>Encogimiento inferior a 100%. Algod\u00f3n<\/td><\/tr><tr><td><strong>Durabilidad<\/strong><strong><\/strong><\/td><td>f\u00e1cil de arrugar y deformar, f\u00e1cil de pegar el pelo<\/td><td>F\u00e1cil de ensuciar, deformaci\u00f3n,<\/td><\/tr><tr><td><strong>Aplicaci\u00f3n:<\/strong><strong><\/strong><\/td><td>bolsa de algod\u00f3n con cord\u00f3n de tama\u00f1o peque\u00f1o, bolsa para productos agr\u00edcolas, bolsa para envasado de alimentos, bolsas de algod\u00f3n ligeras, etc.<\/td><td>bolso de compras, bolso de la tienda de comestibles, ba resistente, bolso de la lona, bolso de deportes, bolso diario, etc.<\/td><\/tr><\/tbody><\/table><\/figure>","protected":false},"excerpt":{"rendered":"<p><strong>16oz Canvas | Adjustable Strap | Zip Closure | Custom Branding<\/strong><\/p>","protected":false},"featured_media":10033,"comment_status":"open","ping_status":"closed","template":"","meta":{"_seopress_robots_primary_cat":"none","_seopress_titles_title":"Custom 16oz Cotton Canvas Tote Bag for Bulk Orders \u2013 OEM\/ODM Branding Solutions","_seopress_titles_desc":"Heavy-duty 16oz cotton canvas tote bag with detachable strap, secure zip closure, and custom branding. Ideal for corporate gifts, retail, & promotions. Low MOQs & fast delivery.","_seopress_robots_index":""},"product_brand":[185],"product_cat":[188,29],"product_tag":[122],"class_list":{"0":"post-10027","1":"product","2":"type-product","3":"status-publish","4":"has-post-thumbnail","6":"product_brand-avecobaggie","7":"product_cat-custom-canvas-bag","8":"product_cat-tote-bag","9":"product_tag-canvas-bag","11":"first","12":"instock","13":"taxable","14":"shipping-taxable","15":"product-type-simple"},"_links":{"self":[{"href":"https:\/\/avecobaggie.com\/es\/wp-json\/wp\/v2\/product\/10027","targetHints":{"allow":["GET"]}}],"collection":[{"href":"https:\/\/avecobaggie.com\/es\/wp-json\/wp\/v2\/product"}],"about":[{"href":"https:\/\/avecobaggie.com\/es\/wp-json\/wp\/v2\/types\/product"}],"replies":[{"embeddable":true,"href":"https:\/\/avecobaggie.com\/es\/wp-json\/wp\/v2\/comments?post=10027"}],"wp:featuredmedia":[{"embeddable":true,"href":"https:\/\/avecobaggie.com\/es\/wp-json\/wp\/v2\/media\/10033"}],"wp:attachment":[{"href":"https:\/\/avecobaggie.com\/es\/wp-json\/wp\/v2\/media?parent=10027"}],"wp:term":[{"taxonomy":"product_brand","embeddable":true,"href":"https:\/\/avecobaggie.com\/es\/wp-json\/wp\/v2\/product_brand?post=10027"},{"taxonomy":"product_cat","embeddable":true,"href":"https:\/\/avecobaggie.com\/es\/wp-json\/wp\/v2\/product_cat?post=10027"},{"taxonomy":"product_tag","embeddable":true,"href":"https:\/\/avecobaggie.com\/es\/wp-json\/wp\/v2\/product_tag?post=10027"}],"curies":[{"name":"wp","href":"https:\/\/api.w.org\/{rel}","templated":true}]}}