{"id":10048,"date":"2025-04-29T10:41:55","date_gmt":"2025-04-29T02:41:55","guid":{"rendered":"https:\/\/avecobaggie.com\/?post_type=product&#038;p=10048"},"modified":"2026-01-07T09:38:22","modified_gmt":"2026-01-07T01:38:22","slug":"premium-12oz-navy-blue-canvas-tote-bag-with-dual-color-silk-screen-logo-red-handles","status":"publish","type":"product","link":"https:\/\/avecobaggie.com\/es\/producto\/premium-12oz-navy-blue-canvas-tote-bag-with-dual-color-silk-screen-logo-red-handles\/","title":{"rendered":"Premium 12oz Navy Blue Canvas Tote Bag with Dual-Color Silk Screen Logo &amp; Red Handles"},"content":{"rendered":"<h2 class=\"wp-block-heading has-text-align-center\">Caracter\u00edsticas del producto<\/h2>\n\n\n\n<p><strong>Descripci\u00f3n de la p\u00e1gina del producto<\/strong>: <strong>Premium 12oz Navy Blue Canvas Tote Bag<\/strong> designed for brand owners, wholesalers, and custom buyers, featuring a stylish and functional design. Key features include:<\/p>\n\n\n\n<ul class=\"wp-block-list\">\n<li><strong>High-quality 12oz navy blue canvas<\/strong> for a durable, long-lasting bag suitable for various uses.<\/li>\n\n\n\n<li><strong>Dual-color silk screen printed logo<\/strong> that enhances brand visibility with vibrant, high-quality printing.<\/li>\n\n\n\n<li><strong>Bold red canvas handles<\/strong> that add a pop of color, featuring <strong>single-color printing<\/strong> for added branding appeal.<\/li>\n\n\n\n<li><strong>15cm extended handle design<\/strong> on one side, creating an eye-catching decorative effect while increasing load-bearing capacity.<\/li>\n\n\n\n<li><strong>No side bottom structure<\/strong> provides better stability and support for carrying heavier items.<\/li>\n\n\n\n<li><strong>Vertical design<\/strong> with dimensions of 30X39X10CM, making it perfect for carrying books, promotional materials, and other items.<\/li>\n<\/ul>\n\n\n\n<p>This canvas tote bag is a great choice for businesses looking for a customizable, high-quality, eco-friendly solution. The combination of bold design and practical functionality makes it ideal for use in promotions, retail, and everyday activities.<\/p>\n\n\n\n<p><strong>Opciones de personalizaci\u00f3n<\/strong>: Even if this specific navy blue tote doesn&#8217;t fit your needs exactly, we offer a wide range of customization options. From different colors and materials to personalized features like custom sizes, handles, and logos, we can create the perfect eco-friendly bags for your brand.<\/p>\n\n\n\n<p><strong>Resumen<\/strong>: Whether you\u2019re interested in this specific navy blue canvas tote or need something different, we are ready to provide tailored solutions. Contact us today to start designing your custom eco-friendly bags for your brand!bags for your brand!<\/p>\n\n\n\n<p class=\"has-text-align-center\"><a href=\"https:\/\/avecobaggie.com\/es\/whats-the-difference-between-cotton-bag-or-canvas-bag\/\">Algod\u00f3n frente a lona<\/a><\/p>\n\n\n\n<figure class=\"wp-block-table\"><table class=\"has-fixed-layout\"><tbody><tr><td><\/td><td><strong>Algod\u00f3n<\/strong><strong><\/strong><\/td><td><strong>Lienzo<\/strong><strong><\/strong><\/td><\/tr><tr><td><strong>Material<\/strong><strong><\/strong><\/td><td>normalmente 100% algod\u00f3n<\/td><td>normalmente 35%algod\u00f3n o c\u00e1\u00f1amo,65%poli\u00e9ster (tambi\u00e9n puede ser 100%algod\u00f3n)<\/td><\/tr><tr><td><strong>Hilo de tejer<\/strong><strong><\/strong><\/td><td>un hilo de urdimbre y trama<\/td><td>M\u00e1s de 2 hilos de urdimbre y trama, parece m\u00e1s grueso<\/td><\/tr><tr><td><strong>M\u00e9todo de tejido<\/strong><strong><\/strong><\/td><td>Tejido liso o de sarga<\/td><td>Tejido mayoritariamente liso<\/td><\/tr><tr><td><strong>Textura del tejido<\/strong><strong><\/strong><\/td><td>peque\u00f1as manchas en la superficie que en realidad son las semillas naturales<\/td><td>Sin manchas, m\u00e1s \u00e1spero que el algod\u00f3n<\/td><\/tr><tr><td><strong>Peso:<\/strong><strong><\/strong><\/td><td>se puede encerar para que sea impermeable, se puede semiblanquear o blanquear por completo<\/td><td>sobre 8oz, para el mismo grueso, la lona es m\u00e1s barata, tambi\u00e9n puede cargar m\u00e1s peso<\/td><\/tr><tr><td>Desde las finas 4 oz hasta las gruesas 16 oz, ligeras, mejor elegir algod\u00f3n<\/td><td>M\u00e1s sostenible y 100% biodegradable<\/td><td>sostenible, pero no totalmente biodegradable<\/td><\/tr><tr><td><strong>Impermeable<\/strong><strong><\/strong><\/td><td>No es impermeable si no est\u00e1 laminado, puede ser semiblanqueado o blanqueado.<\/td><td>Por encima de 8 oz, para el mismo espesor, la lona es m\u00e1s barato, tambi\u00e9n puede cargar m\u00e1s peso<\/td><\/tr><tr><td><strong>Transpirabilidad<\/strong><strong><\/strong><\/td><td>Suave y muy transpirable<\/td><td>gruesa y menos ventilada, Adecuada para bolsas estereotipadas<\/td><\/tr><tr><td><strong>Imprimibilidad<\/strong><strong><\/strong><\/td><td>para la impresi\u00f3n por transferencia t\u00e9rmica no es tan bueno como el lienzo<\/td><td>Casi compatible con todos los m\u00e9todos de impresi\u00f3n, el dise\u00f1o se mostrar\u00e1 de maravilla<\/td><\/tr><tr><td><strong>Cuidado del lavado<\/strong><strong><\/strong><\/td><td>encoger\u00e1 de 2% a 5% despu\u00e9s del lavado<\/td><td>Encogimiento inferior a 100%. Algod\u00f3n<\/td><\/tr><tr><td><strong>Durabilidad<\/strong><strong><\/strong><\/td><td>f\u00e1cil de arrugar y deformar, f\u00e1cil de pegar el pelo<\/td><td>F\u00e1cil de ensuciar, deformaci\u00f3n,<\/td><\/tr><tr><td><strong>Aplicaci\u00f3n:<\/strong><strong><\/strong><\/td><td>bolsa de algod\u00f3n con cord\u00f3n de tama\u00f1o peque\u00f1o, bolsa para productos agr\u00edcolas, bolsa para envasado de alimentos, bolsas de algod\u00f3n ligeras, etc.<\/td><td>bolso de compras, bolso de la tienda de comestibles, ba resistente, bolso de la lona, bolso de deportes, bolso diario, etc.<\/td><\/tr><\/tbody><\/table><\/figure>","protected":false},"excerpt":{"rendered":"<p><strong>12oz navy blue canvas | Dual-color silk screen logo | Red handles | 15cm extended handles | Large capacity | No side bottom | 30X39X10CM<\/strong><\/p>","protected":false},"featured_media":10049,"comment_status":"open","ping_status":"closed","template":"","meta":{"_seopress_robots_primary_cat":"none","_seopress_titles_title":"Premium 16oz Canvas Tote Bag with Color Stitching and Extended Handles - Customizable for Businesses","_seopress_titles_desc":"High-quality 16oz canvas tote with color stitching, extended handles, and large capacity.","_seopress_robots_index":""},"product_brand":[185],"product_cat":[188,29],"product_tag":[122],"class_list":{"0":"post-10048","1":"product","2":"type-product","3":"status-publish","4":"has-post-thumbnail","6":"product_brand-avecobaggie","7":"product_cat-custom-canvas-bag","8":"product_cat-tote-bag","9":"product_tag-canvas-bag","11":"first","12":"instock","13":"taxable","14":"shipping-taxable","15":"product-type-simple"},"_links":{"self":[{"href":"https:\/\/avecobaggie.com\/es\/wp-json\/wp\/v2\/product\/10048","targetHints":{"allow":["GET"]}}],"collection":[{"href":"https:\/\/avecobaggie.com\/es\/wp-json\/wp\/v2\/product"}],"about":[{"href":"https:\/\/avecobaggie.com\/es\/wp-json\/wp\/v2\/types\/product"}],"replies":[{"embeddable":true,"href":"https:\/\/avecobaggie.com\/es\/wp-json\/wp\/v2\/comments?post=10048"}],"wp:featuredmedia":[{"embeddable":true,"href":"https:\/\/avecobaggie.com\/es\/wp-json\/wp\/v2\/media\/10049"}],"wp:attachment":[{"href":"https:\/\/avecobaggie.com\/es\/wp-json\/wp\/v2\/media?parent=10048"}],"wp:term":[{"taxonomy":"product_brand","embeddable":true,"href":"https:\/\/avecobaggie.com\/es\/wp-json\/wp\/v2\/product_brand?post=10048"},{"taxonomy":"product_cat","embeddable":true,"href":"https:\/\/avecobaggie.com\/es\/wp-json\/wp\/v2\/product_cat?post=10048"},{"taxonomy":"product_tag","embeddable":true,"href":"https:\/\/avecobaggie.com\/es\/wp-json\/wp\/v2\/product_tag?post=10048"}],"curies":[{"name":"wp","href":"https:\/\/api.w.org\/{rel}","templated":true}]}}