{"id":10078,"date":"2025-04-30T11:15:05","date_gmt":"2025-04-30T03:15:05","guid":{"rendered":"https:\/\/avecobaggie.com\/?post_type=product&#038;p=10078"},"modified":"2025-05-12T17:48:51","modified_gmt":"2025-05-12T09:48:51","slug":"16oz-big-black-canvas-tote-bag-shopper-with-zipper-pocket","status":"publish","type":"product","link":"https:\/\/avecobaggie.com\/es\/producto\/16oz-big-black-canvas-tote-bag-shopper-with-zipper-pocket\/","title":{"rendered":"Bolsa grande de lona negra de 16 oz Shopper con cremallera y bolsillo"},"content":{"rendered":"<p><strong>Descripci\u00f3n de la p\u00e1gina del producto<\/strong>: <strong>Fashionable 16oz Canvas Tote Bag<\/strong> designed to offer both style and practicality, perfect for businesses, wholesalers, and custom buyers. Available in four color combinations and featuring trendy design elements. Key features include:<\/p>\n\n\n\n<ul class=\"wp-block-list\">\n<li><strong>Durable 16oz canvas material<\/strong>, providing strength and long-lasting performance for everyday use.<\/li>\n\n\n\n<li><strong>Four stylish color combinations<\/strong> to choose from: white handles with black bag, white handles with white bag, black handles with white bag, or black handles with black bag.<\/li>\n\n\n\n<li><strong>INS-style minimalist look<\/strong>, with a sleek, modern design that is perfect for the fashion-forward market.<\/li>\n\n\n\n<li><strong>Single-color printing on handles<\/strong>, adding subtle branding or design details to the tote.<\/li>\n\n\n\n<li><strong>Double-layer stitching<\/strong> for added durability and premium feel, ensuring that the bag holds up under heavy use.<\/li>\n\n\n\n<li><strong>Outer pocket feature<\/strong>, created by the half-stitching on the outer layer, offering extra storage for small items.<\/li>\n\n\n\n<li><strong>Gran capacidad<\/strong> with dimensions of 24X24X11CM, ideal for carrying daily essentials, promotional gifts, or business materials.<\/li>\n\n\n\n<li><strong>Bottom and side structure<\/strong> to ensure stability, making it perfect for carrying heavier items without losing its shape.<\/li>\n<\/ul>\n\n\n\n<p>This tote bag is designed with fashion and functionality in mind. Its simple yet chic design makes it the perfect choice for businesses looking for a trendy, customizable product for retail or promotional purposes.<\/p>\n\n\n\n<p><strong>Opciones de personalizaci\u00f3n<\/strong>: If these color combinations don\u2019t suit your needs, we offer full customization options. Choose from different colors, handle designs, logos, and sizes to create the perfect eco-friendly bag for your brand.<\/p>\n\n\n\n<p><strong>Resumen<\/strong>: Whether you&#8217;re looking for this specific trendy design or need a completely different look, we can customize your tote bags to match your brand\u2019s identity. Contact us today to start designing your personalized eco-friendly bags!<\/p>\n\n\n\n<p class=\"has-text-align-center\"><a href=\"https:\/\/avecobaggie.com\/es\/whats-the-difference-between-cotton-bag-or-canvas-bag\/\">Algod\u00f3n frente a lona<\/a><\/p>\n\n\n\n<figure class=\"wp-block-table\"><table class=\"has-fixed-layout\"><tbody><tr><td><\/td><td><strong>Algod\u00f3n<\/strong><strong><\/strong><\/td><td><strong>Lienzo<\/strong><strong><\/strong><\/td><\/tr><tr><td><strong>Material<\/strong><strong><\/strong><\/td><td>normalmente 100% algod\u00f3n<\/td><td>normalmente 35%algod\u00f3n o c\u00e1\u00f1amo,65%poli\u00e9ster (tambi\u00e9n puede ser 100%algod\u00f3n)<\/td><\/tr><tr><td><strong>Hilo de tejer<\/strong><strong><\/strong><\/td><td>un hilo de urdimbre y trama<\/td><td>M\u00e1s de 2 hilos de urdimbre y trama, parece m\u00e1s grueso<\/td><\/tr><tr><td><strong>M\u00e9todo de tejido<\/strong><strong><\/strong><\/td><td>Tejido liso o de sarga<\/td><td>Tejido mayoritariamente liso<\/td><\/tr><tr><td><strong>Textura del tejido<\/strong><strong><\/strong><\/td><td>peque\u00f1as manchas en la superficie que en realidad son las semillas naturales<\/td><td>Sin manchas, m\u00e1s \u00e1spero que el algod\u00f3n<\/td><\/tr><tr><td><strong>Peso:<\/strong><strong><\/strong><\/td><td>se puede encerar para que sea impermeable, se puede semiblanquear o blanquear por completo<\/td><td>sobre 8oz, para el mismo grueso, la lona es m\u00e1s barata, tambi\u00e9n puede cargar m\u00e1s peso<\/td><\/tr><tr><td>Desde las finas 4 oz hasta las gruesas 16 oz, ligeras, mejor elegir algod\u00f3n<\/td><td>M\u00e1s sostenible y 100% biodegradable<\/td><td>sostenible, pero no totalmente biodegradable<\/td><\/tr><tr><td><strong>Impermeable<\/strong><strong><\/strong><\/td><td>No es impermeable si no est\u00e1 laminado, puede ser semiblanqueado o blanqueado.<\/td><td>Por encima de 8 oz, para el mismo espesor, la lona es m\u00e1s barato, tambi\u00e9n puede cargar m\u00e1s peso<\/td><\/tr><tr><td><strong>Transpirabilidad<\/strong><strong><\/strong><\/td><td>Suave y muy transpirable<\/td><td>gruesa y menos ventilada, Adecuada para bolsas estereotipadas<\/td><\/tr><tr><td><strong>Imprimibilidad<\/strong><strong><\/strong><\/td><td>para la impresi\u00f3n por transferencia t\u00e9rmica no es tan bueno como el lienzo<\/td><td>Casi compatible con todos los m\u00e9todos de impresi\u00f3n, el dise\u00f1o se mostrar\u00e1 de maravilla<\/td><\/tr><tr><td><strong>Cuidado del lavado<\/strong><strong><\/strong><\/td><td>encoger\u00e1 de 2% a 5% despu\u00e9s del lavado<\/td><td>Encogimiento inferior a 100%. Algod\u00f3n<\/td><\/tr><tr><td><strong>Durabilidad<\/strong><strong><\/strong><\/td><td>f\u00e1cil de arrugar y deformar, f\u00e1cil de pegar el pelo<\/td><td>F\u00e1cil de ensuciar, deformaci\u00f3n,<\/td><\/tr><tr><td><strong>Aplicaci\u00f3n:<\/strong><strong><\/strong><\/td><td>bolsa de algod\u00f3n con cord\u00f3n de tama\u00f1o peque\u00f1o, bolsa para productos agr\u00edcolas, bolsa para envasado de alimentos, bolsas de algod\u00f3n ligeras, etc.<\/td><td>bolso de compras, bolso de la tienda de comestibles, ba resistente, bolso de la lona, bolso de deportes, bolso diario, etc.<\/td><\/tr><\/tbody><\/table><\/figure>","protected":false},"excerpt":{"rendered":"<p><strong>\u00a0INS-style design | Double-layer stitching | Outer pocket\u00a0<\/strong><\/p>","protected":false},"featured_media":10079,"comment_status":"open","ping_status":"closed","template":"","meta":{"_seopress_robots_primary_cat":"none","_seopress_titles_title":"Big Black Tote Bag Shopper with Pockets - Custom in Bulk","_seopress_titles_desc":"High-quality 16oz canvas tote with color stitching, extended handles, and large capacity.Custom any color and Size","_seopress_robots_index":""},"product_brand":[185],"product_cat":[188,29],"product_tag":[122],"class_list":{"0":"post-10078","1":"product","2":"type-product","3":"status-publish","4":"has-post-thumbnail","6":"product_brand-avecobaggie","7":"product_cat-custom-canvas-bag","8":"product_cat-tote-bag","9":"product_tag-canvas-bag","11":"first","12":"instock","13":"taxable","14":"shipping-taxable","15":"product-type-simple"},"_links":{"self":[{"href":"https:\/\/avecobaggie.com\/es\/wp-json\/wp\/v2\/product\/10078","targetHints":{"allow":["GET"]}}],"collection":[{"href":"https:\/\/avecobaggie.com\/es\/wp-json\/wp\/v2\/product"}],"about":[{"href":"https:\/\/avecobaggie.com\/es\/wp-json\/wp\/v2\/types\/product"}],"replies":[{"embeddable":true,"href":"https:\/\/avecobaggie.com\/es\/wp-json\/wp\/v2\/comments?post=10078"}],"wp:featuredmedia":[{"embeddable":true,"href":"https:\/\/avecobaggie.com\/es\/wp-json\/wp\/v2\/media\/10079"}],"wp:attachment":[{"href":"https:\/\/avecobaggie.com\/es\/wp-json\/wp\/v2\/media?parent=10078"}],"wp:term":[{"taxonomy":"product_brand","embeddable":true,"href":"https:\/\/avecobaggie.com\/es\/wp-json\/wp\/v2\/product_brand?post=10078"},{"taxonomy":"product_cat","embeddable":true,"href":"https:\/\/avecobaggie.com\/es\/wp-json\/wp\/v2\/product_cat?post=10078"},{"taxonomy":"product_tag","embeddable":true,"href":"https:\/\/avecobaggie.com\/es\/wp-json\/wp\/v2\/product_tag?post=10078"}],"curies":[{"name":"wp","href":"https:\/\/api.w.org\/{rel}","templated":true}]}}