{"id":10088,"date":"2025-04-30T15:01:20","date_gmt":"2025-04-30T07:01:20","guid":{"rendered":"https:\/\/avecobaggie.com\/?post_type=product&#038;p=10088"},"modified":"2025-05-12T18:13:34","modified_gmt":"2025-05-12T10:13:34","slug":"compact-12oz-mini-canvas-tote-bag-cute","status":"publish","type":"product","link":"https:\/\/avecobaggie.com\/es\/producto\/compact-12oz-mini-canvas-tote-bag-cute\/","title":{"rendered":"Mini bolsa de lona compacta 12oz Cute"},"content":{"rendered":"<p><strong> Descripci\u00f3n<\/strong>: <strong>Compact 12oz Canvas Tote Bag<\/strong>, designed for those who value style and practicality, ideal for students, office workers, and everyday use. Key features include:<\/p>\n\n\n\n<ul class=\"wp-block-list\">\n<li><strong>Duradero material de lona natural de 12 onzas<\/strong>, offering a lightweight yet strong option for carrying daily essentials.<\/li>\n\n\n\n<li><strong>Vibrant cartoon digital print<\/strong>, adding a playful and trendy design that appeals to younger audiences and makes a great conversation starter.<\/li>\n\n\n\n<li><strong>Magnetic closure<\/strong> at the top of the bag, keeping your items secure while allowing easy access.<\/li>\n\n\n\n<li><strong>3.5cm brown woven handles<\/strong>, providing a comfortable and sturdy grip, perfect for both hand-carry and shoulder-carry.<\/li>\n\n\n\n<li><strong>No side structure<\/strong> but with a <strong>bottom design<\/strong>, allowing the bag to stand upright and hold its shape even when carrying items.<\/li>\n\n\n\n<li><strong>Compact dimensions of 22x27x10CM<\/strong>, making it the perfect size for books, lunch, and small daily essentials.<\/li>\n<\/ul>\n\n\n\n<p>This versatile, compact tote bag is a great accessory for students, office workers, or anyone looking for a stylish and eco-friendly solution for everyday use. Its functional design and fun cartoon print make it the ideal go-to bag for daily activities.<\/p>\n\n\n\n<p><strong>Opciones de personalizaci\u00f3n<\/strong>: If this design doesn\u2019t meet your needs, we offer full customization options. You can choose different prints, colors, sizes, and handle designs to create a bag that perfectly represents your brand or personal style.<\/p>\n\n\n\n<p><strong>Resumen<\/strong>: Whether you prefer this specific compact canvas tote or need a different design, we are ready to customize it to fit your requirements. Contact us today to start designing your personalized eco-friendly bags!<\/p>\n\n\n\n<p class=\"has-text-align-center\"><a href=\"https:\/\/avecobaggie.com\/es\/whats-the-difference-between-cotton-bag-or-canvas-bag\/\">Algod\u00f3n frente a lona<\/a><\/p>\n\n\n\n<figure class=\"wp-block-table\"><table class=\"has-fixed-layout\"><tbody><tr><td><\/td><td><strong>Algod\u00f3n<\/strong><strong><\/strong><\/td><td><strong>Lienzo<\/strong><strong><\/strong><\/td><\/tr><tr><td><strong>Material<\/strong><strong><\/strong><\/td><td>normalmente 100% algod\u00f3n<\/td><td>normalmente 35%algod\u00f3n o c\u00e1\u00f1amo,65%poli\u00e9ster (tambi\u00e9n puede ser 100%algod\u00f3n)<\/td><\/tr><tr><td><strong>Hilo de tejer<\/strong><strong><\/strong><\/td><td>un hilo de urdimbre y trama<\/td><td>M\u00e1s de 2 hilos de urdimbre y trama, parece m\u00e1s grueso<\/td><\/tr><tr><td><strong>M\u00e9todo de tejido<\/strong><strong><\/strong><\/td><td>Tejido liso o de sarga<\/td><td>Tejido mayoritariamente liso<\/td><\/tr><tr><td><strong>Textura del tejido<\/strong><strong><\/strong><\/td><td>peque\u00f1as manchas en la superficie que en realidad son las semillas naturales<\/td><td>Sin manchas, m\u00e1s \u00e1spero que el algod\u00f3n<\/td><\/tr><tr><td><strong>Peso:<\/strong><strong><\/strong><\/td><td>se puede encerar para que sea impermeable, se puede semiblanquear o blanquear por completo<\/td><td>sobre 8oz, para el mismo grueso, la lona es m\u00e1s barata, tambi\u00e9n puede cargar m\u00e1s peso<\/td><\/tr><tr><td>Desde las finas 4 oz hasta las gruesas 16 oz, ligeras, mejor elegir algod\u00f3n<\/td><td>M\u00e1s sostenible y 100% biodegradable<\/td><td>sostenible, pero no totalmente biodegradable<\/td><\/tr><tr><td><strong>Impermeable<\/strong><strong><\/strong><\/td><td>No es impermeable si no est\u00e1 laminado, puede ser semiblanqueado o blanqueado.<\/td><td>Por encima de 8 oz, para el mismo espesor, la lona es m\u00e1s barato, tambi\u00e9n puede cargar m\u00e1s peso<\/td><\/tr><tr><td><strong>Transpirabilidad<\/strong><strong><\/strong><\/td><td>Suave y muy transpirable<\/td><td>gruesa y menos ventilada, Adecuada para bolsas estereotipadas<\/td><\/tr><tr><td><strong>Imprimibilidad<\/strong><strong><\/strong><\/td><td>para la impresi\u00f3n por transferencia t\u00e9rmica no es tan bueno como el lienzo<\/td><td>Casi compatible con todos los m\u00e9todos de impresi\u00f3n, el dise\u00f1o se mostrar\u00e1 de maravilla<\/td><\/tr><tr><td><strong>Cuidado del lavado<\/strong><strong><\/strong><\/td><td>encoger\u00e1 de 2% a 5% despu\u00e9s del lavado<\/td><td>Encogimiento inferior a 100%. Algod\u00f3n<\/td><\/tr><tr><td><strong>Durabilidad<\/strong><strong><\/strong><\/td><td>f\u00e1cil de arrugar y deformar, f\u00e1cil de pegar el pelo<\/td><td>F\u00e1cil de ensuciar, deformaci\u00f3n,<\/td><\/tr><tr><td><strong>Aplicaci\u00f3n:<\/strong><strong><\/strong><\/td><td>bolsa de algod\u00f3n con cord\u00f3n de tama\u00f1o peque\u00f1o, bolsa para productos agr\u00edcolas, bolsa para envasado de alimentos, bolsas de algod\u00f3n ligeras, etc.<\/td><td>bolso de compras, bolso de la tienda de comestibles, ba resistente, bolso de la lona, bolso de deportes, bolso diario, etc.<\/td><\/tr><\/tbody><\/table><\/figure>\n\n\n\n<p><\/p>","protected":false},"excerpt":{"rendered":"<p><strong>12oz natural canvas | digital print | Magnetic closure | Mini Style\u00a0<\/strong><\/p>","protected":false},"featured_media":10093,"comment_status":"open","ping_status":"closed","template":"","meta":{"_seopress_robots_primary_cat":"none","_seopress_titles_title":"Compact 12oz Mini Canvas Tote Bag Cute - Custom On Request","_seopress_titles_desc":"Stylish 12oz canvas tote with cartoon design, magnetic closure, and brown woven handles. Perfect for students and daily use.","_seopress_robots_index":""},"product_brand":[185],"product_cat":[188,29],"product_tag":[122],"class_list":{"0":"post-10088","1":"product","2":"type-product","3":"status-publish","4":"has-post-thumbnail","6":"product_brand-avecobaggie","7":"product_cat-custom-canvas-bag","8":"product_cat-tote-bag","9":"product_tag-canvas-bag","11":"first","12":"instock","13":"taxable","14":"shipping-taxable","15":"product-type-simple"},"_links":{"self":[{"href":"https:\/\/avecobaggie.com\/es\/wp-json\/wp\/v2\/product\/10088","targetHints":{"allow":["GET"]}}],"collection":[{"href":"https:\/\/avecobaggie.com\/es\/wp-json\/wp\/v2\/product"}],"about":[{"href":"https:\/\/avecobaggie.com\/es\/wp-json\/wp\/v2\/types\/product"}],"replies":[{"embeddable":true,"href":"https:\/\/avecobaggie.com\/es\/wp-json\/wp\/v2\/comments?post=10088"}],"wp:featuredmedia":[{"embeddable":true,"href":"https:\/\/avecobaggie.com\/es\/wp-json\/wp\/v2\/media\/10093"}],"wp:attachment":[{"href":"https:\/\/avecobaggie.com\/es\/wp-json\/wp\/v2\/media?parent=10088"}],"wp:term":[{"taxonomy":"product_brand","embeddable":true,"href":"https:\/\/avecobaggie.com\/es\/wp-json\/wp\/v2\/product_brand?post=10088"},{"taxonomy":"product_cat","embeddable":true,"href":"https:\/\/avecobaggie.com\/es\/wp-json\/wp\/v2\/product_cat?post=10088"},{"taxonomy":"product_tag","embeddable":true,"href":"https:\/\/avecobaggie.com\/es\/wp-json\/wp\/v2\/product_tag?post=10088"}],"curies":[{"name":"wp","href":"https:\/\/api.w.org\/{rel}","templated":true}]}}