{"id":10117,"date":"2025-04-30T16:29:23","date_gmt":"2025-04-30T08:29:23","guid":{"rendered":"https:\/\/avecobaggie.com\/?post_type=product&#038;p=10117"},"modified":"2025-05-12T16:59:13","modified_gmt":"2025-05-12T08:59:13","slug":"foldable-12oz-canvas-shopping-bag-with-adjustable-tie","status":"publish","type":"product","link":"https:\/\/avecobaggie.com\/es\/producto\/foldable-12oz-canvas-shopping-bag-with-adjustable-tie\/","title":{"rendered":"Foldable 12oz Canvas Shopping Bag with Adjustable Tie"},"content":{"rendered":"<p><strong>Foldable 12oz Canvas Tote Bag<\/strong> offers a combination of simplicity, practicality, and versatility, perfect for businesses and custom buyers targeting customers who appreciate minimalist design. Key features include:<\/p>\n\n\n\n<ul class=\"wp-block-list\">\n<li><strong>Duradero material de lona natural de 12 onzas<\/strong>, providing a robust and eco-friendly option for carrying daily essentials.<\/li>\n\n\n\n<li><strong>Minimalist, no-print design<\/strong>, emphasizing simplicity and functionality\u2014ideal for those who prefer a clean and modern look.<\/li>\n\n\n\n<li><strong>Foldable structure<\/strong> for easy storage, making it perfect for on-the-go use and traveling.<\/li>\n\n\n\n<li><strong>Adjustable canvas tie closure<\/strong> for tightening and securing the bag, allowing for flexible storage sizes and preventing items from spilling.<\/li>\n\n\n\n<li><strong>Gran capacidad<\/strong> with dimensions of 35x40x5CM, offering plenty of space for groceries, work essentials, or personal belongings.<\/li>\n\n\n\n<li><strong>No side structure but with a bottom<\/strong> to maintain stability and support, ensuring the bag can carry heavier items while keeping its shape.<\/li>\n<\/ul>\n\n\n\n<p>This tote bag is a stylish, practical solution for daily commuting, shopping, or as a promotional gift for eco-conscious consumers. Its simple and foldable design makes it a perfect fit for retail or giveaway use.<\/p>\n\n\n\n<p><strong>Opciones de personalizaci\u00f3n<\/strong>: Looking for a different color, handle style, or custom branding? We offer full customization options to create a personalized bag that aligns with your brand\u2019s needs.<\/p>\n\n\n\n<p><strong>Resumen<\/strong>:<br>If this foldable, minimalist tote doesn&#8217;t meet your exact requirements, we can help you design a completely tailored version. Contact us to start customizing your ideal eco-friendly bags today!<\/p>\n\n\n\n<p class=\"has-text-align-center\"><a href=\"https:\/\/avecobaggie.com\/es\/whats-the-difference-between-cotton-bag-or-canvas-bag\/\">Algod\u00f3n frente a lona<\/a><\/p>\n\n\n\n<figure class=\"wp-block-table\"><table class=\"has-fixed-layout\"><tbody><tr><td><\/td><td><strong>Algod\u00f3n<\/strong><strong><\/strong><\/td><td><strong>Lienzo<\/strong><strong><\/strong><\/td><\/tr><tr><td><strong>Material<\/strong><strong><\/strong><\/td><td>normalmente 100% algod\u00f3n<\/td><td>normalmente 35%algod\u00f3n o c\u00e1\u00f1amo,65%poli\u00e9ster (tambi\u00e9n puede ser 100%algod\u00f3n)<\/td><\/tr><tr><td><strong>Hilo de tejer<\/strong><strong><\/strong><\/td><td>un hilo de urdimbre y trama<\/td><td>M\u00e1s de 2 hilos de urdimbre y trama, parece m\u00e1s grueso<\/td><\/tr><tr><td><strong>M\u00e9todo de tejido<\/strong><strong><\/strong><\/td><td>Tejido liso o de sarga<\/td><td>Tejido mayoritariamente liso<\/td><\/tr><tr><td><strong>Textura del tejido<\/strong><strong><\/strong><\/td><td>peque\u00f1as manchas en la superficie que en realidad son las semillas naturales<\/td><td>Sin manchas, m\u00e1s \u00e1spero que el algod\u00f3n<\/td><\/tr><tr><td><strong>Peso:<\/strong><strong><\/strong><\/td><td>se puede encerar para que sea impermeable, se puede semiblanquear o blanquear por completo<\/td><td>sobre 8oz, para el mismo grueso, la lona es m\u00e1s barata, tambi\u00e9n puede cargar m\u00e1s peso<\/td><\/tr><tr><td>Desde las finas 4 oz hasta las gruesas 16 oz, ligeras, mejor elegir algod\u00f3n<\/td><td>M\u00e1s sostenible y 100% biodegradable<\/td><td>sostenible, pero no totalmente biodegradable<\/td><\/tr><tr><td><strong>Impermeable<\/strong><strong><\/strong><\/td><td>No es impermeable si no est\u00e1 laminado, puede ser semiblanqueado o blanqueado.<\/td><td>Por encima de 8 oz, para el mismo espesor, la lona es m\u00e1s barato, tambi\u00e9n puede cargar m\u00e1s peso<\/td><\/tr><tr><td><strong>Transpirabilidad<\/strong><strong><\/strong><\/td><td>Suave y muy transpirable<\/td><td>gruesa y menos ventilada, Adecuada para bolsas estereotipadas<\/td><\/tr><tr><td><strong>Imprimibilidad<\/strong><strong><\/strong><\/td><td>para la impresi\u00f3n por transferencia t\u00e9rmica no es tan bueno como el lienzo<\/td><td>Casi compatible con todos los m\u00e9todos de impresi\u00f3n, el dise\u00f1o se mostrar\u00e1 de maravilla<\/td><\/tr><tr><td><strong>Cuidado del lavado<\/strong><strong><\/strong><\/td><td>encoger\u00e1 de 2% a 5% despu\u00e9s del lavado<\/td><td>Encogimiento inferior a 100%. Algod\u00f3n<\/td><\/tr><tr><td><strong>Durabilidad<\/strong><strong><\/strong><\/td><td>f\u00e1cil de arrugar y deformar, f\u00e1cil de pegar el pelo<\/td><td>F\u00e1cil de ensuciar, deformaci\u00f3n,<\/td><\/tr><tr><td><strong>Aplicaci\u00f3n:<\/strong><strong><\/strong><\/td><td>bolsa de algod\u00f3n con cord\u00f3n de tama\u00f1o peque\u00f1o, bolsa para productos agr\u00edcolas, bolsa para envasado de alimentos, bolsas de algod\u00f3n ligeras, etc.<\/td><td>bolso de compras, bolso de la tienda de comestibles, ba resistente, bolso de la lona, bolso de deportes, bolso diario, etc.<\/td><\/tr><\/tbody><\/table><\/figure>","protected":false},"excerpt":{"rendered":"<p><strong>Simple design | Foldable with tie closure | Large capacity\u00a0<\/strong><\/p>","protected":false},"featured_media":8719,"comment_status":"open","ping_status":"closed","template":"","meta":{"_seopress_robots_primary_cat":"none","_seopress_titles_title":"Custom Foldable 12oz Canvas Tote Bag - Simple Tie Design","_seopress_titles_desc":"Minimalist 12oz canvas tote, foldable with adjustable tie, perfect for daily commuting and shopping.","_seopress_robots_index":""},"product_brand":[185],"product_cat":[188,29],"product_tag":[122],"class_list":{"0":"post-10117","1":"product","2":"type-product","3":"status-publish","4":"has-post-thumbnail","6":"product_brand-avecobaggie","7":"product_cat-custom-canvas-bag","8":"product_cat-tote-bag","9":"product_tag-canvas-bag","11":"first","12":"instock","13":"taxable","14":"shipping-taxable","15":"product-type-simple"},"_links":{"self":[{"href":"https:\/\/avecobaggie.com\/es\/wp-json\/wp\/v2\/product\/10117","targetHints":{"allow":["GET"]}}],"collection":[{"href":"https:\/\/avecobaggie.com\/es\/wp-json\/wp\/v2\/product"}],"about":[{"href":"https:\/\/avecobaggie.com\/es\/wp-json\/wp\/v2\/types\/product"}],"replies":[{"embeddable":true,"href":"https:\/\/avecobaggie.com\/es\/wp-json\/wp\/v2\/comments?post=10117"}],"wp:featuredmedia":[{"embeddable":true,"href":"https:\/\/avecobaggie.com\/es\/wp-json\/wp\/v2\/media\/8719"}],"wp:attachment":[{"href":"https:\/\/avecobaggie.com\/es\/wp-json\/wp\/v2\/media?parent=10117"}],"wp:term":[{"taxonomy":"product_brand","embeddable":true,"href":"https:\/\/avecobaggie.com\/es\/wp-json\/wp\/v2\/product_brand?post=10117"},{"taxonomy":"product_cat","embeddable":true,"href":"https:\/\/avecobaggie.com\/es\/wp-json\/wp\/v2\/product_cat?post=10117"},{"taxonomy":"product_tag","embeddable":true,"href":"https:\/\/avecobaggie.com\/es\/wp-json\/wp\/v2\/product_tag?post=10117"}],"curies":[{"name":"wp","href":"https:\/\/api.w.org\/{rel}","templated":true}]}}