{"id":10135,"date":"2025-05-06T13:37:27","date_gmt":"2025-05-06T05:37:27","guid":{"rendered":"https:\/\/avecobaggie.com\/?post_type=product&#038;p=10135"},"modified":"2025-05-12T17:34:04","modified_gmt":"2025-05-12T09:34:04","slug":"custom-12oz-cotton-black-tote-bag-promotional","status":"publish","type":"product","link":"https:\/\/avecobaggie.com\/es\/producto\/custom-12oz-cotton-black-tote-bag-promotional\/","title":{"rendered":"Custom 12oz Algod\u00f3n Negro Tote Bag Promocional"},"content":{"rendered":"<p><strong>Premium Material &amp; Contrast Design<\/strong><br>\u00a0 <strong>12oz Cotton Canvas<\/strong>\u00a0\u2013 Tight 2&#215;1 weave for structured durability (upgradeable to 16oz for heavy loads).<br> \u00a0<strong>Signature Color Scheme<\/strong>:<\/p>\n\n\n\n<ul class=\"wp-block-list\">\n<li><strong>Black Base<\/strong>\u00a0with crisp white logo (screen\/digital\/sublimation print)<\/li>\n\n\n\n<li><strong>Tiffany Green Handles<\/strong>\u00a0(24cm extended) with subtle black logo imprint<\/li>\n<\/ul>\n\n\n\n<p><strong>Functional Sophistication<\/strong><br> \u00a0<strong>Metal Snap Closure<\/strong>\u00a0\u2013 Rust-proof iron alloy clasp secures contents during commutes\/travel.<br> \u00a0<strong>Extended Handle Design<\/strong>\u00a0\u2013 24cm Tiffany green straps allow shoulder-carry comfort + visual branding.<\/p>\n\n\n\n<p><strong>Branding Precision<\/strong><br> \u00a0<strong>Triple Brand Touchpoints<\/strong>:<\/p>\n\n\n\n<ol start=\"1\" class=\"wp-block-list\">\n<li><strong>Front Logo<\/strong>\u00a0\u2013 White print on black canvas (0.3mm edge precision)<\/li>\n\n\n\n<li><strong>Handle Logo<\/strong>\u00a0\u2013 Black screen-printed text on Tiffany green straps<\/li>\n\n\n\n<li><strong>Interior Tag<\/strong>\u00a0\u2013 Optional woven label with care instructions<\/li>\n<\/ol>\n\n\n\n<p><strong>Opciones de personalizaci\u00f3n<\/strong>: Si desea personalizar el dise\u00f1o, los colores o a\u00f1adir un logotipo, le ofrecemos opciones de personalizaci\u00f3n completas. Desde diferentes estampados hasta varios estilos de asas, podemos crear la bolsa perfecta para las necesidades de su marca.<\/p>\n\n\n\n<p><strong>Resumen<\/strong>:<br>Tanto si prefiere este vibrante dise\u00f1o de dibujos animados como si necesita algo m\u00e1s personalizado, podemos ayudarle a crear una bolsa personalizada que refleje la identidad de su marca. P\u00f3ngase en contacto con nosotros hoy mismo para empezar a dise\u00f1ar sus bolsas ecol\u00f3gicas.<\/p>\n\n\n\n<p class=\"has-text-align-center\"><a href=\"https:\/\/avecobaggie.com\/es\/whats-the-difference-between-cotton-bag-or-canvas-bag\/\">Algod\u00f3n frente a lona<\/a><\/p>\n\n\n\n<figure class=\"wp-block-table\"><table class=\"has-fixed-layout\"><tbody><tr><td><\/td><td><strong>Algod\u00f3n<\/strong><strong><\/strong><\/td><td><strong>Lienzo<\/strong><strong><\/strong><\/td><\/tr><tr><td><strong>Material<\/strong><strong><\/strong><\/td><td>normalmente 100% algod\u00f3n<\/td><td>normalmente 35%algod\u00f3n o c\u00e1\u00f1amo,65%poli\u00e9ster (tambi\u00e9n puede ser 100%algod\u00f3n)<\/td><\/tr><tr><td><strong>Hilo de tejer<\/strong><strong><\/strong><\/td><td>un hilo de urdimbre y trama<\/td><td>M\u00e1s de 2 hilos de urdimbre y trama, parece m\u00e1s grueso<\/td><\/tr><tr><td><strong>M\u00e9todo de tejido<\/strong><strong><\/strong><\/td><td>Tejido liso o de sarga<\/td><td>Tejido mayoritariamente liso<\/td><\/tr><tr><td><strong>Textura del tejido<\/strong><strong><\/strong><\/td><td>peque\u00f1as manchas en la superficie que en realidad son las semillas naturales<\/td><td>Sin manchas, m\u00e1s \u00e1spero que el algod\u00f3n<\/td><\/tr><tr><td><strong>Peso:<\/strong><strong><\/strong><\/td><td>se puede encerar para que sea impermeable, se puede semiblanquear o blanquear por completo<\/td><td>sobre 8oz, para el mismo grueso, la lona es m\u00e1s barata, tambi\u00e9n puede cargar m\u00e1s peso<\/td><\/tr><tr><td>Desde las finas 4 oz hasta las gruesas 16 oz, ligeras, mejor elegir algod\u00f3n<\/td><td>M\u00e1s sostenible y 100% biodegradable<\/td><td>sostenible, pero no totalmente biodegradable<\/td><\/tr><tr><td><strong>Impermeable<\/strong><strong><\/strong><\/td><td>No es impermeable si no est\u00e1 laminado, puede ser semiblanqueado o blanqueado.<\/td><td>Por encima de 8 oz, para el mismo espesor, la lona es m\u00e1s barato, tambi\u00e9n puede cargar m\u00e1s peso<\/td><\/tr><tr><td><strong>Transpirabilidad<\/strong><strong><\/strong><\/td><td>Suave y muy transpirable<\/td><td>gruesa y menos ventilada, Adecuada para bolsas estereotipadas<\/td><\/tr><tr><td><strong>Imprimibilidad<\/strong><strong><\/strong><\/td><td>para la impresi\u00f3n por transferencia t\u00e9rmica no es tan bueno como el lienzo<\/td><td>Casi compatible con todos los m\u00e9todos de impresi\u00f3n, el dise\u00f1o se mostrar\u00e1 de maravilla<\/td><\/tr><tr><td><strong>Cuidado del lavado<\/strong><strong><\/strong><\/td><td>encoger\u00e1 de 2% a 5% despu\u00e9s del lavado<\/td><td>Encogimiento inferior a 100%. Algod\u00f3n<\/td><\/tr><tr><td><strong>Durabilidad<\/strong><strong><\/strong><\/td><td>f\u00e1cil de arrugar y deformar, f\u00e1cil de pegar el pelo<\/td><td>F\u00e1cil de ensuciar, deformaci\u00f3n,<\/td><\/tr><tr><td><strong>Aplicaci\u00f3n:<\/strong><strong><\/strong><\/td><td>bolsa de algod\u00f3n con cord\u00f3n de tama\u00f1o peque\u00f1o, bolsa para productos agr\u00edcolas, bolsa para envasado de alimentos, bolsas de algod\u00f3n ligeras, etc.<\/td><td>bolso de compras, bolso de la tienda de comestibles, ba resistente, bolso de la lona, bolso de deportes, bolso diario, etc.<\/td><\/tr><\/tbody><\/table><\/figure>","protected":false},"excerpt":{"rendered":"<p><strong>Black Classic | Tiffany Green Accents | 8-16oz Custom<\/strong><\/p>","protected":false},"featured_media":8701,"comment_status":"open","ping_status":"closed","template":"","meta":{"_seopress_robots_primary_cat":"none","_seopress_titles_title":"Black Tote Bag Promotional | Bulk Custom for Work & Travel","_seopress_titles_desc":"Stylish 34x38cm cotton tote with Tiffany green handles and metal snap. Custom prints, 8-16oz fabric. MOQ 500 for corporate, student & outdoor use.","_seopress_robots_index":""},"product_brand":[185],"product_cat":[188,29],"product_tag":[122],"class_list":{"0":"post-10135","1":"product","2":"type-product","3":"status-publish","4":"has-post-thumbnail","6":"product_brand-avecobaggie","7":"product_cat-custom-canvas-bag","8":"product_cat-tote-bag","9":"product_tag-canvas-bag","11":"first","12":"instock","13":"taxable","14":"shipping-taxable","15":"product-type-simple"},"_links":{"self":[{"href":"https:\/\/avecobaggie.com\/es\/wp-json\/wp\/v2\/product\/10135","targetHints":{"allow":["GET"]}}],"collection":[{"href":"https:\/\/avecobaggie.com\/es\/wp-json\/wp\/v2\/product"}],"about":[{"href":"https:\/\/avecobaggie.com\/es\/wp-json\/wp\/v2\/types\/product"}],"replies":[{"embeddable":true,"href":"https:\/\/avecobaggie.com\/es\/wp-json\/wp\/v2\/comments?post=10135"}],"wp:featuredmedia":[{"embeddable":true,"href":"https:\/\/avecobaggie.com\/es\/wp-json\/wp\/v2\/media\/8701"}],"wp:attachment":[{"href":"https:\/\/avecobaggie.com\/es\/wp-json\/wp\/v2\/media?parent=10135"}],"wp:term":[{"taxonomy":"product_brand","embeddable":true,"href":"https:\/\/avecobaggie.com\/es\/wp-json\/wp\/v2\/product_brand?post=10135"},{"taxonomy":"product_cat","embeddable":true,"href":"https:\/\/avecobaggie.com\/es\/wp-json\/wp\/v2\/product_cat?post=10135"},{"taxonomy":"product_tag","embeddable":true,"href":"https:\/\/avecobaggie.com\/es\/wp-json\/wp\/v2\/product_tag?post=10135"}],"curies":[{"name":"wp","href":"https:\/\/api.w.org\/{rel}","templated":true}]}}