{"id":10165,"date":"2025-05-07T15:40:09","date_gmt":"2025-05-07T07:40:09","guid":{"rendered":"https:\/\/avecobaggie.com\/?post_type=product&#038;p=10165"},"modified":"2026-01-08T16:05:14","modified_gmt":"2026-01-08T08:05:14","slug":"luxury-magnetic-closure-tote-bag-pu-leather-logo","status":"publish","type":"product","link":"https:\/\/avecobaggie.com\/es\/producto\/luxury-magnetic-closure-tote-bag-pu-leather-logo\/","title":{"rendered":"Luxury Magnetic Closure Tote Bag | PU Leather Logo"},"content":{"rendered":"<p><strong>Premium Minimalist Design<\/strong><br> \u00a0<strong>16oz Heavy Cotton Canvas<\/strong>\u00a0\u2013 Structured 14&#215;14 weave for boardroom-ready durability (adjustable 8-16oz).<br> \u00a0<strong>Sophisticated Branding<\/strong>\u00a0\u2013 Laser-engraved PU leather logo patch with optional gold\/silver foil stamping.<\/p>\n\n\n\n<p><strong>Functional Elegance<\/strong><br> \u00a0<strong>Magnetic Snap Closure<\/strong>\u00a0\u2013 Silent open\/close mechanism protects documents\/electronics during meetings.<br> \u00a0<strong>Asas ergon\u00f3micas<\/strong>\u00a0\u2013 26cm cotton webbing straps (RAL\/Pantone matched) with anti-slip inner grip.<\/p>\n\n\n\n<p><strong>Customization Mastery<\/strong><br> \u00a0<strong>Color Control<\/strong>:<\/p>\n\n\n\n<ul class=\"wp-block-list\">\n<li>Base fabric: 200+ Pantone options<\/li>\n\n\n\n<li>Webbing straps: Contrast\/matching colors<br> \u00a0<strong>Print Techniques<\/strong>:<\/li>\n\n\n\n<li>Sublimation printing for gradient logos<\/li>\n\n\n\n<li>Debossed texture effects on PU leather<\/li>\n<\/ul>\n\n\n\n<p><strong>Opciones de personalizaci\u00f3n<\/strong>: Si desea personalizar el dise\u00f1o, los colores o a\u00f1adir un logotipo, le ofrecemos opciones de personalizaci\u00f3n completas. Desde diferentes estampados hasta varios estilos de asas, podemos crear la bolsa perfecta para las necesidades de su marca.<\/p>\n\n\n\n<p><strong>Resumen<\/strong>:<br>Tanto si prefiere este vibrante dise\u00f1o de dibujos animados como si necesita algo m\u00e1s personalizado, podemos ayudarle a crear una bolsa personalizada que refleje la identidad de su marca. P\u00f3ngase en contacto con nosotros hoy mismo para empezar a dise\u00f1ar sus bolsas ecol\u00f3gicas.<\/p>\n\n\n\n<p class=\"has-text-align-center\"><a href=\"https:\/\/avecobaggie.com\/es\/whats-the-difference-between-cotton-bag-or-canvas-bag\/\">Algod\u00f3n frente a lona<\/a><\/p>\n\n\n\n<figure class=\"wp-block-table\"><table class=\"has-fixed-layout\"><tbody><tr><td><\/td><td><strong>Algod\u00f3n<\/strong><strong><\/strong><\/td><td><strong>Lienzo<\/strong><strong><\/strong><\/td><\/tr><tr><td><strong>Material<\/strong><strong><\/strong><\/td><td>normalmente 100% algod\u00f3n<\/td><td>normalmente 35%algod\u00f3n o c\u00e1\u00f1amo,65%poli\u00e9ster (tambi\u00e9n puede ser 100%algod\u00f3n)<\/td><\/tr><tr><td><strong>Hilo de tejer<\/strong><strong><\/strong><\/td><td>un hilo de urdimbre y trama<\/td><td>M\u00e1s de 2 hilos de urdimbre y trama, parece m\u00e1s grueso<\/td><\/tr><tr><td><strong>M\u00e9todo de tejido<\/strong><strong><\/strong><\/td><td>Tejido liso o de sarga<\/td><td>Tejido mayoritariamente liso<\/td><\/tr><tr><td><strong>Textura del tejido<\/strong><strong><\/strong><\/td><td>peque\u00f1as manchas en la superficie que en realidad son las semillas naturales<\/td><td>Sin manchas, m\u00e1s \u00e1spero que el algod\u00f3n<\/td><\/tr><tr><td><strong>Peso:<\/strong><strong><\/strong><\/td><td>se puede encerar para que sea impermeable, se puede semiblanquear o blanquear por completo<\/td><td>sobre 8oz, para el mismo grueso, la lona es m\u00e1s barata, tambi\u00e9n puede cargar m\u00e1s peso<\/td><\/tr><tr><td>Desde las finas 4 oz hasta las gruesas 16 oz, ligeras, mejor elegir algod\u00f3n<\/td><td>M\u00e1s sostenible y 100% biodegradable<\/td><td>sostenible, pero no totalmente biodegradable<\/td><\/tr><tr><td><strong>Impermeable<\/strong><strong><\/strong><\/td><td>No es impermeable si no est\u00e1 laminado, puede ser semiblanqueado o blanqueado.<\/td><td>Por encima de 8 oz, para el mismo espesor, la lona es m\u00e1s barato, tambi\u00e9n puede cargar m\u00e1s peso<\/td><\/tr><tr><td><strong>Transpirabilidad<\/strong><strong><\/strong><\/td><td>Suave y muy transpirable<\/td><td>gruesa y menos ventilada, Adecuada para bolsas estereotipadas<\/td><\/tr><tr><td><strong>Imprimibilidad<\/strong><strong><\/strong><\/td><td>para la impresi\u00f3n por transferencia t\u00e9rmica no es tan bueno como el lienzo<\/td><td>Casi compatible con todos los m\u00e9todos de impresi\u00f3n, el dise\u00f1o se mostrar\u00e1 de maravilla<\/td><\/tr><tr><td><strong>Cuidado del lavado<\/strong><strong><\/strong><\/td><td>encoger\u00e1 de 2% a 5% despu\u00e9s del lavado<\/td><td>Encogimiento inferior a 100%. Algod\u00f3n<\/td><\/tr><tr><td><strong>Durabilidad<\/strong><strong><\/strong><\/td><td>f\u00e1cil de arrugar y deformar, f\u00e1cil de pegar el pelo<\/td><td>F\u00e1cil de ensuciar, deformaci\u00f3n,<\/td><\/tr><tr><td><strong>Aplicaci\u00f3n:<\/strong><strong><\/strong><\/td><td>bolsa de algod\u00f3n con cord\u00f3n de tama\u00f1o peque\u00f1o, bolsa para productos agr\u00edcolas, bolsa para envasado de alimentos, bolsas de algod\u00f3n ligeras, etc.<\/td><td>bolso de compras, bolso de la tienda de comestibles, ba resistente, bolso de la lona, bolso de deportes, bolso diario, etc.<\/td><\/tr><\/tbody><\/table><\/figure>","protected":false},"excerpt":{"rendered":"<p><strong>34x26x8cm Business Chic | Magnetic Snap | 8-16oz Fabric\u00a0<\/strong><\/p>","protected":false},"featured_media":10166,"comment_status":"open","ping_status":"closed","template":"","meta":{"_seopress_robots_primary_cat":"none","_seopress_titles_title":"Custom Magnetic Closure Canvas Totes | 34x26x8cm | Premium Branded Bags","_seopress_titles_desc":"Sleek 34x26x8cm canvas tote with magnetic closure & PU leather branding. Custom colors, 8-16oz fabric. MOQ 500 for corporate, retail & luxury gifting.","_seopress_robots_index":""},"product_brand":[185],"product_cat":[188,29],"product_tag":[122],"class_list":{"0":"post-10165","1":"product","2":"type-product","3":"status-publish","4":"has-post-thumbnail","6":"product_brand-avecobaggie","7":"product_cat-custom-canvas-bag","8":"product_cat-tote-bag","9":"product_tag-canvas-bag","11":"first","12":"instock","13":"taxable","14":"shipping-taxable","15":"product-type-simple"},"_links":{"self":[{"href":"https:\/\/avecobaggie.com\/es\/wp-json\/wp\/v2\/product\/10165","targetHints":{"allow":["GET"]}}],"collection":[{"href":"https:\/\/avecobaggie.com\/es\/wp-json\/wp\/v2\/product"}],"about":[{"href":"https:\/\/avecobaggie.com\/es\/wp-json\/wp\/v2\/types\/product"}],"replies":[{"embeddable":true,"href":"https:\/\/avecobaggie.com\/es\/wp-json\/wp\/v2\/comments?post=10165"}],"wp:featuredmedia":[{"embeddable":true,"href":"https:\/\/avecobaggie.com\/es\/wp-json\/wp\/v2\/media\/10166"}],"wp:attachment":[{"href":"https:\/\/avecobaggie.com\/es\/wp-json\/wp\/v2\/media?parent=10165"}],"wp:term":[{"taxonomy":"product_brand","embeddable":true,"href":"https:\/\/avecobaggie.com\/es\/wp-json\/wp\/v2\/product_brand?post=10165"},{"taxonomy":"product_cat","embeddable":true,"href":"https:\/\/avecobaggie.com\/es\/wp-json\/wp\/v2\/product_cat?post=10165"},{"taxonomy":"product_tag","embeddable":true,"href":"https:\/\/avecobaggie.com\/es\/wp-json\/wp\/v2\/product_tag?post=10165"}],"curies":[{"name":"wp","href":"https:\/\/api.w.org\/{rel}","templated":true}]}}