{"id":1024,"date":"2021-02-22T11:06:16","date_gmt":"2021-02-22T03:06:16","guid":{"rendered":"https:\/\/avecobaggie.com\/?post_type=product&#038;p=1024"},"modified":"2021-03-30T11:20:52","modified_gmt":"2021-03-30T03:20:52","slug":"custom-double-drawstring-linen-bagcustom-double-drawstring-cotton-bag","status":"publish","type":"product","link":"https:\/\/avecobaggie.com\/es\/producto\/custom-double-drawstring-linen-bagcustom-double-drawstring-cotton-bag\/","title":{"rendered":"Bolsa de lino con doble cord\u00f3n personalizada"},"content":{"rendered":"<p>Aveco ofrece principalmente bolsas ecol\u00f3gicas personalizadas con un servicio de soluci\u00f3n integral. Tambi\u00e9n tenemos algunas formas b\u00e1sicas de bolsas para un comienzo f\u00e1cil como aparece en el sitio web de\u00a0\u00a0<a href=\"https:\/\/avecobaggie.com\/es\/categoria-producto\/bags-in-stock\/\"> Bolsas en stock <\/a>. la mayor\u00eda de las bolsas en stock est\u00e1n en blanco sin ninguna impresi\u00f3n, por lo que es m\u00e1s f\u00e1cil para usted hacer un logotipo privado o etiqueta para sus clientes sin un m\u00ednimo.<\/p>\n<p><span class=\"Apple-converted-space\">\u00a0 \u00a0 Si quieres personalizar estas bolsas ecol\u00f3gicas, tambi\u00e9n es f\u00e1cil, algunas de las bolsas son incluso con muy bajo <\/span>MOQ para superficies personalizadas. Especialmente algod\u00f3n o bolsa de lona es extremadamente bajo en 100pieces o incluso menos para apoyar a los principiantes, vaya a <a href=\"https:\/\/avecobaggie.com\/es\/custom-solutions\/\"><strong>SOLUCIONES PERSONALIZADAS<\/strong><\/a> para saber m\u00e1s sobre los pasos de las bolsas a medida.<\/p>\n<p>&nbsp;<\/p>\n<p>La diferencia entre el lino y el algod\u00f3n es que el tejido del lino es m\u00e1s suelto, mientras que el del algod\u00f3n es m\u00e1s apretado.<\/p>\n<p><img fetchpriority=\"high\" class=\"size-medium wp-image-2528 aligncenter\" src=\"https:\/\/avecobaggie.com\/wp-content\/uploads\/2021\/02\/cotton-linen-300x193.jpg\" alt=\"\" width=\"300\" height=\"193\" srcset=\"https:\/\/avecobaggie.com\/wp-content\/uploads\/2021\/02\/cotton-linen-300x193.jpg 300w, https:\/\/avecobaggie.com\/wp-content\/uploads\/2021\/02\/cotton-linen.jpg 498w\" sizes=\"(max-width: 300px) 100vw, 300px\" \/><\/p>\n<h3 class=\"p1\"><span style=\"color: #333333;\">\u00a0 \u00a0 Caracter\u00edsticas de la bolsa de lino con doble cord\u00f3n personalizada<\/span><\/h3>\n<ul>\n<li><strong>Estilo Bolsa<\/strong>: Bolsa con cord\u00f3n<\/li>\n<li><strong>Tipo de material<\/strong>: Lino natural<\/li>\n<li><strong>Material Peso<\/strong>: 6oz<\/li>\n<li><strong>Material Color<\/strong>: Beige oscuro, Beige claro<\/li>\n<li><strong>Tama\u00f1o de la bolsa<\/strong>: 4\u2033W x 6\u2033H |6\u2033W x 8\u2033H|10\u2033W x 12\u2033H\uff08 lista con tama\u00f1o popular, aceptamos bolsa de tama\u00f1o personalizado \uff09.<\/li>\n<li><strong>\u00c1rea de impresi\u00f3n<\/strong>: 1 color | 2 colores | m\u00e1s colores| Impresi\u00f3n completa, impresi\u00f3n a una o dos caras<\/li>\n<li><strong>Cierre<\/strong>: Cord\u00f3n<\/li>\n<li><strong>Instrucciones de cuidado<\/strong>: Se recomienda lavar a mano, tambi\u00e9n se puede lavar a m\u00e1quina y secar colgado.<\/li>\n<\/ul>\n<p>&nbsp;<\/p>","protected":false},"excerpt":{"rendered":"<p>Un poco m\u00e1s \u00e1spero que 100% bolsa de algod\u00f3n, pero duradero y m\u00e1s barato para el mismo tama\u00f1o, adecuado para el grano, arroz, frijoles de embalaje, si usted quiere mirar para el aspecto natural, bolsa de lino cord\u00f3n es perfecto<\/p>","protected":false},"featured_media":1643,"comment_status":"open","ping_status":"closed","template":"","meta":{"_seopress_robots_primary_cat":"none","_seopress_titles_title":"%%post_title%% %%sep%%Low MOQ %%sep%%Fast Shipping","_seopress_titles_desc":"Drawstring Linen Bag is a bit rougher than drawstring cotton bag, easy to print logo or pattern.MOQ 100Pieces,Fast Shipment.24 Hours service.","_seopress_robots_index":""},"product_brand":[],"product_cat":[92,103,111],"product_tag":[114,116,115],"class_list":{"0":"post-1024","1":"product","2":"type-product","3":"status-publish","4":"has-post-thumbnail","6":"product_cat-drawstring-bag","7":"product_cat-other-fabric-bag","8":"product_cat-promotional-events","9":"product_tag-cotton-bag","10":"product_tag-eco-friendly","11":"product_tag-promotional-bag","13":"first","14":"instock","15":"taxable","16":"shipping-taxable","17":"product-type-simple"},"_links":{"self":[{"href":"https:\/\/avecobaggie.com\/es\/wp-json\/wp\/v2\/product\/1024","targetHints":{"allow":["GET"]}}],"collection":[{"href":"https:\/\/avecobaggie.com\/es\/wp-json\/wp\/v2\/product"}],"about":[{"href":"https:\/\/avecobaggie.com\/es\/wp-json\/wp\/v2\/types\/product"}],"replies":[{"embeddable":true,"href":"https:\/\/avecobaggie.com\/es\/wp-json\/wp\/v2\/comments?post=1024"}],"wp:featuredmedia":[{"embeddable":true,"href":"https:\/\/avecobaggie.com\/es\/wp-json\/wp\/v2\/media\/1643"}],"wp:attachment":[{"href":"https:\/\/avecobaggie.com\/es\/wp-json\/wp\/v2\/media?parent=1024"}],"wp:term":[{"taxonomy":"product_brand","embeddable":true,"href":"https:\/\/avecobaggie.com\/es\/wp-json\/wp\/v2\/product_brand?post=1024"},{"taxonomy":"product_cat","embeddable":true,"href":"https:\/\/avecobaggie.com\/es\/wp-json\/wp\/v2\/product_cat?post=1024"},{"taxonomy":"product_tag","embeddable":true,"href":"https:\/\/avecobaggie.com\/es\/wp-json\/wp\/v2\/product_tag?post=1024"}],"curies":[{"name":"wp","href":"https:\/\/api.w.org\/{rel}","templated":true}]}}