{"id":10338,"date":"2025-05-13T16:19:48","date_gmt":"2025-05-13T08:19:48","guid":{"rendered":"https:\/\/avecobaggie.com\/?post_type=product&#038;p=10338"},"modified":"2025-05-15T16:40:36","modified_gmt":"2025-05-15T08:40:36","slug":"cartoon-printed-potato-sack-race-bags-for-kids","status":"publish","type":"product","link":"https:\/\/avecobaggie.com\/es\/producto\/cartoon-printed-potato-sack-race-bags-for-kids\/","title":{"rendered":"Saco de patatas con estampado de dibujos animados Bolsas de carreras para ni\u00f1os"},"content":{"rendered":"<p><strong>Commercial-Grade Play Durability<\/strong><\/p>\n\n\n\n<ul class=\"wp-block-list\">\n<li><strong>16oz high-density canvas<\/strong>&nbsp;resists abrasion from frequent jumps and outdoor use.<\/li>\n\n\n\n<li><strong>Costuras de triple pespunte<\/strong>&nbsp;prevent bursting during high-energy activities.<\/li>\n<\/ul>\n\n\n\n<p><strong>Child-Safe Design Features<\/strong><\/p>\n\n\n\n<ul class=\"wp-block-list\">\n<li><strong>4 Progressive Sizes<\/strong>:<br> &nbsp;<strong>Small (\u00d850x50cm)<\/strong>: Ages 3-5<br> &nbsp;<strong>Medium (\u00d850x70cm)<\/strong>: Ages 5-7<br> &nbsp;<strong>Large (\u00d870x100cm)<\/strong>: Group activities<br> &nbsp;<strong>X-Large (Customizable)<\/strong>: Special events<\/li>\n\n\n\n<li><strong>Short reinforced nylon handles<\/strong>&nbsp;allow secure grip for small hands.<\/li>\n\n\n\n<li><strong>Rounded base design<\/strong>&nbsp;prevents tripping hazards during jumps.<\/li>\n<\/ul>\n\n\n\n<p><strong>Custom Branding for Bulk Buyers<\/strong><\/p>\n\n\n\n<ul class=\"wp-block-list\">\n<li><strong>Vibrant cartoon prints<\/strong>&nbsp;(customizable designs) appeal to children\u2019s themes.<\/li>\n\n\n\n<li><strong>Add school logos\/educational graphics<\/strong>&nbsp;for institutional branding.<\/li>\n<\/ul>\n\n\n\n<p><strong>Application Scenarios<\/strong><br> &nbsp;<strong>Kindergarten events<\/strong>: Organizar carreras de sacos durante las jornadas deportivas.<br> &nbsp;<strong>Toy wholesalers<\/strong>: Bundle with educational activity kits.<br> &nbsp;<strong>Planificadores de eventos<\/strong>: Use as branded giveaways at family festivals.<br> &nbsp;<strong>Daycare centers<\/strong>: Develop motor skills through guided hopping games.<\/p>\n\n\n\n<p><strong>6. Beyond Standard Options<\/strong><br><em>Need glow-in-the-dark prints, adjustable straps, or eco-friendly materials?<\/em>&nbsp;En&nbsp;<strong>waterproof PEVA hopping bags<\/strong>&nbsp;a&nbsp;<strong>interactive QR-code enabled designs<\/strong>, we engineer playful solutions that align with your brand. Request a free sample for quality testing \u2013 global logistics, competitive MOQs, no idea too creative.<\/p>\n\n\n\n<p class=\"has-text-align-center\"><a href=\"https:\/\/avecobaggie.com\/es\/whats-the-difference-between-cotton-bag-or-canvas-bag\/\">Algod\u00f3n frente a lona<\/a><\/p>\n\n\n\n<figure class=\"wp-block-table\"><table class=\"has-fixed-layout\"><tbody><tr><td><\/td><td><strong>Algod\u00f3n<\/strong><strong><\/strong><\/td><td><strong>Lienzo<\/strong><strong><\/strong><\/td><\/tr><tr><td><strong>Material<\/strong><strong><\/strong><\/td><td>normalmente 100% algod\u00f3n<\/td><td>normalmente 35%algod\u00f3n o c\u00e1\u00f1amo,65%poli\u00e9ster (tambi\u00e9n puede ser 100%algod\u00f3n)<\/td><\/tr><tr><td><strong>Hilo de tejer<\/strong><strong><\/strong><\/td><td>un hilo de urdimbre y trama<\/td><td>M\u00e1s de 2 hilos de urdimbre y trama, parece m\u00e1s grueso<\/td><\/tr><tr><td><strong>M\u00e9todo de tejido<\/strong><strong><\/strong><\/td><td>Tejido liso o de sarga<\/td><td>Tejido mayoritariamente liso<\/td><\/tr><tr><td><strong>Textura del tejido<\/strong><strong><\/strong><\/td><td>peque\u00f1as manchas en la superficie que en realidad son las semillas naturales<\/td><td>Sin manchas, m\u00e1s \u00e1spero que el algod\u00f3n<\/td><\/tr><tr><td><strong>Peso:<\/strong><strong><\/strong><\/td><td>se puede encerar para que sea impermeable, se puede semiblanquear o blanquear por completo<\/td><td>sobre 8oz, para el mismo grueso, la lona es m\u00e1s barata, tambi\u00e9n puede cargar m\u00e1s peso<\/td><\/tr><tr><td>Desde las finas 4 oz hasta las gruesas 16 oz, ligeras, mejor elegir algod\u00f3n<\/td><td>M\u00e1s sostenible y 100% biodegradable<\/td><td>sostenible, pero no totalmente biodegradable<\/td><\/tr><tr><td><strong>Impermeable<\/strong><strong><\/strong><\/td><td>No es impermeable si no est\u00e1 laminado, puede ser semiblanqueado o blanqueado.<\/td><td>Por encima de 8 oz, para el mismo espesor, la lona es m\u00e1s barato, tambi\u00e9n puede cargar m\u00e1s peso<\/td><\/tr><tr><td><strong>Transpirabilidad<\/strong><strong><\/strong><\/td><td>Suave y muy transpirable<\/td><td>gruesa y menos ventilada, Adecuada para bolsas estereotipadas<\/td><\/tr><tr><td><strong>Imprimibilidad<\/strong><strong><\/strong><\/td><td>para la impresi\u00f3n por transferencia t\u00e9rmica no es tan bueno como el lienzo<\/td><td>Casi compatible con todos los m\u00e9todos de impresi\u00f3n, el dise\u00f1o se mostrar\u00e1 de maravilla<\/td><\/tr><tr><td><strong>Cuidado del lavado<\/strong><strong><\/strong><\/td><td>encoger\u00e1 de 2% a 5% despu\u00e9s del lavado<\/td><td>Encogimiento inferior a 100%. Algod\u00f3n<\/td><\/tr><tr><td><strong>Durabilidad<\/strong><strong><\/strong><\/td><td>f\u00e1cil de arrugar y deformar, f\u00e1cil de pegar el pelo<\/td><td>F\u00e1cil de ensuciar, deformaci\u00f3n,<\/td><\/tr><tr><td><strong>Aplicaci\u00f3n:<\/strong><strong><\/strong><\/td><td>bolsa de algod\u00f3n con cord\u00f3n de tama\u00f1o peque\u00f1o, bolsa para productos agr\u00edcolas, bolsa para envasado de alimentos, bolsas de algod\u00f3n ligeras, etc.<\/td><td>bolso de compras, bolso de la tienda de comestibles, ba resistente, bolso de la lona, bolso de deportes, bolso diario, etc.<\/td><\/tr><\/tbody><\/table><\/figure>","protected":false},"excerpt":{"rendered":"<p><strong>4 sizes | Cartoon prints | Nylon handles | Heavy-duty canvas\u00a0<\/strong><\/p>","protected":false},"featured_media":10342,"comment_status":"open","ping_status":"closed","template":"","meta":{"_seopress_robots_primary_cat":"none","_seopress_titles_title":"Custom kids Sack Race Bags for Schools & Events","_seopress_titles_desc":"Heavy-duty canvas hopping bags with cartoon prints, 4 sizes (\u00d850-70cm). Ideal for kindergarten games, sports days & bulk orders. Custom designs supported.","_seopress_robots_index":""},"product_brand":[185],"product_cat":[188,100],"product_tag":[],"class_list":{"0":"post-10338","1":"product","2":"type-product","3":"status-publish","4":"has-post-thumbnail","6":"product_brand-avecobaggie","7":"product_cat-custom-canvas-bag","8":"product_cat-other-creative-bag","10":"first","11":"instock","12":"taxable","13":"shipping-taxable","14":"product-type-simple"},"_links":{"self":[{"href":"https:\/\/avecobaggie.com\/es\/wp-json\/wp\/v2\/product\/10338","targetHints":{"allow":["GET"]}}],"collection":[{"href":"https:\/\/avecobaggie.com\/es\/wp-json\/wp\/v2\/product"}],"about":[{"href":"https:\/\/avecobaggie.com\/es\/wp-json\/wp\/v2\/types\/product"}],"replies":[{"embeddable":true,"href":"https:\/\/avecobaggie.com\/es\/wp-json\/wp\/v2\/comments?post=10338"}],"wp:featuredmedia":[{"embeddable":true,"href":"https:\/\/avecobaggie.com\/es\/wp-json\/wp\/v2\/media\/10342"}],"wp:attachment":[{"href":"https:\/\/avecobaggie.com\/es\/wp-json\/wp\/v2\/media?parent=10338"}],"wp:term":[{"taxonomy":"product_brand","embeddable":true,"href":"https:\/\/avecobaggie.com\/es\/wp-json\/wp\/v2\/product_brand?post=10338"},{"taxonomy":"product_cat","embeddable":true,"href":"https:\/\/avecobaggie.com\/es\/wp-json\/wp\/v2\/product_cat?post=10338"},{"taxonomy":"product_tag","embeddable":true,"href":"https:\/\/avecobaggie.com\/es\/wp-json\/wp\/v2\/product_tag?post=10338"}],"curies":[{"name":"wp","href":"https:\/\/api.w.org\/{rel}","templated":true}]}}