{"id":10393,"date":"2025-05-15T10:11:16","date_gmt":"2025-05-15T02:11:16","guid":{"rendered":"https:\/\/avecobaggie.com\/?post_type=product&#038;p=10393"},"modified":"2025-05-15T17:01:17","modified_gmt":"2025-05-15T09:01:17","slug":"burlap-potato-sack-race-bags-for-adults-wholesale","status":"publish","type":"product","link":"https:\/\/avecobaggie.com\/es\/producto\/burlap-potato-sack-race-bags-for-adults-wholesale\/","title":{"rendered":"Sacos de arpillera para carreras de adultos al por mayor"},"content":{"rendered":"<p><strong>Dise\u00f1o industrial polivalente<\/strong><\/p>\n\n\n\n<ul class=\"wp-block-list\">\n<li><strong>Arpillera reforzada de 12 oz<\/strong>\u00a0resiste\u00a0<strong>Cargas superiores a 50 kg<\/strong>\u00a0tanto para el juego como para el control de inundaciones de emergencia.<\/li>\n\n\n\n<li><strong>Costuras de triple pespunte<\/strong>&nbsp;evitar reventones durante los saltos o el relleno de arena\/grava.<\/li>\n<\/ul>\n\n\n\n<p><strong>Seguridad infantil y preparaci\u00f3n para emergencias<\/strong><\/p>\n\n\n\n<ul class=\"wp-block-list\">\n<li><strong>Fibra natural transpirable<\/strong>&nbsp;garantiza la seguridad de la piel de los ni\u00f1os durante los juegos activos.<\/li>\n\n\n\n<li><strong>Dise\u00f1o abierto<\/strong>&nbsp;permite la conversi\u00f3n instant\u00e1nea de saco de juego a&nbsp;<strong>barrera contra inundaciones de relleno r\u00e1pido<\/strong>.<\/li>\n\n\n\n<li><strong>Asas laterales integradas<\/strong>&nbsp;permiten un agarre seguro para los ni\u00f1os o los equipos de emergencia.<\/li>\n<\/ul>\n\n\n\n<p><strong>Personalizaci\u00f3n B2B y ventajas a granel<\/strong><\/p>\n\n\n\n<ul class=\"wp-block-list\">\n<li><strong>Superficie de arpillera en blanco<\/strong>&nbsp;acepta serigraf\u00eda\/estampado para logotipos escolares o etiquetas de seguridad.<\/li>\n\n\n\n<li><strong>A\u00f1adir forros impermeables<\/strong>&nbsp;o revestimientos resistentes a los rayos UV para un uso prolongado en exteriores.<\/li>\n\n\n\n<li><strong>MOQ 1000 unidades<\/strong>&nbsp;- precios al por mayor disponibles para pedidos superiores a 3.000 unidades.<\/li>\n<\/ul>\n\n\n\n<p><strong>Escenarios de aplicaci\u00f3n comercial<\/strong><br> &nbsp;<strong>Jardines de infancia<\/strong>: Organizar carreras de sacos durante las jornadas deportivas.<br> &nbsp;<strong>Equipos de respuesta a cat\u00e1strofes<\/strong>: Preabast\u00e9zcase de bolsas de doble uso para emergencias comunitarias.<br> &nbsp;<strong>Planificadores de eventos<\/strong>: Despli\u00e9guelos como atrezzo de marca en festivales.<br> &nbsp;<strong>Agricultores<\/strong>: Desv\u00edan el agua de las inundaciones al tiempo que sirven de sacos para almacenar la cosecha.<\/p>\n\n\n\n<hr class=\"wp-block-separator has-alpha-channel-opacity\"\/>\n\n\n\n<h4 class=\"wp-block-heading has-text-align-center\"><strong><strong><a href=\"https:\/\/avecobaggie.com\/es\/custom-jute-bag-manufacturer\/\" data-type=\"page\" data-id=\"8728\"><strong><strong><strong><\/strong><\/strong><\/strong><\/a><strong><strong><strong><a href=\"https:\/\/avecobaggie.com\/es\/custom-jute-bag-manufacturer\/\" data-type=\"page\" data-id=\"8728\"><strong><strong>M\u00e1s all\u00e1 de las especificaciones est\u00e1ndar<\/strong><\/strong><\/a><\/strong><\/strong><\/strong><\/strong><\/strong><\/h4>\n\n\n\n<p><em>\u00bfNecesita tratamientos ign\u00edfugos, tama\u00f1os a medida o mezclas sint\u00e9ticas?<\/em>&nbsp;En&nbsp;<strong>bolsas de juego no tejidas<\/strong>&nbsp;a&nbsp;<strong>barreras contra inundaciones de polipropileno de calidad militar<\/strong>dise\u00f1amos soluciones para sus necesidades espec\u00edficas. Solicite una muestra gratuita - Producci\u00f3n 24\/7, log\u00edstica global, ning\u00fan pedido es demasiado urgente.<\/p>\n\n\n\n<figure class=\"wp-block-image size-large\"><img fetchpriority=\"high\" width=\"1024\" height=\"926\" src=\"https:\/\/avecobaggie.com\/wp-content\/uploads\/2025\/03\/002-1024x926.jpg\" alt=\"Estilo de asa y accesorios para la personalizaci\u00f3n de bolsas de yute\" class=\"wp-image-9083\" srcset=\"https:\/\/avecobaggie.com\/wp-content\/uploads\/2025\/03\/002-1024x926.jpg 1024w, https:\/\/avecobaggie.com\/wp-content\/uploads\/2025\/03\/002-300x271.jpg 300w, https:\/\/avecobaggie.com\/wp-content\/uploads\/2025\/03\/002-768x694.jpg 768w, https:\/\/avecobaggie.com\/wp-content\/uploads\/2025\/03\/002-600x542.jpg 600w, https:\/\/avecobaggie.com\/wp-content\/uploads\/2025\/03\/002-1536x1388.jpg 1536w, https:\/\/avecobaggie.com\/wp-content\/uploads\/2025\/03\/002.jpg 1778w\" sizes=\"(max-width: 1024px) 100vw, 1024px\" \/><\/figure>\n\n\n\n<figure class=\"wp-block-table\"><table><tbody><tr><td>Material<\/td><td>Yute, lino, falso yute<\/td><\/tr><tr><td>Color<\/td><td>Elija entre nuestro stock de tejidos disponibles o personal\u00edcelos mediante te\u00f1ido para que coincidan con colores Pantone espec\u00edficos.<\/td><\/tr><tr><td>Grosor del tejido<\/td><td>200-450 g\/m\u00b2.<\/td><\/tr><tr><td>Impresi\u00f3n<\/td><td>Serigraf\u00eda, impresi\u00f3n por transferencia t\u00e9rmica, impresi\u00f3n digital, gofrado<\/td><\/tr><tr><td>Tipo de asa<\/td><td>Yute, lino, algod\u00f3n, cuero, cintas, bamb\u00fa<\/td><\/tr><tr><td>Accesorios<\/td><td>Bolsillo interior, bolsillo exterior, cremallera, bot\u00f3n a presi\u00f3n, cierre magn\u00e9tico, velcro, cord\u00f3n, fuelle inferior, fuelle lateral, anilla en D, hebillas, ojal, separadores, etiqueta, etiqueta<\/td><\/tr><tr><td>Utilizaci\u00f3n<\/td><td>Compras, regalos, promociones, embalajes, bolsas de playa, transporte personal diario<\/td><\/tr><tr><td rowspan=\"4\">Producci\u00f3n de muestras<\/td><td>Plazo de entrega: 3-7 d\u00edas.<\/td><\/tr><tr><td>Coste: 30USD-80USD Var\u00eda en funci\u00f3n de los detalles del producto.<\/td><\/tr><tr><td>Pol\u00edtica de reembolso: Totalmente reembolsable con un pedido de 1000 uds o m\u00e1s.<\/td><\/tr><tr><td>Las muestras est\u00e1ndar son gratuitas. Solo tendr\u00e1s que cubrir los gastos de env\u00edo.<\/td><\/tr><tr><td>Embalaje<\/td><td>Bolsa PE + Cart\u00f3n (Personalizable)<\/td><\/tr><tr><td>Producci\u00f3n en serie<\/td><td>7-30 d\u00edas, dependiendo de la cantidad<\/td><\/tr><tr><td>Env\u00edo<\/td><td>Por expreso (DHL, UPS, FedEx, TNT, EMS), Por aire, Por mar<\/td><\/tr><\/tbody><\/table><\/figure>\n\n\n\n<p><\/p>","protected":false},"excerpt":{"rendered":"<p><strong>Tama\u00f1o 58x99cm | Costuras reforzadas | escolares y adultos<\/strong><\/p>","protected":false},"featured_media":10394,"comment_status":"open","ping_status":"closed","template":"","meta":{"_seopress_robots_primary_cat":"none","_seopress_titles_title":"Burlap Potato Sack Race Bags for Schools & Adults Wholesale","_seopress_titles_desc":"Heavy-duty burlap hopping sacks (58x99cm) for kindergarten games & flood control. Reinforced stitching, tear-resistant design. Custom branding & bulk discounts.","_seopress_robots_index":""},"product_brand":[185],"product_cat":[187,104],"product_tag":[119],"class_list":{"0":"post-10393","1":"product","2":"type-product","3":"status-publish","4":"has-post-thumbnail","6":"product_brand-avecobaggie","7":"product_cat-custom-jute-bag","8":"product_cat-jute-burlap-bag","9":"product_tag-jute-bag","11":"first","12":"instock","13":"taxable","14":"shipping-taxable","15":"product-type-simple"},"_links":{"self":[{"href":"https:\/\/avecobaggie.com\/es\/wp-json\/wp\/v2\/product\/10393","targetHints":{"allow":["GET"]}}],"collection":[{"href":"https:\/\/avecobaggie.com\/es\/wp-json\/wp\/v2\/product"}],"about":[{"href":"https:\/\/avecobaggie.com\/es\/wp-json\/wp\/v2\/types\/product"}],"replies":[{"embeddable":true,"href":"https:\/\/avecobaggie.com\/es\/wp-json\/wp\/v2\/comments?post=10393"}],"wp:featuredmedia":[{"embeddable":true,"href":"https:\/\/avecobaggie.com\/es\/wp-json\/wp\/v2\/media\/10394"}],"wp:attachment":[{"href":"https:\/\/avecobaggie.com\/es\/wp-json\/wp\/v2\/media?parent=10393"}],"wp:term":[{"taxonomy":"product_brand","embeddable":true,"href":"https:\/\/avecobaggie.com\/es\/wp-json\/wp\/v2\/product_brand?post=10393"},{"taxonomy":"product_cat","embeddable":true,"href":"https:\/\/avecobaggie.com\/es\/wp-json\/wp\/v2\/product_cat?post=10393"},{"taxonomy":"product_tag","embeddable":true,"href":"https:\/\/avecobaggie.com\/es\/wp-json\/wp\/v2\/product_tag?post=10393"}],"curies":[{"name":"wp","href":"https:\/\/api.w.org\/{rel}","templated":true}]}}