{"id":10793,"date":"2025-06-19T16:07:58","date_gmt":"2025-06-19T08:07:58","guid":{"rendered":"https:\/\/avecobaggie.com\/?post_type=product&#038;p=10793"},"modified":"2025-06-19T16:34:32","modified_gmt":"2025-06-19T08:34:32","slug":"printing-rpet-cooler-bag-for-picnic","status":"publish","type":"product","link":"https:\/\/avecobaggie.com\/es\/producto\/printing-rpet-cooler-bag-for-picnic\/","title":{"rendered":"Printing rPET Cooler Bag for Picnic"},"content":{"rendered":"<p><\/p>\n\n\n<p>Aveco mainly specialized in OEM and ODM for\u00a0 eco friendly material based bags with one stop shop solution service. Currently we have tote bag, drawstring bags, shoulder bags, cooler bags and other creative bags.Our\u00a0 bags are durable, high quality and affordable to meet different purposes. All the materials we use are eco-friendly including cotton, canvas, rPET,non-woven ,linen, jute, felt ,oxford ,etc. and If you are looking to make bags with your private label brand or promotional events, then we can serve your bulk needs with quite a low MOQ and fast delivery.<\/p>\n<p>Esta bolsa est\u00e1 dise\u00f1ada para llevar la comida fuera de picnic, para viajar, de tama\u00f1o mediano, es adecuado para poner las cajas de almuerzo en el interior. el velcro en la parte de apertura que sea m\u00e1s f\u00e1cil para usted para abrir la bolsa.<\/p>\n<p>CARACTER\u00cdSTICAS DEL PRODUCTO<\/p>\n<ul>\n<li><strong>Estilo Bolsa<\/strong>: Totes<\/li>\n<li><strong>Tipo de material<\/strong>: rPET inside and Aluminium foil inside.<\/li>\n<li><strong>Material Color<\/strong>:\u00a0 other color<\/li>\n<li><strong>Tama\u00f1o de la bolsa<\/strong>: 22X15X18.6CM ( list with standard size, we accept customized size bag \uff09<\/li>\n<li><strong>\u00c1rea de impresi\u00f3n<\/strong>: 1 color | 2 colores | m\u00e1s colores| Impresi\u00f3n completa, impresi\u00f3n a una o dos caras<\/li>\n<li><strong>Cierre<\/strong>: Con varita m\u00e1gica<\/li>\n<li><strong>Instrucciones de cuidado<\/strong>: Se recomienda lavar a mano, tambi\u00e9n se puede lavar a m\u00e1quina y secar colgado.<\/li>\n<\/ul>\n\n\n<p><\/p>","protected":false},"excerpt":{"rendered":"<p>Designed for carry food outside for picnic, for traveling, medium size ,suitable to put the lunch boxes inside .<\/p>","protected":false},"featured_media":9273,"comment_status":"open","ping_status":"closed","template":"","meta":{"_seopress_robots_primary_cat":"none","_seopress_titles_title":"Custom Printed rPET Cooler Bag for Picnic | Eco-Friendly & Stylish","_seopress_titles_desc":"Explore our customizable rPET cooler bags perfect for picnics and events. Durable, eco-friendly, and stylish\u2014ideal for food storage and outdoor branding.","_seopress_robots_index":""},"product_brand":[],"product_cat":[30,105,110],"product_tag":[130],"class_list":{"0":"post-10793","1":"product","2":"type-product","3":"status-publish","4":"has-post-thumbnail","6":"product_cat-cooler-bag","7":"product_cat-non-woven-bag","8":"product_cat-travel","9":"product_tag-lunch-bag","11":"first","12":"instock","13":"taxable","14":"shipping-taxable","15":"product-type-simple"},"_links":{"self":[{"href":"https:\/\/avecobaggie.com\/es\/wp-json\/wp\/v2\/product\/10793","targetHints":{"allow":["GET"]}}],"collection":[{"href":"https:\/\/avecobaggie.com\/es\/wp-json\/wp\/v2\/product"}],"about":[{"href":"https:\/\/avecobaggie.com\/es\/wp-json\/wp\/v2\/types\/product"}],"replies":[{"embeddable":true,"href":"https:\/\/avecobaggie.com\/es\/wp-json\/wp\/v2\/comments?post=10793"}],"wp:featuredmedia":[{"embeddable":true,"href":"https:\/\/avecobaggie.com\/es\/wp-json\/wp\/v2\/media\/9273"}],"wp:attachment":[{"href":"https:\/\/avecobaggie.com\/es\/wp-json\/wp\/v2\/media?parent=10793"}],"wp:term":[{"taxonomy":"product_brand","embeddable":true,"href":"https:\/\/avecobaggie.com\/es\/wp-json\/wp\/v2\/product_brand?post=10793"},{"taxonomy":"product_cat","embeddable":true,"href":"https:\/\/avecobaggie.com\/es\/wp-json\/wp\/v2\/product_cat?post=10793"},{"taxonomy":"product_tag","embeddable":true,"href":"https:\/\/avecobaggie.com\/es\/wp-json\/wp\/v2\/product_tag?post=10793"}],"curies":[{"name":"wp","href":"https:\/\/api.w.org\/{rel}","templated":true}]}}