{"id":10926,"date":"2025-06-30T15:36:19","date_gmt":"2025-06-30T07:36:19","guid":{"rendered":"https:\/\/avecobaggie.com\/?post_type=product&#038;p=10926"},"modified":"2025-06-30T15:46:44","modified_gmt":"2025-06-30T07:46:44","slug":"custom-muslin-tote-bag-eco-friendly-cotton-carry-bag-for-shopping-packaging","status":"publish","type":"product","link":"https:\/\/avecobaggie.com\/es\/producto\/custom-muslin-tote-bag-eco-friendly-cotton-carry-bag-for-shopping-packaging\/","title":{"rendered":"Custom Muslin Tote Bag | Bolsa de algod\u00f3n ecol\u00f3gica para la compra y el embalaje"},"content":{"rendered":"<p>Aveco empresa puede personalizar y bolsas de lona al por mayor con un servicio de soluci\u00f3n de ventanilla \u00fanica. Tambi\u00e9n tenemos algunas formas b\u00e1sicas de bolsas para un comienzo f\u00e1cil como aparece en el sitio web de\u00a0\u00a0<a href=\"https:\/\/avecobaggie.com\/es\/categoria-producto\/bags-in-stock\/\"> Bolsas en stock <\/a>. la mayor\u00eda de las bolsas en stock est\u00e1n en blanco sin ninguna impresi\u00f3n, por lo que es m\u00e1s f\u00e1cil para usted hacer un logotipo privado o etiqueta para sus clientes sin un m\u00ednimo.<\/p>\n<p><span class=\"Apple-converted-space\">\u00a0 \u00a0 Si quieres personalizar estas bolsas ecol\u00f3gicas, tambi\u00e9n es f\u00e1cil, algunas de las bolsas son incluso con muy bajo <\/span>MOQ para superficies personalizadas. Especialmente algod\u00f3n o bolsa de lona es extremadamente bajo en 200pieces o incluso menos para apoyar a los principiantes, vaya a <a href=\"https:\/\/avecobaggie.com\/es\/custom-solutions\/\"><strong>SOLUCIONES PERSONALIZADAS<\/strong><\/a> para saber m\u00e1s sobre los pasos de las bolsas a medida.<\/p>\n<p data-start=\"580\" data-end=\"1053\">Esta bolsa de muselina est\u00e1 fabricada con tejido de algod\u00f3n natural 100%, ligero, transpirable y biodegradable, perfecto para envases sostenibles y uso diario. Ya sea para envases ecol\u00f3gicos, regalos para eventos o promoci\u00f3n de marca, esta bolsa es una soluci\u00f3n elegante y reutilizable. Tama\u00f1os, impresi\u00f3n y asas personalizados para satisfacer las necesidades de su empresa.<\/p>\n<h4 class=\"p1\"><span style=\"color: #333333;\">Caracter\u00edsticas del producto<\/span><\/h4>\n<ul>\n<li data-start=\"1084\" data-end=\"1143\">\n<p data-start=\"1086\" data-end=\"1143\"><strong data-start=\"1086\" data-end=\"1100\">Estilo de bolso:<\/strong> Bolsa de muselina (sin forro, asa suave)<\/p>\n<\/li>\n<li data-start=\"1144\" data-end=\"1210\">\n<p data-start=\"1146\" data-end=\"1210\"><strong data-start=\"1146\" data-end=\"1159\">Material:<\/strong> 100% Muselina de algod\u00f3n (disponible sin blanquear \/ te\u00f1ida)<\/p>\n<\/li>\n<li data-start=\"1211\" data-end=\"1274\">\n<p data-start=\"1213\" data-end=\"1274\"><strong data-start=\"1213\" data-end=\"1222\">Tama\u00f1o:<\/strong> Tama\u00f1os est\u00e1ndar o personalizados disponibles<\/p>\n<\/li>\n<li data-start=\"1275\" data-end=\"1326\">\n<p data-start=\"1277\" data-end=\"1326\"><strong data-start=\"1277\" data-end=\"1295\">Opciones de color:<\/strong> Algod\u00f3n natural \/ Te\u00f1ido a medida<\/p>\n<\/li>\n<li data-start=\"1327\" data-end=\"1378\">\n<p data-start=\"1329\" data-end=\"1378\"><strong data-start=\"1329\" data-end=\"1341\">Cierre:<\/strong> Parte superior abierta (sin cremallera ni cord\u00f3n)<\/p>\n<\/li>\n<li data-start=\"1379\" data-end=\"1456\">\n<p data-start=\"1381\" data-end=\"1456\"><strong data-start=\"1381\" data-end=\"1394\">Caracter\u00edsticas:<\/strong> Reutilizable, transpirable, lavable, biodegradable, sin pl\u00e1stico<\/p>\n<\/li>\n<li data-start=\"1457\" data-end=\"1535\">\n<p data-start=\"1459\" data-end=\"1535\"><strong data-start=\"1459\" data-end=\"1476\">Aplicaciones:<\/strong> Envases ecol\u00f3gicos, compras, regalos, promociones de marca<\/p>\n<\/li>\n<li data-start=\"1536\" data-end=\"1604\">\n<p data-start=\"1538\" data-end=\"1604\"><strong data-start=\"1538\" data-end=\"1556\">Personalizaci\u00f3n:<\/strong> Impresi\u00f3n del logotipo, tama\u00f1o, longitud del asa, embalaje<\/p>\n<\/li>\n<li data-start=\"1605\" data-end=\"1644\">\n<p data-start=\"1607\" data-end=\"1644\"><strong data-start=\"1607\" data-end=\"1615\">MOQ:<\/strong> Se acepta un pedido m\u00ednimo bajo<\/p>\n<\/li>\n<li data-start=\"1645\" data-end=\"1717\">\n<p data-start=\"1647\" data-end=\"1717\"><strong data-start=\"1647\" data-end=\"1669\">Instrucciones de cuidado:<\/strong> Lavable a mano o a m\u00e1quina; se recomienda secar al aire<\/p>\n<\/li>\n<\/ul>","protected":false},"excerpt":{"rendered":"<p>Bolsa reutilizable de muselina de algod\u00f3n natural. Ideal para envases ecol\u00f3gicos, promociones y compras diarias. Suave, transpirable y personalizable con su logotipo.<\/p>","protected":false},"featured_media":10928,"comment_status":"open","ping_status":"closed","template":"","meta":{"_seopress_robots_primary_cat":"none","_seopress_titles_title":"Custom Muslin Tote Bags | Eco-Friendly Cotton Shopping Bags","_seopress_titles_desc":"Reusable muslin tote bag made from soft cotton. Ideal for eco-friendly packaging, retail, or gifts. Supports custom logo printing and low MOQ orders.","_seopress_robots_index":""},"product_brand":[],"product_cat":[29,102,108,110],"product_tag":[],"class_list":{"0":"post-10926","1":"product","2":"type-product","3":"status-publish","4":"has-post-thumbnail","6":"product_cat-tote-bag","7":"product_cat-cotton-canvas-bag","8":"product_cat-work-school","9":"product_cat-travel","11":"first","12":"instock","13":"taxable","14":"shipping-taxable","15":"product-type-simple"},"_links":{"self":[{"href":"https:\/\/avecobaggie.com\/es\/wp-json\/wp\/v2\/product\/10926","targetHints":{"allow":["GET"]}}],"collection":[{"href":"https:\/\/avecobaggie.com\/es\/wp-json\/wp\/v2\/product"}],"about":[{"href":"https:\/\/avecobaggie.com\/es\/wp-json\/wp\/v2\/types\/product"}],"replies":[{"embeddable":true,"href":"https:\/\/avecobaggie.com\/es\/wp-json\/wp\/v2\/comments?post=10926"}],"wp:featuredmedia":[{"embeddable":true,"href":"https:\/\/avecobaggie.com\/es\/wp-json\/wp\/v2\/media\/10928"}],"wp:attachment":[{"href":"https:\/\/avecobaggie.com\/es\/wp-json\/wp\/v2\/media?parent=10926"}],"wp:term":[{"taxonomy":"product_brand","embeddable":true,"href":"https:\/\/avecobaggie.com\/es\/wp-json\/wp\/v2\/product_brand?post=10926"},{"taxonomy":"product_cat","embeddable":true,"href":"https:\/\/avecobaggie.com\/es\/wp-json\/wp\/v2\/product_cat?post=10926"},{"taxonomy":"product_tag","embeddable":true,"href":"https:\/\/avecobaggie.com\/es\/wp-json\/wp\/v2\/product_tag?post=10926"}],"curies":[{"name":"wp","href":"https:\/\/api.w.org\/{rel}","templated":true}]}}