{"id":11020,"date":"2025-07-08T11:13:20","date_gmt":"2025-07-08T03:13:20","guid":{"rendered":"https:\/\/avecobaggie.com\/?post_type=product&#038;p=11020"},"modified":"2025-07-08T15:02:38","modified_gmt":"2025-07-08T07:02:38","slug":"stay-young-embroidered-canvas-tote-bag-youthful-life-collection","status":"publish","type":"product","link":"https:\/\/avecobaggie.com\/es\/producto\/stay-young-embroidered-canvas-tote-bag-youthful-life-collection\/","title":{"rendered":"Bolsa de lona bordada \"Stay Young\" - Colecci\u00f3n Youthful Life"},"content":{"rendered":"<p>Aveco empresa puede personalizar y bolsas de lona al por mayor con un servicio de soluci\u00f3n de ventanilla \u00fanica. Tambi\u00e9n tenemos algunas formas b\u00e1sicas de bolsas para un comienzo f\u00e1cil como aparece en el sitio web de\u00a0\u00a0<a href=\"https:\/\/avecobaggie.com\/es\/categoria-producto\/bags-in-stock\/\"> Bolsas en stock <\/a>. la mayor\u00eda de las bolsas en stock est\u00e1n en blanco sin ninguna impresi\u00f3n, por lo que es m\u00e1s f\u00e1cil para usted hacer un logotipo privado o etiqueta para sus clientes sin un m\u00ednimo.<\/p>\n<p><span class=\"Apple-converted-space\">\u00a0 \u00a0 Si quieres personalizar estas bolsas ecol\u00f3gicas, tambi\u00e9n es f\u00e1cil, algunas de las bolsas son incluso con muy bajo <\/span>MOQ para superficies personalizadas. Especialmente algod\u00f3n o bolsa de lona es extremadamente bajo en 200pieces o incluso menos para apoyar a los principiantes, vaya a <a href=\"https:\/\/avecobaggie.com\/es\/custom-solutions\/\"><strong>SOLUCIONES PERSONALIZADAS<\/strong><\/a> para saber m\u00e1s sobre los pasos de las bolsas a medida.<\/p>\n<p data-start=\"752\" data-end=\"1119\">Este <strong data-start=\"757\" data-end=\"799\">Bolsa de lona bordada Stay Young<\/strong> est\u00e1 llena de color, creatividad y energ\u00eda juvenil. El atrevido e intrincado dise\u00f1o bordado presenta elementos de m\u00fasica, viajes y aventura, por lo que es una pieza perfecta para estudiantes, marcas de estilo de vida o colecciones de regalos. Fabricada en lona gruesa y respetuosa con el medio ambiente, ofrece moda y funcionalidad para el uso diario.<\/p>\n<h3 data-start=\"1126\" data-end=\"1150\"><strong data-start=\"1130\" data-end=\"1150\">CARACTER\u00cdSTICAS DEL PRODUCTO<\/strong><\/h3>\n<ul data-start=\"1152\" data-end=\"1657\">\n<li data-start=\"1152\" data-end=\"1190\">\n<p data-start=\"1154\" data-end=\"1190\"><strong data-start=\"1154\" data-end=\"1167\">Tipo de bolsa:<\/strong> Bolsa bordada<\/p>\n<\/li>\n<li data-start=\"1191\" data-end=\"1239\">\n<p data-start=\"1193\" data-end=\"1239\"><strong data-start=\"1193\" data-end=\"1206\">Material:<\/strong> Lona de algod\u00f3n ecol\u00f3gico de alta calidad<\/p>\n<\/li>\n<li data-start=\"1240\" data-end=\"1318\">\n<p data-start=\"1242\" data-end=\"1318\"><strong data-start=\"1242\" data-end=\"1265\">Patr\u00f3n de bordado:<\/strong> Bordado de colores \"Stay Young\" en todo el panel<\/p>\n<\/li>\n<li data-start=\"1319\" data-end=\"1388\">\n<p data-start=\"1321\" data-end=\"1388\"><strong data-start=\"1321\" data-end=\"1339\">Opciones de color:<\/strong> Lona beige natural (colores personalizados disponibles)<\/p>\n<\/li>\n<li data-start=\"1389\" data-end=\"1451\">\n<p data-start=\"1391\" data-end=\"1451\"><strong data-start=\"1391\" data-end=\"1400\">Tama\u00f1o:<\/strong> Est\u00e1ndar 41 \u00d7 38 cm (se aceptan tama\u00f1os personalizados)<\/p>\n<\/li>\n<li data-start=\"1452\" data-end=\"1504\">\n<p data-start=\"1454\" data-end=\"1504\"><strong data-start=\"1454\" data-end=\"1465\">Asa:<\/strong> Robustas correas de lona hasta los hombros<\/p>\n<\/li>\n<li data-start=\"1505\" data-end=\"1576\">\n<p data-start=\"1507\" data-end=\"1576\"><strong data-start=\"1507\" data-end=\"1525\">Personalizaci\u00f3n:<\/strong> Bordado\/logotipo, etiqueta tejida, etiqueta colgante disponible<\/p>\n<\/li>\n<li data-start=\"1577\" data-end=\"1657\">\n<p data-start=\"1579\" data-end=\"1657\"><strong data-start=\"1579\" data-end=\"1592\">Caso pr\u00e1ctico:<\/strong> Marcas de moda, merchandising escolar, regalos de estilo de vida, campa\u00f1as juveniles<\/p>\n<\/li>\n<\/ul>\n<h3 data-start=\"1017\" data-end=\"1041\">\u00a0<\/h3>\n\n\n<p><\/p>","protected":false},"excerpt":{"rendered":"<p>Una colorida bolsa bordada que celebra la juventud y la libertad. Fabricada en lona ecol\u00f3gica, es perfecta para el d\u00eda a d\u00eda, para marcas creativas o para regalar.<\/p>","protected":false},"featured_media":11021,"comment_status":"open","ping_status":"closed","template":"","meta":{"_seopress_robots_primary_cat":"none","_seopress_titles_title":"Stay Young Embroidered Canvas Tote Bag | Custom Eco-Friendly Tote Wholesale","_seopress_titles_desc":"Explore our \u201cStay Young\u201d embroidered tote bag \u2013 vibrant, durable, and made from eco canvas. Great for brands targeting youth, lifestyle, or creative gifting. Low MOQ & logo available.","_seopress_robots_index":""},"product_brand":[],"product_cat":[29,102,108,110],"product_tag":[],"class_list":{"0":"post-11020","1":"product","2":"type-product","3":"status-publish","4":"has-post-thumbnail","6":"product_cat-tote-bag","7":"product_cat-cotton-canvas-bag","8":"product_cat-work-school","9":"product_cat-travel","11":"first","12":"instock","13":"taxable","14":"shipping-taxable","15":"product-type-simple"},"_links":{"self":[{"href":"https:\/\/avecobaggie.com\/es\/wp-json\/wp\/v2\/product\/11020","targetHints":{"allow":["GET"]}}],"collection":[{"href":"https:\/\/avecobaggie.com\/es\/wp-json\/wp\/v2\/product"}],"about":[{"href":"https:\/\/avecobaggie.com\/es\/wp-json\/wp\/v2\/types\/product"}],"replies":[{"embeddable":true,"href":"https:\/\/avecobaggie.com\/es\/wp-json\/wp\/v2\/comments?post=11020"}],"wp:featuredmedia":[{"embeddable":true,"href":"https:\/\/avecobaggie.com\/es\/wp-json\/wp\/v2\/media\/11021"}],"wp:attachment":[{"href":"https:\/\/avecobaggie.com\/es\/wp-json\/wp\/v2\/media?parent=11020"}],"wp:term":[{"taxonomy":"product_brand","embeddable":true,"href":"https:\/\/avecobaggie.com\/es\/wp-json\/wp\/v2\/product_brand?post=11020"},{"taxonomy":"product_cat","embeddable":true,"href":"https:\/\/avecobaggie.com\/es\/wp-json\/wp\/v2\/product_cat?post=11020"},{"taxonomy":"product_tag","embeddable":true,"href":"https:\/\/avecobaggie.com\/es\/wp-json\/wp\/v2\/product_tag?post=11020"}],"curies":[{"name":"wp","href":"https:\/\/api.w.org\/{rel}","templated":true}]}}