{"id":11063,"date":"2025-07-14T13:44:27","date_gmt":"2025-07-14T05:44:27","guid":{"rendered":"https:\/\/avecobaggie.com\/?post_type=product&#038;p=11063"},"modified":"2025-07-14T14:08:49","modified_gmt":"2025-07-14T06:08:49","slug":"canvas-firewood-carrier-tote-bag-heavy-duty-durable","status":"publish","type":"product","link":"https:\/\/avecobaggie.com\/es\/producto\/canvas-firewood-carrier-tote-bag-heavy-duty-durable\/","title":{"rendered":"Canvas Firewood Carrier Tote Bag \u2013 Heavy-Duty &amp; Durable"},"content":{"rendered":"<p>Aveco empresa puede personalizar y bolsas de lona al por mayor con un servicio de soluci\u00f3n de ventanilla \u00fanica. Tambi\u00e9n tenemos algunas formas b\u00e1sicas de bolsas para un comienzo f\u00e1cil como aparece en el sitio web de\u00a0\u00a0<a href=\"https:\/\/avecobaggie.com\/es\/categoria-producto\/bags-in-stock\/\"> Bolsas en stock <\/a>. la mayor\u00eda de las bolsas en stock est\u00e1n en blanco sin ninguna impresi\u00f3n, por lo que es m\u00e1s f\u00e1cil para usted hacer un logotipo privado o etiqueta para sus clientes sin un m\u00ednimo.<\/p>\n<p><span class=\"Apple-converted-space\">\u00a0 \u00a0 Si quieres personalizar estas bolsas ecol\u00f3gicas, tambi\u00e9n es f\u00e1cil, algunas de las bolsas son incluso con muy bajo <\/span>MOQ for customized surfaces. Especially cotton or canvas bag is extremely low at 500pieces or even less to support beginners, go to <a href=\"https:\/\/avecobaggie.com\/es\/custom-solutions\/\"><strong>SOLUCIONES PERSONALIZADAS<\/strong><\/a> para saber m\u00e1s sobre los pasos de las bolsas a medida.<\/p>\n<p data-start=\"805\" data-end=\"1170\">Este <strong data-start=\"810\" data-end=\"852\">Heavy-Duty Canvas Firewood Carrier Bag<\/strong> is built for function, made from durable, thick canvas with reinforced handles. Designed to carry large amounts of firewood easily and comfortably, it\u2019s ideal for home fireplaces, camping, and outdoor use. Its open side design allows for longer logs, while the double-stitched handles ensure strength and reliability.<\/p>\n<h3 data-start=\"1126\" data-end=\"1150\"><strong data-start=\"1130\" data-end=\"1150\">CARACTER\u00cdSTICAS DEL PRODUCTO<\/strong><\/h3>\n<ul data-start=\"1152\" data-end=\"1657\">\n<li data-start=\"1152\" data-end=\"1190\">\n<p data-start=\"1177\" data-end=\"1201\"><strong>Tipo de bolsa: <\/strong>Firewood Carrier Tote Bag<\/p>\n<\/li>\n<li data-start=\"1152\" data-end=\"1190\">\n<p data-start=\"1177\" data-end=\"1201\"><strong>Material: <\/strong>Rugged high-quality cotton canvas<\/p>\n<\/li>\n<li data-start=\"1152\" data-end=\"1190\">\n<p data-start=\"1177\" data-end=\"1201\"><strong>Opciones de color: <\/strong>Khaki with black straps (custom colors available)<\/p>\n<\/li>\n<li data-start=\"1152\" data-end=\"1190\">\n<p data-start=\"1177\" data-end=\"1201\"><strong>Tama\u00f1o:<\/strong> Approx.48\u00d7 90 cm (custom sizes accepted)<\/p>\n<\/li>\n<li data-start=\"1152\" data-end=\"1190\">\n<p data-start=\"1177\" data-end=\"1201\"><strong>Asa: <\/strong>Extra-strong, wrap-around nylon straps for added support<\/p>\n<\/li>\n<li data-start=\"1152\" data-end=\"1190\">\n<p data-start=\"1177\" data-end=\"1201\"><strong>Design Feature: <\/strong>Open-end design for longer logs; central strap for better load control<\/p>\n<\/li>\n<li data-start=\"1152\" data-end=\"1190\">\n<p data-start=\"1177\" data-end=\"1201\"><strong>Personalizaci\u00f3n: <\/strong>Logo printing, woven label, hang tag available<\/p>\n<\/li>\n<li data-start=\"1152\" data-end=\"1190\">\n<p data-start=\"1177\" data-end=\"1201\"><strong>Caso pr\u00e1ctico: <\/strong>Fireplace, camping, outdoor wood hauling, winter preparation<\/p>\n<\/li>\n<\/ul>\n<p data-start=\"1017\" data-end=\"1041\">\u00a0<\/p>\n\n\n<p><\/p>","protected":false},"excerpt":{"rendered":"<p>Durable canvas firewood tote for easy and efficient log carrying\u2014ideal for home, camping, and winter use.<\/p>","protected":false},"featured_media":11064,"comment_status":"open","ping_status":"closed","template":"","meta":{"_seopress_robots_primary_cat":"none","_seopress_titles_title":"Wholesale Canvas Firewood Carrier Tote Bag \u2013 Heavy-Duty Log Hauler","_seopress_titles_desc":"Shop durable canvas firewood carrier tote bags at wholesale prices. Customizable, eco-friendly, and perfect for carrying heavy logs for fireplaces, camping, or outdoor use.","_seopress_robots_index":""},"product_brand":[185],"product_cat":[29,102],"product_tag":[],"class_list":{"0":"post-11063","1":"product","2":"type-product","3":"status-publish","4":"has-post-thumbnail","6":"product_brand-avecobaggie","7":"product_cat-tote-bag","8":"product_cat-cotton-canvas-bag","10":"first","11":"instock","12":"taxable","13":"shipping-taxable","14":"product-type-simple"},"_links":{"self":[{"href":"https:\/\/avecobaggie.com\/es\/wp-json\/wp\/v2\/product\/11063","targetHints":{"allow":["GET"]}}],"collection":[{"href":"https:\/\/avecobaggie.com\/es\/wp-json\/wp\/v2\/product"}],"about":[{"href":"https:\/\/avecobaggie.com\/es\/wp-json\/wp\/v2\/types\/product"}],"replies":[{"embeddable":true,"href":"https:\/\/avecobaggie.com\/es\/wp-json\/wp\/v2\/comments?post=11063"}],"wp:featuredmedia":[{"embeddable":true,"href":"https:\/\/avecobaggie.com\/es\/wp-json\/wp\/v2\/media\/11064"}],"wp:attachment":[{"href":"https:\/\/avecobaggie.com\/es\/wp-json\/wp\/v2\/media?parent=11063"}],"wp:term":[{"taxonomy":"product_brand","embeddable":true,"href":"https:\/\/avecobaggie.com\/es\/wp-json\/wp\/v2\/product_brand?post=11063"},{"taxonomy":"product_cat","embeddable":true,"href":"https:\/\/avecobaggie.com\/es\/wp-json\/wp\/v2\/product_cat?post=11063"},{"taxonomy":"product_tag","embeddable":true,"href":"https:\/\/avecobaggie.com\/es\/wp-json\/wp\/v2\/product_tag?post=11063"}],"curies":[{"name":"wp","href":"https:\/\/api.w.org\/{rel}","templated":true}]}}