{"id":12963,"date":"2026-03-23T16:55:30","date_gmt":"2026-03-23T08:55:30","guid":{"rendered":"https:\/\/avecobaggie.com\/?post_type=product&#038;p=12963"},"modified":"2026-04-01T17:31:54","modified_gmt":"2026-04-01T09:31:54","slug":"multi-style-canvas-wine-bag-wholesale","status":"publish","type":"product","link":"https:\/\/avecobaggie.com\/es\/producto\/multi-style-canvas-wine-bag-wholesale\/","title":{"rendered":"Multi-Style Canvas Wine Bag Wholesale"},"content":{"rendered":"<p data-path-to-node=\"3\">Aveco ofrece principalmente bolsas ecol\u00f3gicas personalizadas con un servicio de soluci\u00f3n integral. Tambi\u00e9n tenemos algunas formas b\u00e1sicas de bolsas para un comienzo f\u00e1cil como aparece en el sitio web de <b data-path-to-node=\"3\" data-index-in-node=\"162\">Bolsas en stock<\/b>. Most stocked bags are blank without any printing, so it&#8217;s easier for you to do a private logo or label for your customers with no minimum.<\/p>\n<p data-path-to-node=\"4\">If you want to customize these eco bags, it&#8217;s also easy, some of the bags are even with extremely low MO<span class=\"citation-250 citation-251\">Q for customized surfaces. Especially cotton or canvas bag is extremely low at 100pieces or even less to support beginners, go to <\/span><b data-path-to-node=\"4\" data-index-in-node=\"234\"><span class=\"citation-250 citation-251\">SOLUCIONES PERSONALIZADAS<\/span><\/b><span class=\"citation-250 citation-251 citation-end-251\"> para saber m\u00e1s sobre los pasos de las bolsas a medida.<\/span><\/p>\n<h4 data-path-to-node=\"5\"><span class=\"citation-248 citation-249\">Prod<\/span><span class=\"citation-246 citation-247 citation-248 citation-249 citation-end-249\">uct Fea<\/span><span class=\"citation-246 citation-247 citation-248 citation-end-248\">tures for the canvas wine bags in bulk<\/span><\/h4>\n<ul data-path-to-node=\"6\">\n<li>\n<p data-path-to-node=\"6,0,0\"><b data-path-to-node=\"6,0,0\" data-index-in-node=\"0\"><span class=\"citation-243 citation-244 citation-245\">Estilo de bolso:<\/span><\/b><span class=\"citation-243 citation-244 citation-245 citation-end-245\"> Canvas Wine Bag Wholesale (Including Single Bottle T<\/span><span class=\"citation-243 citation-244 citation-end-244\">ote, Double Bottle Tote, Drawstring Bag, and Standard Shoulder Tote)<\/span><\/p>\n<\/li>\n<li>\n<p data-path-to-node=\"6,1,0\"><b data-path-to-node=\"6,1,0\" data-index-in-node=\"0\"><span class=\"citation-241 citation-242\">Material Type:<\/span><\/b><span class=\"citation-241 citation-242 citation-end-242\"> Cotton Canvas (65% polyester+35% cotton)<\/span><\/p>\n<\/li>\n<li>\n<p data-path-to-node=\"6,2,0\"><b data-path-to-node=\"6,2,0\" data-index-in-node=\"0\"><span class=\"citation-239 citation-240\">Material Weight:<\/span><\/b><span class=\"citation-239 citation-240 citation-end-240\"> 12 onzas<\/span><\/p>\n<\/li>\n<li>\n<p data-path-to-node=\"6,3,0\"><b data-path-to-node=\"6,3,0\" data-index-in-node=\"0\"><span class=\"citation-237 citation-238\">Material Color:<\/span><\/b><span class=\"citation-237 citation-238 citation-end-238\"> Whi<\/span><span class=\"citation-237 citation-end-237\">te \/ Natural<\/span><\/p>\n<\/li>\n<li>\n<p data-path-to-node=\"6,4,0\"><b data-path-to-node=\"6,4,0\" data-index-in-node=\"0\"><span class=\"citation-236\">Bag Size:<\/span><\/b><span class=\"citation-236 citation-end-236\"> Fits standard single or d<\/span>ouble wine bottles ( list with popular size, we accept customized size bag )<\/p>\n<\/li>\n<li>\n<p data-path-to-node=\"6,5,0\"><b data-path-to-node=\"6,5,0\" data-index-in-node=\"0\">Imprint Area:<\/b> 1 color | 2 color | more color | Full printing, printing one side or two sides<\/p>\n<\/li>\n<li>\n<p data-path-to-node=\"6,6,0\"><b data-path-to-node=\"6,6,0\" data-index-in-node=\"0\">Cierre:<\/b> Open or Drawstring<\/p>\n<\/li>\n<li>\n<p data-path-to-node=\"6,7,0\"><b data-path-to-node=\"6,7,0\" data-index-in-node=\"0\">Instrucciones de cuidado:<\/b> Hand wash recommend, Machine wash is also ok, hang dry.<\/p>\n<\/li>\n<\/ul>\n<p data-path-to-node=\"7\"><b data-path-to-node=\"7\" data-index-in-node=\"0\">Notes: For cotton fabric, there will be a slight shrink after washing<\/b><\/p>","protected":false},"excerpt":{"rendered":"<p>Eco-friendly cotton canvas wine bags available in multiple styles (tote, drawstring, single, and double bottle). <b data-path-to-node=\"3,0\" data-index-in-node=\"113\">Convenient and simple storage, easy to carry, can be used for packaging red wine, white wine, and other beverages.<\/b> Perfect for retail packaging, holiday gifts, and custom brand promotions with low MOQ.<\/p>","protected":false},"featured_media":12947,"comment_status":"open","ping_status":"closed","template":"","meta":{"_seopress_robots_primary_cat":"none","_seopress_titles_title":"Wholesale Canvas Wine Bags | Custom Totes & Drawstrings","_seopress_titles_desc":"Shop custom canvas wine bags wholesale at Aveco. Available in single, double, and drawstring styles. Convenient, easy to carry, and perfect for wine packaging. Low MOQ available!","_seopress_robots_index":""},"product_brand":[185],"product_cat":[29,102,109],"product_tag":[124],"class_list":{"0":"post-12963","1":"product","2":"type-product","3":"status-publish","4":"has-post-thumbnail","6":"product_brand-avecobaggie","7":"product_cat-tote-bag","8":"product_cat-cotton-canvas-bag","9":"product_cat-everyday","10":"product_tag-wine-bag","12":"first","13":"instock","14":"taxable","15":"shipping-taxable","16":"product-type-simple"},"_links":{"self":[{"href":"https:\/\/avecobaggie.com\/es\/wp-json\/wp\/v2\/product\/12963","targetHints":{"allow":["GET"]}}],"collection":[{"href":"https:\/\/avecobaggie.com\/es\/wp-json\/wp\/v2\/product"}],"about":[{"href":"https:\/\/avecobaggie.com\/es\/wp-json\/wp\/v2\/types\/product"}],"replies":[{"embeddable":true,"href":"https:\/\/avecobaggie.com\/es\/wp-json\/wp\/v2\/comments?post=12963"}],"wp:featuredmedia":[{"embeddable":true,"href":"https:\/\/avecobaggie.com\/es\/wp-json\/wp\/v2\/media\/12947"}],"wp:attachment":[{"href":"https:\/\/avecobaggie.com\/es\/wp-json\/wp\/v2\/media?parent=12963"}],"wp:term":[{"taxonomy":"product_brand","embeddable":true,"href":"https:\/\/avecobaggie.com\/es\/wp-json\/wp\/v2\/product_brand?post=12963"},{"taxonomy":"product_cat","embeddable":true,"href":"https:\/\/avecobaggie.com\/es\/wp-json\/wp\/v2\/product_cat?post=12963"},{"taxonomy":"product_tag","embeddable":true,"href":"https:\/\/avecobaggie.com\/es\/wp-json\/wp\/v2\/product_tag?post=12963"}],"curies":[{"name":"wp","href":"https:\/\/api.w.org\/{rel}","templated":true}]}}