{"id":12965,"date":"2026-03-23T17:37:41","date_gmt":"2026-03-23T09:37:41","guid":{"rendered":"https:\/\/avecobaggie.com\/?post_type=product&#038;p=12965"},"modified":"2026-04-01T17:27:38","modified_gmt":"2026-04-01T09:27:38","slug":"holiday-plaid-drawstring-wine-gift-bag-wholesale","status":"publish","type":"product","link":"https:\/\/avecobaggie.com\/es\/producto\/holiday-plaid-drawstring-wine-gift-bag-wholesale\/","title":{"rendered":"Holiday Plaid Drawstring Wine Gift Bag Wholesale"},"content":{"rendered":"<p data-path-to-node=\"3\">Aveco ofrece principalmente bolsas ecol\u00f3gicas personalizadas con un servicio de soluci\u00f3n integral. Tambi\u00e9n tenemos algunas formas b\u00e1sicas de bolsas para un comienzo f\u00e1cil como aparece en el sitio web de <b data-path-to-node=\"3\" data-index-in-node=\"162\">Bolsas en stock<\/b>. Most stocked bags are blank without any printing, so it&#8217;s easier for you to do<span class=\"citation-741 citation-742 citation-end-742\"> a private logo or label for your customers with no minimum.<\/span><\/p>\n<p data-path-to-node=\"4\"><span class=\"citation-739 citation-740\">If you want to customize these eco bags, it&#8217;s also easy, some of the bags are even with extremely low MOQ for customized surfaces. Especi<\/span><span class=\"citation-737 citation-738 citation-739 citation-740 citation-end-740\">ally cotton or canvas bag is<\/span><span class=\"citation-737 citation-738 citation-739\"> extremely low at 100pieces or even less to support beginners, go to <\/span><b data-path-to-node=\"4\" data-index-in-node=\"234\"><span class=\"citation-737 citation-738 citation-739 citation-end-739\">SOLUCIONES PERSONALIZADAS<\/span><\/b><span class=\"citation-737 citation-738 citation-end-738\"> para saber m\u00e1s sobre los pasos de las bolsas a medida.<\/span><\/p>\n<h4 data-path-to-node=\"5\"><span class=\"citation-735 citation-736 citation-end-736\">Product Features for the plaid wine gift bag in bulk<\/span><\/h4>\n<ul data-path-to-node=\"6\">\n<li>\n<p data-path-to-node=\"6,0,0\"><b data-path-to-node=\"6,0,0\" data-index-in-node=\"0\"><span class=\"citation-733 citation-734\">Estilo de bolso:<\/span><\/b><span class=\"citation-733 citation-734 citation-end-734\"> Drawstring Wine Gift Bag with Buffalo Plaid Top<\/span><\/p>\n<\/li>\n<li>\n<p data-path-to-node=\"6,1,0\"><b data-path-to-node=\"6,1,0\" data-index-in-node=\"0\"><span class=\"citation-731 citation-732\">Material Type:<\/span><\/b><span class=\"citation-731 citation-732 citation-end-732\"> Cot<\/span><span class=\"citation-731 citation-end-731\">ton Canvas \/ Linen blend body with patterned fabr<\/span>ic top<\/p>\n<\/li>\n<li>\n<p data-path-to-node=\"6,2,0\"><b data-path-to-node=\"6,2,0\" data-index-in-node=\"0\">Material Weight:<\/b> 12 onzas<\/p>\n<\/li>\n<li>\n<p data-path-to-node=\"6,3,0\"><b data-path-to-node=\"6,3,0\" data-index-in-node=\"0\">Material Color:<\/b> Natural\/Beige body with Red and Black Plaid top<\/p>\n<\/li>\n<li>\n<p data-path-to-node=\"6,4,0\"><b data-path-to-node=\"6,4,0\" data-index-in-node=\"0\">Bag Size:<\/b> Fits a standard single wine bottle ( list with popular size, we accept customized size bag )<\/p>\n<\/li>\n<li>\n<p data-path-to-node=\"6,5,0\"><b data-path-to-node=\"6,5,0\" data-index-in-node=\"0\">Imprint Area:<\/b> 1 color | 2 color | more color | Full printing, printing one side or two sides (Custom logos can be printed on the blank natural body)<\/p>\n<\/li>\n<li>\n<p data-path-to-node=\"6,6,0\"><b data-path-to-node=\"6,6,0\" data-index-in-node=\"0\">Cierre:<\/b> Double red drawstring pull closure<\/p>\n<\/li>\n<li>\n<p data-path-to-node=\"6,7,0\"><b data-path-to-node=\"6,7,0\" data-index-in-node=\"0\">Instrucciones de cuidado:<\/b> Hand wash recommend, Machine wash is also ok, hang dry.<\/p>\n<\/li>\n<\/ul>\n<p data-path-to-node=\"7\"><b data-path-to-node=\"7\" data-index-in-node=\"0\">Notes: For cotton fabric, there will be a slight shrink after washing<\/b><\/p>","protected":false},"excerpt":{"rendered":"<p>Festive drawstring wine gift bag featuring a natural canvas body and a classic red and black buffalo plaid top. <b data-path-to-node=\"11,0\" data-index-in-node=\"112\">Convenient and simple storage, easy to carry, can be used for packaging red wine, white wine and other beverages.<\/b> Perfect for Christmas holiday gifting, festive retail packaging, and seasonal brand promotions with low custom MOQ.<\/p>","protected":false},"featured_media":12954,"comment_status":"open","ping_status":"closed","template":"","meta":{"_seopress_robots_primary_cat":"none","_seopress_titles_title":"Wholesale Holiday Plaid Wine Bags | Drawstring Gift Pouches","_seopress_titles_desc":"Shop festive buffalo plaid drawstring wine bags at Aveco. Convenient storage, easy to carry, and perfect for holiday wine packaging. Low custom MOQ available!","_seopress_robots_index":""},"product_brand":[],"product_cat":[92,102,109],"product_tag":[124],"class_list":{"0":"post-12965","1":"product","2":"type-product","3":"status-publish","4":"has-post-thumbnail","6":"product_cat-drawstring-bag","7":"product_cat-cotton-canvas-bag","8":"product_cat-everyday","9":"product_tag-wine-bag","11":"first","12":"instock","13":"taxable","14":"shipping-taxable","15":"product-type-simple"},"_links":{"self":[{"href":"https:\/\/avecobaggie.com\/es\/wp-json\/wp\/v2\/product\/12965","targetHints":{"allow":["GET"]}}],"collection":[{"href":"https:\/\/avecobaggie.com\/es\/wp-json\/wp\/v2\/product"}],"about":[{"href":"https:\/\/avecobaggie.com\/es\/wp-json\/wp\/v2\/types\/product"}],"replies":[{"embeddable":true,"href":"https:\/\/avecobaggie.com\/es\/wp-json\/wp\/v2\/comments?post=12965"}],"wp:featuredmedia":[{"embeddable":true,"href":"https:\/\/avecobaggie.com\/es\/wp-json\/wp\/v2\/media\/12954"}],"wp:attachment":[{"href":"https:\/\/avecobaggie.com\/es\/wp-json\/wp\/v2\/media?parent=12965"}],"wp:term":[{"taxonomy":"product_brand","embeddable":true,"href":"https:\/\/avecobaggie.com\/es\/wp-json\/wp\/v2\/product_brand?post=12965"},{"taxonomy":"product_cat","embeddable":true,"href":"https:\/\/avecobaggie.com\/es\/wp-json\/wp\/v2\/product_cat?post=12965"},{"taxonomy":"product_tag","embeddable":true,"href":"https:\/\/avecobaggie.com\/es\/wp-json\/wp\/v2\/product_tag?post=12965"}],"curies":[{"name":"wp","href":"https:\/\/api.w.org\/{rel}","templated":true}]}}