{"id":1697,"date":"2021-03-01T23:54:04","date_gmt":"2021-03-01T15:54:04","guid":{"rendered":"https:\/\/avecobaggie.com\/?post_type=product&#038;p=1697"},"modified":"2021-03-30T11:19:55","modified_gmt":"2021-03-30T03:19:55","slug":"heavy-duty-canvas-tote-bag-with-pocket-outside","status":"publish","type":"product","link":"https:\/\/avecobaggie.com\/es\/producto\/heavy-duty-canvas-tote-bag-with-pocket-outside\/","title":{"rendered":"Bolsa de lona resistente con bolsillo exterior"},"content":{"rendered":"<p>Aveco ofrece principalmente bolsas ecol\u00f3gicas personalizadas con un servicio de soluci\u00f3n integral. Tambi\u00e9n tenemos algunas formas b\u00e1sicas de bolsas para un comienzo f\u00e1cil como aparece en el sitio web de\u00a0\u00a0<a href=\"https:\/\/avecobaggie.com\/es\/categoria-producto\/bags-in-stock\/\"> Bolsas en stock <\/a>. la mayor\u00eda de las bolsas en stock est\u00e1n en blanco sin ninguna impresi\u00f3n, por lo que es m\u00e1s f\u00e1cil para usted hacer un logotipo privado o etiqueta para sus clientes sin un m\u00ednimo.<\/p>\n<p><span class=\"Apple-converted-space\">\u00a0 \u00a0 Si quieres personalizar estas bolsas ecol\u00f3gicas, tambi\u00e9n es f\u00e1cil, algunas de las bolsas son incluso con muy bajo <\/span>MOQ para superficies personalizadas. Especialmente algod\u00f3n o bolsa de lona es extremadamente bajo en 100pieces o incluso menos para apoyar a los principiantes, vaya a <a href=\"https:\/\/avecobaggie.com\/es\/custom-solutions\/\"><strong>SOLUCIONES PERSONALIZADAS<\/strong><\/a> para saber m\u00e1s sobre los pasos de las bolsas a medida.<\/p>\n<h3 class=\"p1\"><span style=\"color: #333333;\">Caracter\u00edsticas de Heavy Duty Canvas Tote bag<\/span><\/h3>\n<ul>\n<li><strong>Estilo Bolsa<\/strong>: Totes<\/li>\n<li><strong>Tipo de material<\/strong>: Lienzo, hecho de 35% algod\u00f3n\/65% poli\u00e9ster para combinar los beneficios de algod\u00f3n y poli\u00e9ster, grueso y durable, puede caber un mont\u00f3n de cosas hasta 30lb.<\/li>\n<li><strong>Material Peso<\/strong>8oz \/10 oz\/ 12 oz\/14oz, recomendamos al menos 8oz<\/li>\n<li><strong>Material Color<\/strong>: Blanco<\/li>\n<li><strong>Tama\u00f1o de la bolsa<\/strong>: 4\u2033W x 6\u2033H |6\u2033W x 8\u2033H|10\u2033W x 12\u2033H\uff08 lista con tama\u00f1o popular, aceptamos bolsa de tama\u00f1o personalizado \uff09.<\/li>\n<li><strong>\u00c1rea de impresi\u00f3n<\/strong>: 1 color | 2 colores | m\u00e1s colores| Impresi\u00f3n completa, impresi\u00f3n a una o dos caras<\/li>\n<li><strong>Cierre: abierto<\/strong><\/li>\n<li><strong>Instrucciones de cuidado<\/strong>: Se recomienda lavar a mano, tambi\u00e9n se puede lavar a m\u00e1quina y secar colgado.<\/li>\n<\/ul>\n<p><strong>Notas:Para el tejido de algod\u00f3n, habr\u00e1 un ligero encogimiento despu\u00e9s del lavado<\/strong><\/p>","protected":false},"excerpt":{"rendered":"<p>Uso diversificado de esta bolsa de asas personalizada, no s\u00f3lo puede ser una bolsa de asas de compras de comestibles, pero tambi\u00e9n puede ser bolsa de asas para la escuela, bolsa de playa, bolsa de asas gimnasio, bolsa de yoga, etc.the 2 bolsillos exteriores hizo la bolsa con mayor capacidad.<\/p>","protected":false},"featured_media":1763,"comment_status":"open","ping_status":"closed","template":"","meta":{"_seopress_robots_primary_cat":"none","_seopress_titles_title":"%%post_title%% %%sep%% %%sitetitle%%","_seopress_titles_desc":"Custom and wholesale any heavy duty canvas tote bag in all sizes, prints, with additional accessories.Some stock designs also available for quick ship.","_seopress_robots_index":""},"product_brand":[],"product_cat":[29,102,108,109,110],"product_tag":[],"class_list":{"0":"post-1697","1":"product","2":"type-product","3":"status-publish","4":"has-post-thumbnail","6":"product_cat-tote-bag","7":"product_cat-cotton-canvas-bag","8":"product_cat-work-school","9":"product_cat-everyday","10":"product_cat-travel","12":"first","13":"instock","14":"taxable","15":"shipping-taxable","16":"product-type-simple"},"_links":{"self":[{"href":"https:\/\/avecobaggie.com\/es\/wp-json\/wp\/v2\/product\/1697","targetHints":{"allow":["GET"]}}],"collection":[{"href":"https:\/\/avecobaggie.com\/es\/wp-json\/wp\/v2\/product"}],"about":[{"href":"https:\/\/avecobaggie.com\/es\/wp-json\/wp\/v2\/types\/product"}],"replies":[{"embeddable":true,"href":"https:\/\/avecobaggie.com\/es\/wp-json\/wp\/v2\/comments?post=1697"}],"wp:featuredmedia":[{"embeddable":true,"href":"https:\/\/avecobaggie.com\/es\/wp-json\/wp\/v2\/media\/1763"}],"wp:attachment":[{"href":"https:\/\/avecobaggie.com\/es\/wp-json\/wp\/v2\/media?parent=1697"}],"wp:term":[{"taxonomy":"product_brand","embeddable":true,"href":"https:\/\/avecobaggie.com\/es\/wp-json\/wp\/v2\/product_brand?post=1697"},{"taxonomy":"product_cat","embeddable":true,"href":"https:\/\/avecobaggie.com\/es\/wp-json\/wp\/v2\/product_cat?post=1697"},{"taxonomy":"product_tag","embeddable":true,"href":"https:\/\/avecobaggie.com\/es\/wp-json\/wp\/v2\/product_tag?post=1697"}],"curies":[{"name":"wp","href":"https:\/\/api.w.org\/{rel}","templated":true}]}}