{"id":1708,"date":"2021-03-02T00:14:23","date_gmt":"2021-03-01T16:14:23","guid":{"rendered":"https:\/\/avecobaggie.com\/?post_type=product&#038;p=1708"},"modified":"2021-03-30T11:18:28","modified_gmt":"2021-03-30T03:18:28","slug":"canvas-grocery-tote-bag","status":"publish","type":"product","link":"https:\/\/avecobaggie.com\/es\/producto\/canvas-grocery-tote-bag\/","title":{"rendered":"Bolsa de la compra grande de lona con 6 bolsillos"},"content":{"rendered":"<p>Aveco ofrece principalmente bolsas ecol\u00f3gicas personalizadas con un servicio de soluci\u00f3n integral. Tambi\u00e9n tenemos algunas formas b\u00e1sicas de bolsas para un comienzo f\u00e1cil como aparece en el sitio web de\u00a0\u00a0<a href=\"https:\/\/avecobaggie.com\/es\/categoria-producto\/bags-in-stock\/\"> Bolsas en stock <\/a>. la mayor\u00eda de las bolsas en stock est\u00e1n en blanco sin ninguna impresi\u00f3n, por lo que es m\u00e1s f\u00e1cil para usted hacer un logotipo privado o etiqueta para sus clientes sin un m\u00ednimo.<\/p>\n<p><span class=\"Apple-converted-space\">\u00a0 \u00a0 Si quieres personalizar estas bolsas ecol\u00f3gicas, tambi\u00e9n es f\u00e1cil, algunas de las bolsas son incluso con muy bajo <\/span>MOQ para superficies personalizadas. Especialmente algod\u00f3n o bolsa de lona es extremadamente bajo en 100pieces o incluso menos para apoyar a los principiantes, vaya a <a href=\"https:\/\/avecobaggie.com\/es\/custom-solutions\/\"><strong>SOLUCIONES PERSONALIZADAS<\/strong><\/a> para saber m\u00e1s sobre los pasos de las bolsas a medida.<\/p>\n<h3 class=\"p1\"><span style=\"color: #333333;\">Caracter\u00edsticas de la bolsa de compras de lona<\/span><\/h3>\n<ul>\n<li><strong>Estilo Bolsa<\/strong>: Bolsa de la compra<\/li>\n<li><strong>Tipo de material<\/strong>: Lienzo<\/li>\n<li><strong>Material Peso<\/strong>8oz \/10 oz\/ 12 oz\/14oz, recomendamos al menos 8oz<\/li>\n<li><strong>Material Color<\/strong>: Blanco<\/li>\n<li><strong>Tama\u00f1o de la bolsa<\/strong>: 29X26x4.5CM lista con el tama\u00f1o est\u00e1ndar, aceptamos bolsa de tama\u00f1o personalizado \uff09<\/li>\n<li><strong>\u00c1rea de impresi\u00f3n<\/strong>: 1 color | 2 colores | m\u00e1s colores| Impresi\u00f3n completa, impresi\u00f3n a una o dos caras<\/li>\n<li><strong>Cierre<\/strong>: abrir<\/li>\n<li><strong>Instrucciones de cuidado<\/strong>: Se recomienda lavar a mano, tambi\u00e9n se puede lavar a m\u00e1quina y secar colgado.<\/li>\n<\/ul>\n<p><strong>Notas:Para el tejido de algod\u00f3n, habr\u00e1 un ligero encogimiento despu\u00e9s del lavado<\/strong><\/p>","protected":false},"excerpt":{"rendered":"<p>Perfecta para regalos con programas de compra y obsequios, personal\u00edcela con su logotipo en la bolsa de algod\u00f3n con cord\u00f3n y d\u00e9 a conocer su marca.<\/p>","protected":false},"featured_media":1709,"comment_status":"open","ping_status":"closed","template":"","meta":{"_seopress_robots_primary_cat":"none","_seopress_titles_title":"%%post_title%% %%sep%% %%sitetitle%%","_seopress_titles_desc":"Aveco manufactures many canvas grocery tote bag, canvaas grocery bag, reusable cotton canvas bag, we also can do other material with same shape.","_seopress_robots_index":""},"product_brand":[],"product_cat":[100,102,109],"product_tag":[126],"class_list":{"0":"post-1708","1":"product","2":"type-product","3":"status-publish","4":"has-post-thumbnail","6":"product_cat-other-creative-bag","7":"product_cat-cotton-canvas-bag","8":"product_cat-everyday","9":"product_tag-grocery-bag","11":"first","12":"instock","13":"taxable","14":"shipping-taxable","15":"product-type-simple"},"_links":{"self":[{"href":"https:\/\/avecobaggie.com\/es\/wp-json\/wp\/v2\/product\/1708","targetHints":{"allow":["GET"]}}],"collection":[{"href":"https:\/\/avecobaggie.com\/es\/wp-json\/wp\/v2\/product"}],"about":[{"href":"https:\/\/avecobaggie.com\/es\/wp-json\/wp\/v2\/types\/product"}],"replies":[{"embeddable":true,"href":"https:\/\/avecobaggie.com\/es\/wp-json\/wp\/v2\/comments?post=1708"}],"wp:featuredmedia":[{"embeddable":true,"href":"https:\/\/avecobaggie.com\/es\/wp-json\/wp\/v2\/media\/1709"}],"wp:attachment":[{"href":"https:\/\/avecobaggie.com\/es\/wp-json\/wp\/v2\/media?parent=1708"}],"wp:term":[{"taxonomy":"product_brand","embeddable":true,"href":"https:\/\/avecobaggie.com\/es\/wp-json\/wp\/v2\/product_brand?post=1708"},{"taxonomy":"product_cat","embeddable":true,"href":"https:\/\/avecobaggie.com\/es\/wp-json\/wp\/v2\/product_cat?post=1708"},{"taxonomy":"product_tag","embeddable":true,"href":"https:\/\/avecobaggie.com\/es\/wp-json\/wp\/v2\/product_tag?post=1708"}],"curies":[{"name":"wp","href":"https:\/\/api.w.org\/{rel}","templated":true}]}}