{"id":1715,"date":"2021-03-02T00:20:21","date_gmt":"2021-03-01T16:20:21","guid":{"rendered":"https:\/\/avecobaggie.com\/?post_type=product&#038;p=1715"},"modified":"2021-03-30T11:17:59","modified_gmt":"2021-03-30T03:17:59","slug":"eco-friendly-jute-tote-bag","status":"publish","type":"product","link":"https:\/\/avecobaggie.com\/es\/producto\/eco-friendly-jute-tote-bag\/","title":{"rendered":"Bolsa de yute ecol\u00f3gica"},"content":{"rendered":"<p>Aveco ofrece principalmente bolsas ecol\u00f3gicas personalizadas con un servicio de soluci\u00f3n integral. Nuestras bolsas son duraderas, de alta calidad y asequibles para satisfacer diferentes prop\u00f3sitos. Todos los materiales que utilizamos son ecol\u00f3gicos, incluyendo algod\u00f3n, lona, lino, yute, fieltro, etc. Si usted est\u00e1 buscando para hacer bolsas con su marca de etiqueta privada o eventos promocionales, entonces podemos servir a sus necesidades a granel con un MOQ bastante bajo y entrega r\u00e1pida.<\/p>\n<p>CARACTER\u00cdSTICAS DEL PRODUCTO<\/p>\n<ul>\n<li><strong>Estilo Bolsa<\/strong>: Totes<\/li>\n<li><strong>Tipo de material<\/strong>: Yute<\/li>\n<li><strong>Material Peso<\/strong>8oz \/10 oz\/ 12 oz\/14oz, recomendamos al menos 8oz<\/li>\n<li><strong>Material Color<\/strong>: Blanco<\/li>\n<li><strong>Tama\u00f1o de la bolsa<\/strong>: 29X26x4.5CM lista con el tama\u00f1o est\u00e1ndar, aceptamos bolsa de tama\u00f1o personalizado \uff09<\/li>\n<li><strong>\u00c1rea de impresi\u00f3n<\/strong>: 1 color | 2 colores | m\u00e1s colores| Impresi\u00f3n completa, impresi\u00f3n a una o dos caras<\/li>\n<li><strong>Cierre<\/strong>: abrir<\/li>\n<li><strong>Instrucciones de cuidado<\/strong>: Hand wash recommend,No Machine wash hang dry.<\/li>\n<\/ul>\n<p>&nbsp;<\/p>","protected":false},"excerpt":{"rendered":"<p>Perfecta para regalos con programas de compra y obsequios, personal\u00edcela con su logotipo en la bolsa de algod\u00f3n con cord\u00f3n y d\u00e9 a conocer su marca.<\/p>","protected":false},"featured_media":1720,"comment_status":"open","ping_status":"closed","template":"","meta":{"_seopress_robots_primary_cat":"none","_seopress_titles_title":"","_seopress_titles_desc":"","_seopress_robots_index":""},"product_brand":[],"product_cat":[29,104,109],"product_tag":[],"class_list":{"0":"post-1715","1":"product","2":"type-product","3":"status-publish","4":"has-post-thumbnail","6":"product_cat-tote-bag","7":"product_cat-jute-burlap-bag","8":"product_cat-everyday","10":"first","11":"instock","12":"taxable","13":"shipping-taxable","14":"product-type-simple"},"_links":{"self":[{"href":"https:\/\/avecobaggie.com\/es\/wp-json\/wp\/v2\/product\/1715","targetHints":{"allow":["GET"]}}],"collection":[{"href":"https:\/\/avecobaggie.com\/es\/wp-json\/wp\/v2\/product"}],"about":[{"href":"https:\/\/avecobaggie.com\/es\/wp-json\/wp\/v2\/types\/product"}],"replies":[{"embeddable":true,"href":"https:\/\/avecobaggie.com\/es\/wp-json\/wp\/v2\/comments?post=1715"}],"wp:featuredmedia":[{"embeddable":true,"href":"https:\/\/avecobaggie.com\/es\/wp-json\/wp\/v2\/media\/1720"}],"wp:attachment":[{"href":"https:\/\/avecobaggie.com\/es\/wp-json\/wp\/v2\/media?parent=1715"}],"wp:term":[{"taxonomy":"product_brand","embeddable":true,"href":"https:\/\/avecobaggie.com\/es\/wp-json\/wp\/v2\/product_brand?post=1715"},{"taxonomy":"product_cat","embeddable":true,"href":"https:\/\/avecobaggie.com\/es\/wp-json\/wp\/v2\/product_cat?post=1715"},{"taxonomy":"product_tag","embeddable":true,"href":"https:\/\/avecobaggie.com\/es\/wp-json\/wp\/v2\/product_tag?post=1715"}],"curies":[{"name":"wp","href":"https:\/\/api.w.org\/{rel}","templated":true}]}}