{"id":1743,"date":"2021-03-02T11:47:11","date_gmt":"2021-03-02T03:47:11","guid":{"rendered":"https:\/\/avecobaggie.com\/?post_type=product&#038;p=1743"},"modified":"2022-03-16T09:32:20","modified_gmt":"2022-03-16T01:32:20","slug":"custom-denim-handbag-canvas-tote-bag-can-print-logo","status":"publish","type":"product","link":"https:\/\/avecobaggie.com\/es\/producto\/custom-denim-handbag-canvas-tote-bag-can-print-logo\/","title":{"rendered":"Custom Denim Handbag Canvas Tote Bag puede imprimir LOGO"},"content":{"rendered":"<p>Aveco ofrece principalmente bolsas ecol\u00f3gicas personalizadas con un servicio de soluci\u00f3n integral. Nuestras bolsas son duraderas, de alta calidad y asequibles para satisfacer diferentes prop\u00f3sitos. Todos los materiales que utilizamos son ecol\u00f3gicos, incluyendo algod\u00f3n, lona, lino, yute, fieltro, etc. Si usted est\u00e1 buscando para hacer bolsas con su marca de etiqueta privada o eventos promocionales, entonces podemos servir a sus necesidades a granel con un MOQ bastante bajo y entrega r\u00e1pida.<\/p>\n<p>CARACTER\u00cdSTICAS DEL PRODUCTO<\/p>\n<ul>\n<li><strong>Estilo Bolsa<\/strong>: Totes<\/li>\n<li><strong>Tipo de material<\/strong>: Lienzo<\/li>\n<li><strong>Material Peso<\/strong>:  12oz \/ tambi\u00e9n podemos hacer otro espesor de acuerdo a su solicitud, <a href=\"https:\/\/avecobaggie.com\/es\/custom-solutions\/\">Haga clic para ver la tabla de pesos de los tejidos<\/a><\/li>\n<li><strong>Material Color<\/strong>: Beige natural<\/li>\n<li><strong>Tama\u00f1o de la bolsa<\/strong>: 40X38X10CM ( list with standard size, we accept customized size bag \uff09<\/li>\n<li><strong>\u00c1rea de impresi\u00f3n<\/strong>: 1 color | 2 colores | m\u00e1s colores| Impresi\u00f3n completa, impresi\u00f3n a una o dos caras<\/li>\n<li><strong>Cierre<\/strong>: Abrir<\/li>\n<li><strong>Instrucciones de cuidado<\/strong>: Se recomienda lavar a mano, tambi\u00e9n se puede lavar a m\u00e1quina y secar colgado.<\/li>\n<\/ul>\n<p><strong>Notas:Para el tejido de algod\u00f3n, habr\u00e1 un ligero encogimiento despu\u00e9s del lavado<\/strong><\/p>","protected":false},"excerpt":{"rendered":"<p>Fashionable and atmospheric denim canvas bag, very suitable for people who have a special liking for denim<\/p>","protected":false},"featured_media":1753,"comment_status":"open","ping_status":"closed","template":"","meta":{"_seopress_robots_primary_cat":"none","_seopress_titles_title":"Custom Denim Handbag Canvas Tote Bag  %%sep%% %%sitetitle%%","_seopress_titles_desc":"","_seopress_robots_index":""},"product_brand":[],"product_cat":[29,103],"product_tag":[],"class_list":{"0":"post-1743","1":"product","2":"type-product","3":"status-publish","4":"has-post-thumbnail","6":"product_cat-tote-bag","7":"product_cat-other-fabric-bag","9":"first","10":"instock","11":"taxable","12":"shipping-taxable","13":"product-type-simple"},"_links":{"self":[{"href":"https:\/\/avecobaggie.com\/es\/wp-json\/wp\/v2\/product\/1743","targetHints":{"allow":["GET"]}}],"collection":[{"href":"https:\/\/avecobaggie.com\/es\/wp-json\/wp\/v2\/product"}],"about":[{"href":"https:\/\/avecobaggie.com\/es\/wp-json\/wp\/v2\/types\/product"}],"replies":[{"embeddable":true,"href":"https:\/\/avecobaggie.com\/es\/wp-json\/wp\/v2\/comments?post=1743"}],"wp:featuredmedia":[{"embeddable":true,"href":"https:\/\/avecobaggie.com\/es\/wp-json\/wp\/v2\/media\/1753"}],"wp:attachment":[{"href":"https:\/\/avecobaggie.com\/es\/wp-json\/wp\/v2\/media?parent=1743"}],"wp:term":[{"taxonomy":"product_brand","embeddable":true,"href":"https:\/\/avecobaggie.com\/es\/wp-json\/wp\/v2\/product_brand?post=1743"},{"taxonomy":"product_cat","embeddable":true,"href":"https:\/\/avecobaggie.com\/es\/wp-json\/wp\/v2\/product_cat?post=1743"},{"taxonomy":"product_tag","embeddable":true,"href":"https:\/\/avecobaggie.com\/es\/wp-json\/wp\/v2\/product_tag?post=1743"}],"curies":[{"name":"wp","href":"https:\/\/api.w.org\/{rel}","templated":true}]}}