{"id":1801,"date":"2021-03-02T16:00:05","date_gmt":"2021-03-02T08:00:05","guid":{"rendered":"https:\/\/avecobaggie.com\/?post_type=product&#038;p=1801"},"modified":"2021-03-30T11:08:22","modified_gmt":"2021-03-30T03:08:22","slug":"wholesale-cotton-canvas-shopping-bag","status":"publish","type":"product","link":"https:\/\/avecobaggie.com\/es\/producto\/wholesale-cotton-canvas-shopping-bag\/","title":{"rendered":"Mayorista Bolsa de la compra de lona de algod\u00f3n"},"content":{"rendered":"<p>Aveco ofrece principalmente bolsas de lona de algod\u00f3n personalizadas con un servicio de soluci\u00f3n integral. Nuestras bolsas son duraderas, de alta calidad y asequibles para satisfacer diferentes prop\u00f3sitos. Todos los materiales que utilizamos son ecol\u00f3gicos, incluyendo algod\u00f3n, lona, lino, yute, fieltro, etc. Si usted est\u00e1 buscando para hacer bolsas con su marca de etiqueta privada o eventos promocionales, entonces podemos servir a sus necesidades a granel con un MOQ bastante bajo y entrega r\u00e1pida.<\/p>\n<h3><span style=\"color: #999999;\">Caracter\u00edsticas de la bolsa de la compra de lona de algod\u00f3n<\/span><\/h3>\n<ul>\n<li><strong>Estilo Bolsa<\/strong>: Bolsa de la compra de lona con fuelle<\/li>\n<li><strong>Tipo de material<\/strong>: Lienzo<\/li>\n<li><strong>Material Peso<\/strong>:  12oz \/ tambi\u00e9n podemos hacer otro espesor de acuerdo a su solicitud, <a href=\"https:\/\/avecobaggie.com\/es\/custom-solutions\/\">Haga clic para ver la tabla de pesos de los tejidos<\/a><\/li>\n<li><strong>Material Color<\/strong>: Beige natural<\/li>\n<li><strong>Tama\u00f1o de la bolsa<\/strong>:30X38X10CM ( lista con tama\u00f1o est\u00e1ndar, aceptamos bolsa de tama\u00f1o personalizado \uff09<\/li>\n<li><strong>\u00c1rea de impresi\u00f3n<\/strong>: 1 color | 2 colores | m\u00e1s colores| Impresi\u00f3n completa, impresi\u00f3n a una o dos caras<\/li>\n<li><strong>Cierre<\/strong>: Abrir<\/li>\n<li><strong>Instrucciones de cuidado<\/strong>: Se recomienda lavar a mano, tambi\u00e9n se puede lavar a m\u00e1quina y secar colgado.<\/li>\n<\/ul>\n<p><strong>Notas:Para el tejido de algod\u00f3n, habr\u00e1 un ligero encogimiento despu\u00e9s del lavado<\/strong><\/p>","protected":false},"excerpt":{"rendered":"<p>Este producto es novedoso en estilo con fuelle, popular en forma y exquisito en mano de obra.y es amigable para personalizar con impresiones de logotipo, y el grosor.<\/p>","protected":false},"featured_media":1802,"comment_status":"open","ping_status":"closed","template":"","meta":{"_seopress_robots_primary_cat":"none","_seopress_titles_title":"Wholesale Cotton Canvas Shopping Bag %%sep%% OEM with AvecoBaggie","_seopress_titles_desc":"Aveco manufacture and wholesale different kinds of canvas shopping bag, from big to small, simple to Complex, with low MOQ to custom designs.","_seopress_robots_index":""},"product_brand":[],"product_cat":[29,102,108,109,110],"product_tag":[],"class_list":{"0":"post-1801","1":"product","2":"type-product","3":"status-publish","4":"has-post-thumbnail","6":"product_cat-tote-bag","7":"product_cat-cotton-canvas-bag","8":"product_cat-work-school","9":"product_cat-everyday","10":"product_cat-travel","12":"first","13":"instock","14":"taxable","15":"shipping-taxable","16":"product-type-simple"},"_links":{"self":[{"href":"https:\/\/avecobaggie.com\/es\/wp-json\/wp\/v2\/product\/1801","targetHints":{"allow":["GET"]}}],"collection":[{"href":"https:\/\/avecobaggie.com\/es\/wp-json\/wp\/v2\/product"}],"about":[{"href":"https:\/\/avecobaggie.com\/es\/wp-json\/wp\/v2\/types\/product"}],"replies":[{"embeddable":true,"href":"https:\/\/avecobaggie.com\/es\/wp-json\/wp\/v2\/comments?post=1801"}],"wp:featuredmedia":[{"embeddable":true,"href":"https:\/\/avecobaggie.com\/es\/wp-json\/wp\/v2\/media\/1802"}],"wp:attachment":[{"href":"https:\/\/avecobaggie.com\/es\/wp-json\/wp\/v2\/media?parent=1801"}],"wp:term":[{"taxonomy":"product_brand","embeddable":true,"href":"https:\/\/avecobaggie.com\/es\/wp-json\/wp\/v2\/product_brand?post=1801"},{"taxonomy":"product_cat","embeddable":true,"href":"https:\/\/avecobaggie.com\/es\/wp-json\/wp\/v2\/product_cat?post=1801"},{"taxonomy":"product_tag","embeddable":true,"href":"https:\/\/avecobaggie.com\/es\/wp-json\/wp\/v2\/product_tag?post=1801"}],"curies":[{"name":"wp","href":"https:\/\/api.w.org\/{rel}","templated":true}]}}