{"id":1848,"date":"2021-03-03T14:51:12","date_gmt":"2021-03-03T06:51:12","guid":{"rendered":"https:\/\/avecobaggie.com\/?post_type=product&#038;p=1848"},"modified":"2021-03-30T11:05:24","modified_gmt":"2021-03-30T03:05:24","slug":"foldable-canvas-tote-bag","status":"publish","type":"product","link":"https:\/\/avecobaggie.com\/es\/producto\/foldable-canvas-tote-bag\/","title":{"rendered":"Bolsa de lona plegable"},"content":{"rendered":"<p>Aveco ofrece principalmente bolsas ecol\u00f3gicas personalizadas con un servicio de soluci\u00f3n integral. Nuestras bolsas son duraderas, de alta calidad y asequibles para satisfacer diferentes prop\u00f3sitos. Todos los materiales que utilizamos son ecol\u00f3gicos, incluyendo algod\u00f3n, lona, lino, yute, fieltro, etc. Si usted est\u00e1 buscando para hacer bolsas con su marca de etiqueta privada o eventos promocionales, entonces podemos servir a sus necesidades a granel con un MOQ bastante bajo y entrega r\u00e1pida.<\/p>\n<p>CARACTER\u00cdSTICAS DEL PRODUCTO<\/p>\n<ul>\n<li><strong>Estilo Bolsa<\/strong>: Totes plegables sin fuelle<\/li>\n<li><strong>Tipo de material<\/strong>: Algod\u00f3n<\/li>\n<li><strong>Material Peso<\/strong>: 6oz \/ tambi\u00e9n podemos hacer otros espesores seg\u00fan su petici\u00f3n, <a href=\"https:\/\/avecobaggie.com\/es\/custom-solutions\/\">Haga clic para ver la tabla de pesos de los tejidos<\/a><\/li>\n<li><strong>Material Color<\/strong>: Blanco<\/li>\n<li><strong>Tama\u00f1o de la bolsa<\/strong>:37X47CM ( lista con tama\u00f1o est\u00e1ndar, aceptamos bolsa de tama\u00f1o personalizado \uff09<\/li>\n<li><strong>\u00c1rea de impresi\u00f3n<\/strong>: 1 color | 2 colores | m\u00e1s colores| Impresi\u00f3n completa, impresi\u00f3n a una o dos caras<\/li>\n<li><strong>Cierre<\/strong>: Abrir<\/li>\n<li><strong>Instrucciones de cuidado<\/strong>: Se recomienda lavar a mano, tambi\u00e9n se puede lavar a m\u00e1quina y secar colgado.<\/li>\n<\/ul>\n<p><strong>Notas:Para el tejido de algod\u00f3n, habr\u00e1 un ligero encogimiento despu\u00e9s del lavado<\/strong><\/p>","protected":false},"excerpt":{"rendered":"<p>Material de selecci\u00f3n natural, duradero y dif\u00edcil de da\u00f1ar<\/p>","protected":false},"featured_media":1849,"comment_status":"open","ping_status":"closed","template":"","meta":{"_seopress_robots_primary_cat":"none","_seopress_titles_title":"","_seopress_titles_desc":"","_seopress_robots_index":""},"product_brand":[],"product_cat":[100,102,110],"product_tag":[],"class_list":{"0":"post-1848","1":"product","2":"type-product","3":"status-publish","4":"has-post-thumbnail","6":"product_cat-other-creative-bag","7":"product_cat-cotton-canvas-bag","8":"product_cat-travel","10":"first","11":"instock","12":"taxable","13":"shipping-taxable","14":"product-type-simple"},"_links":{"self":[{"href":"https:\/\/avecobaggie.com\/es\/wp-json\/wp\/v2\/product\/1848","targetHints":{"allow":["GET"]}}],"collection":[{"href":"https:\/\/avecobaggie.com\/es\/wp-json\/wp\/v2\/product"}],"about":[{"href":"https:\/\/avecobaggie.com\/es\/wp-json\/wp\/v2\/types\/product"}],"replies":[{"embeddable":true,"href":"https:\/\/avecobaggie.com\/es\/wp-json\/wp\/v2\/comments?post=1848"}],"wp:featuredmedia":[{"embeddable":true,"href":"https:\/\/avecobaggie.com\/es\/wp-json\/wp\/v2\/media\/1849"}],"wp:attachment":[{"href":"https:\/\/avecobaggie.com\/es\/wp-json\/wp\/v2\/media?parent=1848"}],"wp:term":[{"taxonomy":"product_brand","embeddable":true,"href":"https:\/\/avecobaggie.com\/es\/wp-json\/wp\/v2\/product_brand?post=1848"},{"taxonomy":"product_cat","embeddable":true,"href":"https:\/\/avecobaggie.com\/es\/wp-json\/wp\/v2\/product_cat?post=1848"},{"taxonomy":"product_tag","embeddable":true,"href":"https:\/\/avecobaggie.com\/es\/wp-json\/wp\/v2\/product_tag?post=1848"}],"curies":[{"name":"wp","href":"https:\/\/api.w.org\/{rel}","templated":true}]}}