{"id":1873,"date":"2021-03-03T17:07:29","date_gmt":"2021-03-03T09:07:29","guid":{"rendered":"https:\/\/avecobaggie.com\/?post_type=product&#038;p=1873"},"modified":"2021-03-30T11:02:44","modified_gmt":"2021-03-30T03:02:44","slug":"small-draw-string-sack-of-jewelry-and-joyful","status":"publish","type":"product","link":"https:\/\/avecobaggie.com\/es\/producto\/small-draw-string-sack-of-jewelry-and-joyful\/","title":{"rendered":"El cord\u00f3n para bolsas de arpillera al por mayor"},"content":{"rendered":"<p>Aveco ofrece principalmente bolsas ecol\u00f3gicas personalizadas con un servicio de soluci\u00f3n integral. Nuestras bolsas son duraderas, de alta calidad y asequibles para satisfacer diferentes prop\u00f3sitos. Todos los materiales que utilizamos son ecol\u00f3gicos, como el algod\u00f3n, la lona, el lino, el yute, el fieltro, etc. Si desea fabricar bolsas con su marca privada o para eventos promocionales, podemos satisfacer sus necesidades a granel con un MOQ bastante bajo y una entrega r\u00e1pida.<\/p>\n<p>The listing small burlap bag can be customized with different sizes, with size small to large, and if you want a gusset,it is also ok, It has a wide occasions\u00a0 using as a burlap coffee bags, burlap makeup bags, money bags, bags for candles and so on.<\/p>\n<p>For larger bags, it is suitable for gifts, herbs and vegetable.It&#8217;s eco friendly and high quality,<\/p>\n<h3 class=\"p1\"><span style=\"color: #333333;\">Product Features for The Wholesale Burlap Bag<\/span><\/h3>\n<ul>\n<li><strong>Estilo Bolsa<\/strong>: Burlap bag<\/li>\n<li><strong>Tipo de material<\/strong>: Yute<\/li>\n<li><strong>Material Peso<\/strong>: &#8212;<\/li>\n<li><strong>Material Color<\/strong>: Natural jute<\/li>\n<li><strong>Tama\u00f1o de la bolsa<\/strong>: 10X15CM\uff08 list with popular size, we accept customized size bag \uff09<\/li>\n<li><strong>\u00c1rea de impresi\u00f3n<\/strong>: 1 color | 2 colores | m\u00e1s colores| Impresi\u00f3n completa, impresi\u00f3n a una o dos caras<\/li>\n<li><strong>Cierre<\/strong>: Cord\u00f3n<\/li>\n<li><strong>Instrucciones de cuidado<\/strong>: Se recomienda lavar a mano, tambi\u00e9n se puede lavar a m\u00e1quina y secar colgado.<\/li>\n<\/ul>\n<p><strong>Notas:Para el tejido de algod\u00f3n, habr\u00e1 un ligero encogimiento despu\u00e9s del lavado<\/strong><\/p>","protected":false},"excerpt":{"rendered":"<p>Perfecta para regalos con programas de compra y obsequios, personal\u00edcela con su logotipo en la bolsa de algod\u00f3n con cord\u00f3n y d\u00e9 a conocer su marca.<\/p>","protected":false},"featured_media":1874,"comment_status":"open","ping_status":"closed","template":"","meta":{"_seopress_robots_primary_cat":"none","_seopress_titles_title":"%%post_title%% - OEM - Aveco","_seopress_titles_desc":"Eco friendly Jute Material Burlap bag, with drawstring ,can print logo or pattern. Multiple Sizes.Get Custom Easily With MOQ 100pieces.Let&#039;s Work Now","_seopress_robots_index":""},"product_brand":[],"product_cat":[92,104,111],"product_tag":[],"class_list":{"0":"post-1873","1":"product","2":"type-product","3":"status-publish","4":"has-post-thumbnail","6":"product_cat-drawstring-bag","7":"product_cat-jute-burlap-bag","8":"product_cat-promotional-events","10":"first","11":"instock","12":"taxable","13":"shipping-taxable","14":"product-type-simple"},"_links":{"self":[{"href":"https:\/\/avecobaggie.com\/es\/wp-json\/wp\/v2\/product\/1873","targetHints":{"allow":["GET"]}}],"collection":[{"href":"https:\/\/avecobaggie.com\/es\/wp-json\/wp\/v2\/product"}],"about":[{"href":"https:\/\/avecobaggie.com\/es\/wp-json\/wp\/v2\/types\/product"}],"replies":[{"embeddable":true,"href":"https:\/\/avecobaggie.com\/es\/wp-json\/wp\/v2\/comments?post=1873"}],"wp:featuredmedia":[{"embeddable":true,"href":"https:\/\/avecobaggie.com\/es\/wp-json\/wp\/v2\/media\/1874"}],"wp:attachment":[{"href":"https:\/\/avecobaggie.com\/es\/wp-json\/wp\/v2\/media?parent=1873"}],"wp:term":[{"taxonomy":"product_brand","embeddable":true,"href":"https:\/\/avecobaggie.com\/es\/wp-json\/wp\/v2\/product_brand?post=1873"},{"taxonomy":"product_cat","embeddable":true,"href":"https:\/\/avecobaggie.com\/es\/wp-json\/wp\/v2\/product_cat?post=1873"},{"taxonomy":"product_tag","embeddable":true,"href":"https:\/\/avecobaggie.com\/es\/wp-json\/wp\/v2\/product_tag?post=1873"}],"curies":[{"name":"wp","href":"https:\/\/api.w.org\/{rel}","templated":true}]}}