{"id":1898,"date":"2021-03-04T09:33:25","date_gmt":"2021-03-04T01:33:25","guid":{"rendered":"https:\/\/avecobaggie.com\/?post_type=product&#038;p=1898"},"modified":"2022-08-01T17:46:22","modified_gmt":"2022-08-01T09:46:22","slug":"custom-small-satin-gift-bag","status":"publish","type":"product","link":"https:\/\/avecobaggie.com\/es\/producto\/custom-small-satin-gift-bag\/","title":{"rendered":"Bolsa de regalo peque\u00f1a de sat\u00e9n personalizada"},"content":{"rendered":"<p>Aveco ofrece principalmente bolsas ecol\u00f3gicas personalizadas con un servicio de soluci\u00f3n integral. Tambi\u00e9n tenemos algunas formas b\u00e1sicas de bolsas para un comienzo f\u00e1cil como aparece en el sitio web de\u00a0\u00a0<a href=\"https:\/\/avecobaggie.com\/es\/categoria-producto\/bags-in-stock\/\"> Bolsas en stock <\/a>. la mayor\u00eda de las bolsas en stock est\u00e1n en blanco sin ninguna impresi\u00f3n, por lo que es m\u00e1s f\u00e1cil para usted hacer un logotipo privado o etiqueta para sus clientes sin un m\u00ednimo.<\/p>\n<p><span class=\"Apple-converted-space\">\u00a0 \u00a0 Si quieres personalizar estas bolsas ecol\u00f3gicas, tambi\u00e9n es f\u00e1cil, algunas de las bolsas son incluso con muy bajo <\/span>MOQ para superficies personalizadas. Especialmente algod\u00f3n o bolsa de lona es extremadamente bajo en 100pieces o incluso menos para apoyar a los principiantes, vaya a <a href=\"https:\/\/avecobaggie.com\/es\/custom-solutions\/\"><strong>SOLUCIONES PERSONALIZADAS<\/strong><\/a> para saber m\u00e1s sobre los pasos de las bolsas a medida.<\/p>\n<h3 class=\"p1\"><span style=\"color: #333333;\">\u00a0 \u00a0 Product Features for the Custom Small Satin Gift Bag<\/span><\/h3>\n<ul>\n<li><strong>Estilo Bolsa<\/strong>: Satin Gift Bag<\/li>\n<li><strong>Tipo de material<\/strong>: Satin,<span class=\"a-list-item\">Sturdy material keeps shape well, which prevent bags from deformation and getting wrinkled. Strong enough to hold heavier items<\/span><\/li>\n<li><strong>Material Color<\/strong>: Color<\/li>\n<li><strong>Tama\u00f1o de la bolsa<\/strong>: 13X18CM\uff08 lista con tama\u00f1o popular, aceptamos bolsa de tama\u00f1o personalizado \uff09.<\/li>\n<li><strong>\u00c1rea de impresi\u00f3n<\/strong>: 1 color | 2 colores | m\u00e1s colores| Impresi\u00f3n completa, impresi\u00f3n a una o dos caras<\/li>\n<li><strong>Cierre<\/strong>: Drawstring keeps your items safely stored and top quality double side stitching provide secure fit and long &#8211; lasting usage, <span class=\"a-list-item\">a good quality\u00a0 ribbon drawstring, make the bags easy to open and close, so it can help you to avoid object lost.<\/span><\/li>\n<li><strong>Instrucciones de cuidado<\/strong>: Se recomienda lavar a mano.<\/li>\n<li><strong>Wide Application:<\/strong><span class=\"a-list-item\">\u00a0The small satin gift bags are perfect for holidays, parties, baby showers, Halloween, Christmas, and any other special events. Good for packaging store gifts, jewelry, makeup bottle, candies, snacks, sachets favors, samples, gifts, soaps, cards, coins other slightly heavier items, etc.<\/span><\/li>\n<\/ul>","protected":false},"excerpt":{"rendered":"<p>Made of Smooth Quality Satin Fabric, Lightweight and Ultra Soft. Perfect for gifts with purchase programs and giveaways,Get customized with your logo on from the satin bag manufacturer and expand your brand.<\/p>","protected":false},"featured_media":1899,"comment_status":"open","ping_status":"closed","template":"","meta":{"_seopress_robots_primary_cat":"none","_seopress_titles_title":"Custom Small Satin Gift Bags - Free Sample - Fast Proofing","_seopress_titles_desc":"Smooth Satin Fabric, Lightweight and Ultra Soft.Perfect for promotional events. Get customized Now on small satin gift bags and expand your brand.","_seopress_robots_index":""},"product_brand":[],"product_cat":[92,103,109,111],"product_tag":[],"class_list":{"0":"post-1898","1":"product","2":"type-product","3":"status-publish","4":"has-post-thumbnail","6":"product_cat-drawstring-bag","7":"product_cat-other-fabric-bag","8":"product_cat-everyday","9":"product_cat-promotional-events","11":"first","12":"instock","13":"taxable","14":"shipping-taxable","15":"product-type-simple"},"_links":{"self":[{"href":"https:\/\/avecobaggie.com\/es\/wp-json\/wp\/v2\/product\/1898","targetHints":{"allow":["GET"]}}],"collection":[{"href":"https:\/\/avecobaggie.com\/es\/wp-json\/wp\/v2\/product"}],"about":[{"href":"https:\/\/avecobaggie.com\/es\/wp-json\/wp\/v2\/types\/product"}],"replies":[{"embeddable":true,"href":"https:\/\/avecobaggie.com\/es\/wp-json\/wp\/v2\/comments?post=1898"}],"wp:featuredmedia":[{"embeddable":true,"href":"https:\/\/avecobaggie.com\/es\/wp-json\/wp\/v2\/media\/1899"}],"wp:attachment":[{"href":"https:\/\/avecobaggie.com\/es\/wp-json\/wp\/v2\/media?parent=1898"}],"wp:term":[{"taxonomy":"product_brand","embeddable":true,"href":"https:\/\/avecobaggie.com\/es\/wp-json\/wp\/v2\/product_brand?post=1898"},{"taxonomy":"product_cat","embeddable":true,"href":"https:\/\/avecobaggie.com\/es\/wp-json\/wp\/v2\/product_cat?post=1898"},{"taxonomy":"product_tag","embeddable":true,"href":"https:\/\/avecobaggie.com\/es\/wp-json\/wp\/v2\/product_tag?post=1898"}],"curies":[{"name":"wp","href":"https:\/\/api.w.org\/{rel}","templated":true}]}}