{"id":1916,"date":"2021-03-04T11:20:42","date_gmt":"2021-03-04T03:20:42","guid":{"rendered":"https:\/\/avecobaggie.com\/?post_type=product&#038;p=1916"},"modified":"2021-03-30T10:58:46","modified_gmt":"2021-03-30T02:58:46","slug":"drawstring-jute-wine-gift-bag-wholesale","status":"publish","type":"product","link":"https:\/\/avecobaggie.com\/es\/producto\/drawstring-jute-wine-gift-bag-wholesale\/","title":{"rendered":"Bolsa de yute para vino al por mayor"},"content":{"rendered":"<p>Aveco ofrece principalmente bolsas ecol\u00f3gicas personalizadas con un servicio de soluci\u00f3n integral. Nuestras bolsas son duraderas, de alta calidad y asequibles para satisfacer diferentes prop\u00f3sitos. Todos los materiales que utilizamos son ecol\u00f3gicos, como el algod\u00f3n, la lona, el lino, el yute, el fieltro, etc. Si desea fabricar bolsas con su marca privada o para eventos promocionales, podemos satisfacer sus necesidades a granel con un MOQ bastante bajo y una entrega r\u00e1pida.<\/p>\n<h3 class=\"p1\"><span style=\"color: #333333;\">\u00a0Caracter\u00edsticas de la bolsa de yute para vino con cord\u00f3n<\/span><\/h3>\n<ul>\n<li><strong>Estilo Bolsa<\/strong>: Bolsa de regalo para vino<\/li>\n<li><strong>Tipo de material<\/strong>: Yute,<span class=\"a-list-item\">Tejido lavable y reutilizable - Las bolsas de vino de yute est\u00e1n hechas de fibra de yute natural mezclada con poli\u00e9ster, no desprenden fibras como la arpillera r\u00fastica pura y son lavables, m\u00e1s duraderas y adorables, vintage tambi\u00e9n con estilo<\/span><\/li>\n<li><strong>Material Color<\/strong>: Yute natural,<span class=\"a-list-item\">Color yute marr\u00f3n para regalar todo el a\u00f1o - Las bolsas de yute para vino son de color marr\u00f3n, hacen que cualquier botella de vino sea m\u00e1s elegante, y un bonito efecto de bloqueo de la luz para su vino; buenas para presentar regalos de vino, fiestas de cata a ciegas, decoraci\u00f3n de vino, etc.<\/span><\/li>\n<li><strong>Tama\u00f1o de la bolsa<\/strong>:14\u2033 x 6 1\/4\u2033 \/ 35.5cm x 16cm, se ajustan a la mayor\u00eda de las botellas de vino est\u00e1ndar de 750ml \/ 25.3oz individuales y botellas de champ\u00e1n, y las bolsas pueden ser artesanales con vinilo HTV, forma muy elegante de presentar el regalo del vino.<\/li>\n<li><strong>\u00c1rea de impresi\u00f3n<\/strong>: 1 color | 2 colores | m\u00e1s colores| Impresi\u00f3n completa, impresi\u00f3n a una o dos caras<\/li>\n<li><strong>Cierre<\/strong>: Cord\u00f3n,<span class=\"a-list-item\">F\u00e1ciles de abrir y cerrar - Las bolsas de regalo de arpillera con cord\u00f3n son m\u00e1s f\u00e1ciles de cerrar y abrir, una forma \u00fanica de envolver vino, cerveza, licor o cualquier regalo largo o alto del tama\u00f1o de una botella.<\/span><\/li>\n<li><strong>Instrucciones de cuidado<\/strong>: Se recomienda lavar a mano.<br \/>\n<span class=\"a-list-item\">Bolsas vers\u00e1tiles de arpillera para botellas de vidrio - Estas bolsas de tela para regalo de vino visten muy bien las botellas de licor y al mismo tiempo las mantienen alejadas del polvo. Agradable para la decoraci\u00f3n del partido, envoltura de regalo del vino, degustaci\u00f3n de vinos, decoraci\u00f3n de vacaciones como Navidad, etc.<\/span><\/li>\n<\/ul>","protected":false},"excerpt":{"rendered":"<p>Almacenamiento c\u00f3modo y sencillo, f\u00e1cil de transportar, decoraciones de vino perfectas para viajes, bodas, cumplea\u00f1os, inauguraci\u00f3n de la casa y cenas.<\/p>","protected":false},"featured_media":1917,"comment_status":"open","ping_status":"closed","template":"","meta":{"_seopress_robots_primary_cat":"none","_seopress_titles_title":"Drawstring Jute Wine Gift Bag Wholesale - Free Sample","_seopress_titles_desc":"Washable Reusable Fabric,Brown Jute Color for Year Round Giving,Easy To Open And Close Nicely,Size and Logo Can be easily Customized.","_seopress_robots_index":""},"product_brand":[],"product_cat":[92,104,109],"product_tag":[124],"class_list":{"0":"post-1916","1":"product","2":"type-product","3":"status-publish","4":"has-post-thumbnail","6":"product_cat-drawstring-bag","7":"product_cat-jute-burlap-bag","8":"product_cat-everyday","9":"product_tag-wine-bag","11":"first","12":"instock","13":"taxable","14":"shipping-taxable","15":"product-type-simple"},"_links":{"self":[{"href":"https:\/\/avecobaggie.com\/es\/wp-json\/wp\/v2\/product\/1916","targetHints":{"allow":["GET"]}}],"collection":[{"href":"https:\/\/avecobaggie.com\/es\/wp-json\/wp\/v2\/product"}],"about":[{"href":"https:\/\/avecobaggie.com\/es\/wp-json\/wp\/v2\/types\/product"}],"replies":[{"embeddable":true,"href":"https:\/\/avecobaggie.com\/es\/wp-json\/wp\/v2\/comments?post=1916"}],"wp:featuredmedia":[{"embeddable":true,"href":"https:\/\/avecobaggie.com\/es\/wp-json\/wp\/v2\/media\/1917"}],"wp:attachment":[{"href":"https:\/\/avecobaggie.com\/es\/wp-json\/wp\/v2\/media?parent=1916"}],"wp:term":[{"taxonomy":"product_brand","embeddable":true,"href":"https:\/\/avecobaggie.com\/es\/wp-json\/wp\/v2\/product_brand?post=1916"},{"taxonomy":"product_cat","embeddable":true,"href":"https:\/\/avecobaggie.com\/es\/wp-json\/wp\/v2\/product_cat?post=1916"},{"taxonomy":"product_tag","embeddable":true,"href":"https:\/\/avecobaggie.com\/es\/wp-json\/wp\/v2\/product_tag?post=1916"}],"curies":[{"name":"wp","href":"https:\/\/api.w.org\/{rel}","templated":true}]}}