{"id":1935,"date":"2021-03-04T14:23:02","date_gmt":"2021-03-04T06:23:02","guid":{"rendered":"https:\/\/avecobaggie.com\/?post_type=product&#038;p=1935"},"modified":"2021-03-30T10:58:02","modified_gmt":"2021-03-30T02:58:02","slug":"top-grade-gift-canvas-blue-striped-red-wine-tote-bag","status":"publish","type":"product","link":"https:\/\/avecobaggie.com\/es\/producto\/top-grade-gift-canvas-blue-striped-red-wine-tote-bag\/","title":{"rendered":"Regalo Bolsa de lona para vino"},"content":{"rendered":"<p>Aveco ofrece principalmente bolsas ecol\u00f3gicas personalizadas con un servicio de soluci\u00f3n integral. Nuestras bolsas son duraderas, de alta calidad y asequibles para satisfacer diferentes prop\u00f3sitos. Todos los materiales que utilizamos son ecol\u00f3gicos, como el algod\u00f3n, la lona, el lino, el yute, el fieltro, etc. Si desea fabricar bolsas con su marca privada o para eventos promocionales, podemos satisfacer sus necesidades a granel con un MOQ bastante bajo y una entrega r\u00e1pida.<\/p>\n<p>CARACTER\u00cdSTICAS DEL PRODUCTO<\/p>\n<ul>\n<li><strong>Estilo Bolsa<\/strong>: Tote bag<\/li>\n<li><strong>Tipo de material<\/strong>: Cotton|Canvas<\/li>\n<li><strong>Material Peso<\/strong>: &#8212;<\/li>\n<li><strong>Material Color<\/strong>: Blanco<\/li>\n<li><strong>Tama\u00f1o de la bolsa<\/strong>: 12*31*12CM\uff08 list with popular size, we accept customized size bag \uff09<\/li>\n<li><strong>\u00c1rea de impresi\u00f3n<\/strong>: 1 color | 2 colores | m\u00e1s colores| Impresi\u00f3n completa, impresi\u00f3n a una o dos caras<\/li>\n<li><strong>Cierre<\/strong>: Abrir<\/li>\n<li><strong>Instrucciones de cuidado<\/strong>: Se recomienda lavar a mano, tambi\u00e9n se puede lavar a m\u00e1quina y secar colgado.<\/li>\n<\/ul>\n<p><strong>Notas:Para el tejido de algod\u00f3n, habr\u00e1 un ligero encogimiento despu\u00e9s del lavado<\/strong><\/p>","protected":false},"excerpt":{"rendered":"<p>Almacenamiento c\u00f3modo y sencillo, f\u00e1cil de transportar, se puede utilizar para envasar vino tinto, vino blanco y otras bebidas<\/p>","protected":false},"featured_media":1936,"comment_status":"open","ping_status":"closed","template":"","meta":{"_seopress_robots_primary_cat":"none","_seopress_titles_title":"","_seopress_titles_desc":"","_seopress_robots_index":""},"product_brand":[],"product_cat":[29,102],"product_tag":[],"class_list":{"0":"post-1935","1":"product","2":"type-product","3":"status-publish","4":"has-post-thumbnail","6":"product_cat-tote-bag","7":"product_cat-cotton-canvas-bag","9":"first","10":"instock","11":"taxable","12":"shipping-taxable","13":"product-type-simple"},"_links":{"self":[{"href":"https:\/\/avecobaggie.com\/es\/wp-json\/wp\/v2\/product\/1935","targetHints":{"allow":["GET"]}}],"collection":[{"href":"https:\/\/avecobaggie.com\/es\/wp-json\/wp\/v2\/product"}],"about":[{"href":"https:\/\/avecobaggie.com\/es\/wp-json\/wp\/v2\/types\/product"}],"replies":[{"embeddable":true,"href":"https:\/\/avecobaggie.com\/es\/wp-json\/wp\/v2\/comments?post=1935"}],"wp:featuredmedia":[{"embeddable":true,"href":"https:\/\/avecobaggie.com\/es\/wp-json\/wp\/v2\/media\/1936"}],"wp:attachment":[{"href":"https:\/\/avecobaggie.com\/es\/wp-json\/wp\/v2\/media?parent=1935"}],"wp:term":[{"taxonomy":"product_brand","embeddable":true,"href":"https:\/\/avecobaggie.com\/es\/wp-json\/wp\/v2\/product_brand?post=1935"},{"taxonomy":"product_cat","embeddable":true,"href":"https:\/\/avecobaggie.com\/es\/wp-json\/wp\/v2\/product_cat?post=1935"},{"taxonomy":"product_tag","embeddable":true,"href":"https:\/\/avecobaggie.com\/es\/wp-json\/wp\/v2\/product_tag?post=1935"}],"curies":[{"name":"wp","href":"https:\/\/api.w.org\/{rel}","templated":true}]}}