{"id":1941,"date":"2021-03-04T14:36:27","date_gmt":"2021-03-04T06:36:27","guid":{"rendered":"https:\/\/avecobaggie.com\/?post_type=product&#038;p=1941"},"modified":"2021-03-30T10:57:16","modified_gmt":"2021-03-30T02:57:16","slug":"canvas-2-bottles-wine-totes","status":"publish","type":"product","link":"https:\/\/avecobaggie.com\/es\/producto\/canvas-2-bottles-wine-totes\/","title":{"rendered":"Lienzo 2 Botellas Vino Totes"},"content":{"rendered":"<p>Aveco ofrece principalmente bolsas ecol\u00f3gicas personalizadas con un servicio de soluci\u00f3n integral. Nuestras bolsas son duraderas, de alta calidad y asequibles para satisfacer diferentes prop\u00f3sitos. Todos los materiales que utilizamos son ecol\u00f3gicos, como el algod\u00f3n, la lona, el lino, el yute, el fieltro, etc. Si desea fabricar bolsas con su marca privada o para eventos promocionales, podemos satisfacer sus necesidades a granel con un MOQ bastante bajo y una entrega r\u00e1pida.<\/p>\n<p>CARACTER\u00cdSTICAS DEL PRODUCTO<\/p>\n<ul>\n<li><strong>Estilo Bolsa<\/strong>: Bolsa para vino de alta resistencia<\/li>\n<li><strong>Tipo de material<\/strong>: Lienzo de algod\u00f3n, otro material puede personalizar<\/li>\n<li><strong>Material Peso<\/strong>: Listado 16oz, tambi\u00e9n puede personalizar 6oz\/174GSM, 8oz\/232GSM, Otro-por favor especifique abajo<\/li>\n<li><strong>Material Color<\/strong>: Empalme de blanco con otro color<\/li>\n<li><strong>Tama\u00f1o de la bolsa<\/strong>: 18X32X10CM\uff08 Aceptamos bolsa de tama\u00f1o personalizado \uff09<\/li>\n<li><strong>\u00c1rea de impresi\u00f3n<\/strong>: 1 color | 2 colores | m\u00e1s colores| Impresi\u00f3n completa, impresi\u00f3n a una o dos caras<\/li>\n<li><strong>Cierre<\/strong>: Abrir<\/li>\n<li><strong>Ventaja:<\/strong> 1.Una gran alternativa a las cajas de regalo ordinarias y a llevar bebidas embotelladas,2.Perfecto para <span class=\"a-list-item\">Regalar vino embotellado de lujo y alcohol a amigos y familiares para bodas, cumplea\u00f1os, aniversarios, fiestas de inauguraci\u00f3n de la casa, celebraciones y cenas; Uso para minoristas, tiendas y supermercados.<\/span><\/li>\n<li><strong>Instrucciones de cuidado<\/strong>: Se recomienda lavar a mano, tambi\u00e9n se puede lavar a m\u00e1quina y secar colgado.<\/li>\n<\/ul>\n<p><strong>Notas:Para el tejido de algod\u00f3n, habr\u00e1 un ligero encogimiento despu\u00e9s del lavado<\/strong><\/p>","protected":false},"excerpt":{"rendered":"<p>Hecho de algod\u00f3n de calidad que puede ser reutilizado de forma fiable, una y otra vez.almacenamiento conveniente y simple, f\u00e1cil de llevar, se puede utilizar para el envasado de vino, y otras bebidas.<\/p>","protected":false},"featured_media":1942,"comment_status":"open","ping_status":"closed","template":"","meta":{"_seopress_robots_primary_cat":"none","_seopress_titles_title":"","_seopress_titles_desc":"","_seopress_robots_index":""},"product_brand":[],"product_cat":[29,102,109],"product_tag":[],"class_list":{"0":"post-1941","1":"product","2":"type-product","3":"status-publish","4":"has-post-thumbnail","6":"product_cat-tote-bag","7":"product_cat-cotton-canvas-bag","8":"product_cat-everyday","10":"first","11":"instock","12":"taxable","13":"shipping-taxable","14":"product-type-simple"},"_links":{"self":[{"href":"https:\/\/avecobaggie.com\/es\/wp-json\/wp\/v2\/product\/1941","targetHints":{"allow":["GET"]}}],"collection":[{"href":"https:\/\/avecobaggie.com\/es\/wp-json\/wp\/v2\/product"}],"about":[{"href":"https:\/\/avecobaggie.com\/es\/wp-json\/wp\/v2\/types\/product"}],"replies":[{"embeddable":true,"href":"https:\/\/avecobaggie.com\/es\/wp-json\/wp\/v2\/comments?post=1941"}],"wp:featuredmedia":[{"embeddable":true,"href":"https:\/\/avecobaggie.com\/es\/wp-json\/wp\/v2\/media\/1942"}],"wp:attachment":[{"href":"https:\/\/avecobaggie.com\/es\/wp-json\/wp\/v2\/media?parent=1941"}],"wp:term":[{"taxonomy":"product_brand","embeddable":true,"href":"https:\/\/avecobaggie.com\/es\/wp-json\/wp\/v2\/product_brand?post=1941"},{"taxonomy":"product_cat","embeddable":true,"href":"https:\/\/avecobaggie.com\/es\/wp-json\/wp\/v2\/product_cat?post=1941"},{"taxonomy":"product_tag","embeddable":true,"href":"https:\/\/avecobaggie.com\/es\/wp-json\/wp\/v2\/product_tag?post=1941"}],"curies":[{"name":"wp","href":"https:\/\/api.w.org\/{rel}","templated":true}]}}