{"id":1962,"date":"2021-03-04T15:57:56","date_gmt":"2021-03-04T07:57:56","guid":{"rendered":"https:\/\/avecobaggie.com\/?post_type=product&#038;p=1962"},"modified":"2021-03-30T10:55:45","modified_gmt":"2021-03-30T02:55:45","slug":"non-woven-drawstring-shoes-bag","status":"publish","type":"product","link":"https:\/\/avecobaggie.com\/es\/producto\/non-woven-drawstring-shoes-bag\/","title":{"rendered":"bolsa no tejida con cord\u00f3n para zapatos"},"content":{"rendered":"<p>Aveco ofrece principalmente bolsas ecol\u00f3gicas personalizadas con un servicio de soluci\u00f3n integral. Nuestras bolsas son duraderas, de alta calidad y asequibles para satisfacer diferentes prop\u00f3sitos. Todos los materiales que utilizamos son ecol\u00f3gicos, como el algod\u00f3n, la lona, el lino, el yute, el fieltro, etc. Si desea fabricar bolsas con su marca privada o para eventos promocionales, podemos satisfacer sus necesidades a granel con un MOQ bastante bajo y una entrega r\u00e1pida.<\/p>\n<p>La bolsa para zapatos sin polvo de la lista est\u00e1 fabricada en tela no tejida de alta calidad con cord\u00f3n grueso para organizarla c\u00f3modamente.<\/p>\n<p>CARACTER\u00cdSTICAS DEL PRODUCTO<\/p>\n<ul>\n<li><strong>Estilo Bolsa<\/strong>: Bolsa con cord\u00f3n<\/li>\n<li><strong>Tipo de material<\/strong>: No tejido + ventana transparente de poli\u00e9ster<\/li>\n<li><strong>Material Peso<\/strong>: 70g<\/li>\n<li><strong>Material Color<\/strong>Color: negro sugerido, tambi\u00e9n puede ser rosa, azul y otros colores personalizados.<\/li>\n<li><strong>Tama\u00f1o de la bolsa<\/strong>: 28X38CM\uff08 puede personalizar el tama\u00f1o con su petici\u00f3n\uff09<\/li>\n<li><strong>\u00c1rea de impresi\u00f3n<\/strong>: 1 color | 2 colores | m\u00e1s colores| Impresi\u00f3n completa, impresi\u00f3n a una o dos caras<\/li>\n<li><strong>ventaja<\/strong>: 1.Translucent claro dise\u00f1o de la ventana, que le ayudar\u00e1 m\u00e1s f\u00e1cil identificar qu\u00e9 par de zapatos en ella, ahorrar su tiempo. Conveniente para viajar y life.2.The bolsas de zapatos de viaje no tiene olor, resistente a las manchas, transpirable, plegable, ligero y port\u00e1til, c\u00f3modo de usar.<\/li>\n<li><strong>MULTIFUNCI\u00d3N<\/strong>: No s\u00f3lo una bolsa de zapatos, tambi\u00e9n se puede utilizar como bolsa de maquillaje, accesorios de zapatos, bolsas de viaje, bolsa de aseo, bolsas de embalaje, accesorios de gimnasio, bolsas de lavander\u00eda de viaje,,bolsas de espect\u00e1culo, bolsas de deporte, bolsas de regalo de Navidad con cord\u00f3n y para otros usos.<\/li>\n<li><strong>Instrucciones de cuidado<\/strong>: Se recomienda lavar a mano, tambi\u00e9n se puede lavar a m\u00e1quina y secar colgado.<\/li>\n<\/ul>","protected":false},"excerpt":{"rendered":"<p>Protege sus zapatos contra rozaduras y ara\u00f1azos al guardarlos en el estuche, los mantiene bien organizados y sin polvo en el armario. Buen dise\u00f1o para uso dom\u00e9stico y de viaje.<\/p>","protected":false},"featured_media":2179,"comment_status":"open","ping_status":"closed","template":"","meta":{"_seopress_robots_primary_cat":"none","_seopress_titles_title":"%%post_title%% %%sep%% %%sitetitle%%","_seopress_titles_desc":"","_seopress_robots_index":""},"product_brand":[],"product_cat":[92,105,110],"product_tag":[],"class_list":{"0":"post-1962","1":"product","2":"type-product","3":"status-publish","4":"has-post-thumbnail","6":"product_cat-drawstring-bag","7":"product_cat-non-woven-bag","8":"product_cat-travel","10":"first","11":"instock","12":"taxable","13":"shipping-taxable","14":"product-type-simple"},"_links":{"self":[{"href":"https:\/\/avecobaggie.com\/es\/wp-json\/wp\/v2\/product\/1962","targetHints":{"allow":["GET"]}}],"collection":[{"href":"https:\/\/avecobaggie.com\/es\/wp-json\/wp\/v2\/product"}],"about":[{"href":"https:\/\/avecobaggie.com\/es\/wp-json\/wp\/v2\/types\/product"}],"replies":[{"embeddable":true,"href":"https:\/\/avecobaggie.com\/es\/wp-json\/wp\/v2\/comments?post=1962"}],"wp:featuredmedia":[{"embeddable":true,"href":"https:\/\/avecobaggie.com\/es\/wp-json\/wp\/v2\/media\/2179"}],"wp:attachment":[{"href":"https:\/\/avecobaggie.com\/es\/wp-json\/wp\/v2\/media?parent=1962"}],"wp:term":[{"taxonomy":"product_brand","embeddable":true,"href":"https:\/\/avecobaggie.com\/es\/wp-json\/wp\/v2\/product_brand?post=1962"},{"taxonomy":"product_cat","embeddable":true,"href":"https:\/\/avecobaggie.com\/es\/wp-json\/wp\/v2\/product_cat?post=1962"},{"taxonomy":"product_tag","embeddable":true,"href":"https:\/\/avecobaggie.com\/es\/wp-json\/wp\/v2\/product_tag?post=1962"}],"curies":[{"name":"wp","href":"https:\/\/api.w.org\/{rel}","templated":true}]}}