{"id":1978,"date":"2021-03-04T17:17:16","date_gmt":"2021-03-04T09:17:16","guid":{"rendered":"https:\/\/avecobaggie.com\/?post_type=product&#038;p=1978"},"modified":"2021-03-30T10:52:37","modified_gmt":"2021-03-30T02:52:37","slug":"black-waterproof-oxford-sports-backpack","status":"publish","type":"product","link":"https:\/\/avecobaggie.com\/es\/producto\/black-waterproof-oxford-sports-backpack\/","title":{"rendered":"Mochila Deportiva Oxford Negra Impermeable"},"content":{"rendered":"<p>Aveco ofrece principalmente bolsas ecol\u00f3gicas personalizadas con un servicio de soluci\u00f3n integral. Tambi\u00e9n tenemos algunas formas b\u00e1sicas de bolsas para un comienzo f\u00e1cil como aparece en el sitio web de\u00a0\u00a0<a href=\"https:\/\/avecobaggie.com\/es\/categoria-producto\/bags-in-stock\/\"> Bolsas en stock <\/a>. la mayor\u00eda de las bolsas en stock est\u00e1n en blanco sin ninguna impresi\u00f3n, por lo que es m\u00e1s f\u00e1cil para usted hacer un logotipo privado o etiqueta para sus clientes sin un m\u00ednimo.<\/p>\n<p><span class=\"Apple-converted-space\">\u00a0 \u00a0Si quieres personalizar estas bolsas ecol\u00f3gicas, tambi\u00e9n es f\u00e1cil, algunas de las bolsas son incluso con muy bajo <\/span>MOQ para superficies personalizadas. Especialmente algod\u00f3n o bolsa de lona es extremadamente bajo en 100pieces o incluso menos para apoyar a los principiantes, vaya a <a href=\"https:\/\/avecobaggie.com\/es\/custom-solutions\/\"><strong>SOLUCIONES PERSONALIZADAS<\/strong><\/a> para saber m\u00e1s sobre los pasos de las bolsas a medida.<\/p>\n<h3 class=\"p1\"><span style=\"color: #333333;\">Caracter\u00edsticas de la mochila deportiva Oxford impermeable<\/span><\/h3>\n<ul>\n<li><strong>Estilo Bolsa<\/strong>: Mochila con cord\u00f3n<\/li>\n<li><strong>Tipo de material<\/strong>: Oxford 260D <span class=\"a-list-item\">con esquina reforzada de cuero PU<\/span><\/li>\n<li><strong>Material Color<\/strong>: Color azul, rosa, negro o personalizado.<\/li>\n<li><strong>Tama\u00f1o de la bolsa<\/strong>: 34X39CM\uff08 lista con el tama\u00f1o popular, aceptamos bolsa de tama\u00f1o personalizado \uff09.<\/li>\n<li><strong>\u00c1rea de impresi\u00f3n<\/strong>En blanco, 1 color, 2 colores, m\u00e1s colores, impresi\u00f3n completa, impresi\u00f3n por una o dos caras.<\/li>\n<li><strong>Cierre<\/strong>: Cord\u00f3n<\/li>\n<li><strong>Instrucciones de cuidado<\/strong>: Se recomienda lavar a mano, tambi\u00e9n se puede lavar a m\u00e1quina y secar colgado.<\/li>\n<li><span class=\"a-list-item\">Bonito y duradero<\/span><\/li>\n<li><span class=\"a-list-item\">F\u00e1cil de usar: arrastre el cordel para cerrar la bolsa, seguro y c\u00f3modo.<\/span><\/li>\n<li><span class=\"a-list-item\">Amplias aplicaciones: este tipo de bolsas es muy aplicable en nuestra vida diaria, adecuado para el gimnasio, la escuela, los ni\u00f1os, mochila con cord\u00f3n, saco de la siesta, paquete de ropa, atletismo, viajes, etc, f\u00e1cil de clasificar<\/span><\/li>\n<li><span class=\"a-list-item\"><img fetchpriority=\"high\" class=\"wp-image-2165 alignleft\" src=\"https:\/\/avecobaggie.com\/wp-content\/uploads\/2021\/03\/gym-backpack-300x186.jpg\" alt=\"\" width=\"867\" height=\"538\" srcset=\"https:\/\/avecobaggie.com\/wp-content\/uploads\/2021\/03\/gym-backpack-300x186.jpg 300w, https:\/\/avecobaggie.com\/wp-content\/uploads\/2021\/03\/gym-backpack-600x372.jpg 600w, https:\/\/avecobaggie.com\/wp-content\/uploads\/2021\/03\/gym-backpack-768x476.jpg 768w, https:\/\/avecobaggie.com\/wp-content\/uploads\/2021\/03\/gym-backpack.jpg 976w\" sizes=\"(max-width: 867px) 100vw, 867px\" \/><\/span><\/li>\n<\/ul>\n<p>&nbsp;<\/p>","protected":false},"excerpt":{"rendered":"<p><span class=\"a-list-item\">Dise\u00f1o con cord\u00f3n, 2 correas a cada lado, ligero y f\u00e1cil de llevar,<\/span><span class=\"a-list-item\">Perfecto para el gimnasio, viajes, senderismo, camping, campamento de verano y m\u00e1s actividades al aire libre<\/span><\/p>","protected":false},"featured_media":1992,"comment_status":"open","ping_status":"closed","template":"","meta":{"_seopress_robots_primary_cat":"none","_seopress_titles_title":"%%post_title%% %%sep%% Low MOQ %%sep%% Fast Ship","_seopress_titles_desc":"","_seopress_robots_index":""},"product_brand":[],"product_cat":[98,106,112,110,111],"product_tag":[],"class_list":{"0":"post-1978","1":"product","2":"type-product","3":"status-publish","4":"has-post-thumbnail","6":"product_cat-backpack-bag","7":"product_cat-oxford-bag","8":"product_cat-sports","9":"product_cat-travel","10":"product_cat-promotional-events","12":"first","13":"instock","14":"taxable","15":"shipping-taxable","16":"product-type-simple"},"_links":{"self":[{"href":"https:\/\/avecobaggie.com\/es\/wp-json\/wp\/v2\/product\/1978","targetHints":{"allow":["GET"]}}],"collection":[{"href":"https:\/\/avecobaggie.com\/es\/wp-json\/wp\/v2\/product"}],"about":[{"href":"https:\/\/avecobaggie.com\/es\/wp-json\/wp\/v2\/types\/product"}],"replies":[{"embeddable":true,"href":"https:\/\/avecobaggie.com\/es\/wp-json\/wp\/v2\/comments?post=1978"}],"wp:featuredmedia":[{"embeddable":true,"href":"https:\/\/avecobaggie.com\/es\/wp-json\/wp\/v2\/media\/1992"}],"wp:attachment":[{"href":"https:\/\/avecobaggie.com\/es\/wp-json\/wp\/v2\/media?parent=1978"}],"wp:term":[{"taxonomy":"product_brand","embeddable":true,"href":"https:\/\/avecobaggie.com\/es\/wp-json\/wp\/v2\/product_brand?post=1978"},{"taxonomy":"product_cat","embeddable":true,"href":"https:\/\/avecobaggie.com\/es\/wp-json\/wp\/v2\/product_cat?post=1978"},{"taxonomy":"product_tag","embeddable":true,"href":"https:\/\/avecobaggie.com\/es\/wp-json\/wp\/v2\/product_tag?post=1978"}],"curies":[{"name":"wp","href":"https:\/\/api.w.org\/{rel}","templated":true}]}}