{"id":2098,"date":"2021-03-08T09:34:49","date_gmt":"2021-03-08T01:34:49","guid":{"rendered":"https:\/\/avecobaggie.com\/?post_type=product&#038;p=2098"},"modified":"2025-10-13T13:40:56","modified_gmt":"2025-10-13T05:40:56","slug":"blank-canvas-tote-bag-wholesale","status":"publish","type":"product","link":"https:\/\/avecobaggie.com\/es\/producto\/blank-canvas-tote-bag-wholesale\/","title":{"rendered":"bolsas de lona al por mayor"},"content":{"rendered":"<p>Aveco ofrece principalmente bolsas ecol\u00f3gicas personalizadas con un servicio de soluci\u00f3n integral. Tambi\u00e9n tenemos algunas formas b\u00e1sicas de bolsas para un comienzo f\u00e1cil como aparece en el sitio web de\u00a0\u00a0<a href=\"https:\/\/avecobaggie.com\/es\/categoria-producto\/bags-in-stock\/\"> Bolsas en stock <\/a>. la mayor\u00eda de las bolsas en stock est\u00e1n en blanco sin ninguna impresi\u00f3n, por lo que es m\u00e1s f\u00e1cil para usted para hacer un logotipo privado o etiqueta para sus clientes sin m\u00ednimo..<\/p>\n<p>Tambi\u00e9n tenemos algunos bolsos de la lona de la forma est\u00e1ndar sin la impresi\u00f3n para el negocio al por mayor.los bolsos del listado est\u00e1n en la acci\u00f3n y pueden enviar hacia fuera en el plazo de 3 d\u00edas.<\/p>\n<p>Todos los materiales que utilizamos son respetuosos con el medio ambiente, incluyendo algod\u00f3n, lona, lino, yute, fieltro, etc. Si usted est\u00e1 buscando para hacer bolsas con su marca privada o eventos promocionales, entonces podemos servir a sus necesidades a granel con un MOQ bastante bajo y r\u00e1pido delivery.If desea personalizar, pls haga clic :<a href=\"https:\/\/avecobaggie.com\/es\/categoria-producto\/by-style\/tote-bag\/\"><em><strong>Bolsas de mano personalizadas<\/strong><\/em><\/a><\/p>\n<h3 class=\"p1\"><span style=\"color: #333333;\">Caracter\u00edsticas de la bolsa de lona al por mayor<\/span><\/h3>\n<ul>\n<li><strong>Estilo Bolsa<\/strong>: Totes<\/li>\n<li><strong>Tipo de material<\/strong>: Lienzo (65% poli\u00e9ster, 35% algod\u00f3n), es grueso y duradero y no es f\u00e1cil de encoger despu\u00e9s del lavado.<\/li>\n<li><strong>Material Peso<\/strong>: 8 oz\/250GSM<\/li>\n<li><strong>Material Color<\/strong>: Blanco<\/li>\n<li><strong>Tama\u00f1o de la bolsa<\/strong>: 21X26CM| 30X37CM| 35X40CM| 30X37X10CM| 35X40X10CM| 25X35X10CM| 32X42X10CM<\/li>\n<li><strong>\u00c1rea de impresi\u00f3n<\/strong>: blanco<\/li>\n<li><strong>Cierre<\/strong>: Abrir<\/li>\n<li><strong>Instrucciones de cuidado<\/strong>: Se recomienda lavar a mano, tambi\u00e9n se puede lavar a m\u00e1quina y secar colgado.<\/li>\n<\/ul>\n<p><strong>Notas:Para el tejido de algod\u00f3n, habr\u00e1 un ligero encogimiento despu\u00e9s del lavado<\/strong><\/p>","protected":false},"excerpt":{"rendered":"<p>Material de lona de alta calidad, grueso y suave, resistente al desgaste y no f\u00e1cil de da\u00f1ar.<\/p>","protected":false},"featured_media":2099,"comment_status":"open","ping_status":"closed","template":"","meta":{"_seopress_robots_primary_cat":"none","_seopress_titles_title":"Blank Tote Bags Wholesale - Stock & OEM - Fast Shipping","_seopress_titles_desc":"Popular Size of Canvas Blank Tote Bags in Stock,Fast Shipment for wholesale business,OEM is also easy with MOQ 100pieces, Get Quotes Now","_seopress_robots_index":""},"product_brand":[],"product_cat":[113],"product_tag":[123],"class_list":{"0":"post-2098","1":"product","2":"type-product","3":"status-publish","4":"has-post-thumbnail","6":"product_cat-bags-in-stock","7":"product_tag-in-stock","9":"first","10":"instock","11":"taxable","12":"shipping-taxable","13":"product-type-simple"},"_links":{"self":[{"href":"https:\/\/avecobaggie.com\/es\/wp-json\/wp\/v2\/product\/2098","targetHints":{"allow":["GET"]}}],"collection":[{"href":"https:\/\/avecobaggie.com\/es\/wp-json\/wp\/v2\/product"}],"about":[{"href":"https:\/\/avecobaggie.com\/es\/wp-json\/wp\/v2\/types\/product"}],"replies":[{"embeddable":true,"href":"https:\/\/avecobaggie.com\/es\/wp-json\/wp\/v2\/comments?post=2098"}],"wp:featuredmedia":[{"embeddable":true,"href":"https:\/\/avecobaggie.com\/es\/wp-json\/wp\/v2\/media\/2099"}],"wp:attachment":[{"href":"https:\/\/avecobaggie.com\/es\/wp-json\/wp\/v2\/media?parent=2098"}],"wp:term":[{"taxonomy":"product_brand","embeddable":true,"href":"https:\/\/avecobaggie.com\/es\/wp-json\/wp\/v2\/product_brand?post=2098"},{"taxonomy":"product_cat","embeddable":true,"href":"https:\/\/avecobaggie.com\/es\/wp-json\/wp\/v2\/product_cat?post=2098"},{"taxonomy":"product_tag","embeddable":true,"href":"https:\/\/avecobaggie.com\/es\/wp-json\/wp\/v2\/product_tag?post=2098"}],"curies":[{"name":"wp","href":"https:\/\/api.w.org\/{rel}","templated":true}]}}