{"id":2104,"date":"2021-03-08T10:26:50","date_gmt":"2021-03-08T02:26:50","guid":{"rendered":"https:\/\/avecobaggie.com\/?post_type=product&#038;p=2104"},"modified":"2025-10-13T13:39:37","modified_gmt":"2025-10-13T05:39:37","slug":"cheap-drawstring-muslin-bag-wholesale","status":"publish","type":"product","link":"https:\/\/avecobaggie.com\/es\/producto\/cheap-drawstring-muslin-bag-wholesale\/","title":{"rendered":"Bolsa de muselina con cord\u00f3n barata al por mayor"},"content":{"rendered":"<p>Aveco proporciona principalmente bolsas ecol\u00f3gicas personalizadas con un servicio de soluci\u00f3n de ventanilla \u00fanica, pero tambi\u00e9n tenemos algunos dise\u00f1os b\u00e1sicos de bolsas en stock para que pueda empezar f\u00e1cilmente: <strong><em><a href=\"https:\/\/avecobaggie.com\/es\/producto\/\">categor\u00eda bolsas a medida.<\/a><\/em><\/strong><\/p>\n<p>Nuestras bolsas de muselina son duraderas, de alta calidad y asequibles para satisfacer diferentes prop\u00f3sitos. para la lista de bolsas de cord\u00f3n, que son buenos para las tiendas de comestibles y el mercado de agricultores. que pueden ser utilizados como bolsas de bolsita, producir bolsas para el almacenamiento de productos, bolsas de embrague, bolsa de lona a granel y etc. Tambi\u00e9n son perfectos para DIY bolsas de regalo de artesan\u00eda y bolsas de almuerzo.<\/p>\n<h3 class=\"p1\"><span style=\"color: #333333;\">\u00a0 \u00a0 Caracter\u00edsticas de la bolsa de muselina<\/span><\/h3>\n<ul>\n<li><strong>Estilo Bolsa<\/strong>: Bolsa de muselina con cord\u00f3n<\/li>\n<li><strong>Tipo de material<\/strong>: Lienzo<\/li>\n<li><strong>Material Peso<\/strong>: 8oz<\/li>\n<li><strong>Material Color<\/strong>: Beige natural<\/li>\n<li><strong>Tama\u00f1o de la bolsa<\/strong>: 8X10CM|10X12CM|10X15CM|13X18CM|15X20CM|17X23CM|20X30CM|25X35CM<\/li>\n<li><strong>\u00c1rea de impresi\u00f3n<\/strong>: no imprimir<\/li>\n<li><strong>Cierre<\/strong>: Cord\u00f3n<\/li>\n<li><strong>Instrucciones de cuidado<\/strong>: Se recomienda lavar a mano, tambi\u00e9n se puede lavar a m\u00e1quina y secar colgado.<\/li>\n<\/ul>\n<p><strong>\u00a0 \u00a0 Notas:En el caso de los tejidos de algod\u00f3n o lona, se producir\u00e1 un ligero encogimiento despu\u00e9s del lavado.<\/strong><\/p>","protected":false},"excerpt":{"rendered":"<p><span class=\"a-list-item\">Fabricadas con lona de algod\u00f3n natural, sostenible y sin procesar, las bolsas son compactas y ligeras, con cord\u00f3n para cerrarlas f\u00e1cilmente.\u00a0<\/span><\/p>","protected":false},"featured_media":2105,"comment_status":"open","ping_status":"closed","template":"","meta":{"_seopress_robots_primary_cat":"none","_seopress_titles_title":"Plain Drawstring Muslin Bag - Various Sizes - Ready to Ship","_seopress_titles_desc":"Low MOQ and Ready to Ship Help You Start Muslin Business easily. More than 10 Years OEM Craftsman Experience With Customers All Over The World","_seopress_robots_index":""},"product_brand":[],"product_cat":[113],"product_tag":[123],"class_list":{"0":"post-2104","1":"product","2":"type-product","3":"status-publish","4":"has-post-thumbnail","6":"product_cat-bags-in-stock","7":"product_tag-in-stock","9":"first","10":"instock","11":"sold-individually","12":"taxable","13":"shipping-taxable","14":"product-type-simple"},"_links":{"self":[{"href":"https:\/\/avecobaggie.com\/es\/wp-json\/wp\/v2\/product\/2104","targetHints":{"allow":["GET"]}}],"collection":[{"href":"https:\/\/avecobaggie.com\/es\/wp-json\/wp\/v2\/product"}],"about":[{"href":"https:\/\/avecobaggie.com\/es\/wp-json\/wp\/v2\/types\/product"}],"replies":[{"embeddable":true,"href":"https:\/\/avecobaggie.com\/es\/wp-json\/wp\/v2\/comments?post=2104"}],"wp:featuredmedia":[{"embeddable":true,"href":"https:\/\/avecobaggie.com\/es\/wp-json\/wp\/v2\/media\/2105"}],"wp:attachment":[{"href":"https:\/\/avecobaggie.com\/es\/wp-json\/wp\/v2\/media?parent=2104"}],"wp:term":[{"taxonomy":"product_brand","embeddable":true,"href":"https:\/\/avecobaggie.com\/es\/wp-json\/wp\/v2\/product_brand?post=2104"},{"taxonomy":"product_cat","embeddable":true,"href":"https:\/\/avecobaggie.com\/es\/wp-json\/wp\/v2\/product_cat?post=2104"},{"taxonomy":"product_tag","embeddable":true,"href":"https:\/\/avecobaggie.com\/es\/wp-json\/wp\/v2\/product_tag?post=2104"}],"curies":[{"name":"wp","href":"https:\/\/api.w.org\/{rel}","templated":true}]}}