{"id":2117,"date":"2021-03-08T15:57:11","date_gmt":"2021-03-08T07:57:11","guid":{"rendered":"https:\/\/avecobaggie.com\/?post_type=product&#038;p=2117"},"modified":"2021-03-30T10:48:14","modified_gmt":"2021-03-30T02:48:14","slug":"natural-linen-burlap-gift-bags-wholesale","status":"publish","type":"product","link":"https:\/\/avecobaggie.com\/es\/producto\/natural-linen-burlap-gift-bags-wholesale\/","title":{"rendered":"Bolsas de regalo de arpillera de lino natural al por mayor"},"content":{"rendered":"<p>Aveco ofrece principalmente bolsas ecol\u00f3gicas personalizadas con un servicio de soluci\u00f3n integral. Tambi\u00e9n tenemos algunas formas b\u00e1sicas de bolsas para un comienzo f\u00e1cil como aparece en el sitio web de\u00a0\u00a0<a href=\"https:\/\/avecobaggie.com\/es\/categoria-producto\/bags-in-stock\/\"><strong> Bag in Stock<\/strong> <\/a>. la mayor\u00eda de las bolsas en stock est\u00e1n en blanco sin ninguna impresi\u00f3n, por lo que es m\u00e1s f\u00e1cil para usted para hacer un logotipo privado o etiqueta para sus clientes sin m\u00ednimo..<\/p>\n<p>The listed drawstring burlap bags are available in below 8 sizes, they can ship fast within 3 days. All the canvas grocery bags we provided here are manufactured as Non-toxic eco friendly materials.We are happy to support small business<span class=\"Apple-converted-space\">\u00a0 <\/span>as\u00ed como las grandes marcas.<\/p>\n<p class=\"p1\"><span class=\"Apple-converted-space\">\u00a0 \u00a0 Si quieres personalizar estas bolsas ecol\u00f3gicas, tambi\u00e9n es f\u00e1cil, algunas de las bolsas son incluso con muy bajo <\/span>MOQ para superficies personalizadas. Especialmente algod\u00f3n o bolsa de lona es extremadamente bajo en 100pieces o incluso menos para apoyar a los principiantes, vaya a <a href=\"https:\/\/avecobaggie.com\/es\/custom-solutions\/\"><strong>SOLUCIONES PERSONALIZADAS<\/strong><\/a> para saber m\u00e1s sobre los pasos de las bolsas a medida.<\/p>\n<h3 class=\"p1\"><span style=\"color: #333333;\"><span class=\"Apple-converted-space\">\u00a0\u00a0<\/span>Product Features for the Natural Linen Burlap Gift Bags Wholesale<\/span><\/h3>\n<ul>\n<li><strong>Estilo Bolsa<\/strong>:<span class=\"a-list-item\">Washable and Reusable Natural Linen Burlap<\/span><\/li>\n<li><strong>Tipo de material<\/strong>: Jute Burlap-<span class=\"a-list-item\">the material of the bag is burlap which is durable and sturdy; They can use for a long time; Quality material and construction make them practical<\/span><\/li>\n<li><strong>Material Color<\/strong>: Natural jute<\/li>\n<li><strong>Tama\u00f1o de la bolsa<\/strong>: 7X9CM|10X15CM|13X18CM|15X20CM|17X23CM|20X25CM|20X30CM|30X40CM\uff08 list with popular size, we accept customized size bag \uff09<\/li>\n<li><strong>\u00c1rea de impresi\u00f3n<\/strong>: 1 color | 2 colores | m\u00e1s colores| Impresi\u00f3n completa, impresi\u00f3n a una o dos caras<\/li>\n<li><strong>Cierre<\/strong>:\u00a0<span class=\"a-list-item\">Drawstring design make these burlap sacks easier to fasten so avoid objects lost. Small enough to carry in your purse, bag, car, cosmetic bag, make them convenient to carry when you go out or ramble or travel.<\/span><\/li>\n<li><strong>Instrucciones de cuidado<\/strong>: Hand wash recommend, No machine wash.<\/li>\n<\/ul>","protected":false},"excerpt":{"rendered":"<p>Precision and meticulous workmanship, neat and precise sewing way, available in 8 sizes in stock, can deliver within 3 days.<\/p>","protected":false},"featured_media":2122,"comment_status":"open","ping_status":"closed","template":"","meta":{"_seopress_robots_primary_cat":"none","_seopress_titles_title":"Natural Linen Burlap Gift Bags Wholesale - Bulk In Stock  - Fast Ship","_seopress_titles_desc":"Popular design &amp; Size - Fast Delivery in 3 Days - Flexible Shipping Courier - Added Value Service - Work with Aveco and be a Happy Burlap Gift Bag Importer","_seopress_robots_index":""},"product_brand":[],"product_cat":[113],"product_tag":[123],"class_list":{"0":"post-2117","1":"product","2":"type-product","3":"status-publish","4":"has-post-thumbnail","6":"product_cat-bags-in-stock","7":"product_tag-in-stock","9":"first","10":"instock","11":"taxable","12":"shipping-taxable","13":"product-type-simple"},"_links":{"self":[{"href":"https:\/\/avecobaggie.com\/es\/wp-json\/wp\/v2\/product\/2117","targetHints":{"allow":["GET"]}}],"collection":[{"href":"https:\/\/avecobaggie.com\/es\/wp-json\/wp\/v2\/product"}],"about":[{"href":"https:\/\/avecobaggie.com\/es\/wp-json\/wp\/v2\/types\/product"}],"replies":[{"embeddable":true,"href":"https:\/\/avecobaggie.com\/es\/wp-json\/wp\/v2\/comments?post=2117"}],"wp:featuredmedia":[{"embeddable":true,"href":"https:\/\/avecobaggie.com\/es\/wp-json\/wp\/v2\/media\/2122"}],"wp:attachment":[{"href":"https:\/\/avecobaggie.com\/es\/wp-json\/wp\/v2\/media?parent=2117"}],"wp:term":[{"taxonomy":"product_brand","embeddable":true,"href":"https:\/\/avecobaggie.com\/es\/wp-json\/wp\/v2\/product_brand?post=2117"},{"taxonomy":"product_cat","embeddable":true,"href":"https:\/\/avecobaggie.com\/es\/wp-json\/wp\/v2\/product_cat?post=2117"},{"taxonomy":"product_tag","embeddable":true,"href":"https:\/\/avecobaggie.com\/es\/wp-json\/wp\/v2\/product_tag?post=2117"}],"curies":[{"name":"wp","href":"https:\/\/api.w.org\/{rel}","templated":true}]}}