{"id":2195,"date":"2021-03-09T16:28:20","date_gmt":"2021-03-09T08:28:20","guid":{"rendered":"https:\/\/avecobaggie.com\/?post_type=product&#038;p=2195"},"modified":"2021-03-30T10:45:53","modified_gmt":"2021-03-30T02:45:53","slug":"customized-extra-large-burlap-beach-bag","status":"publish","type":"product","link":"https:\/\/avecobaggie.com\/es\/producto\/customized-extra-large-burlap-beach-bag\/","title":{"rendered":"Bolsa de playa de arpillera extragrande personalizada"},"content":{"rendered":"<p>Aveco mainly provide customized eco bags with one stop shop solution service. All the materials we use are eco-friendly including cotton, canvas, linen, jute, felt ,oxford, etc.We also have some basic shape of bags for an easy start as listed on the website of\u00a0\u00a0<a href=\"https:\/\/avecobaggie.com\/es\/categoria-producto\/bags-in-stock\/\"> Bolsas en stock <\/a>. la mayor\u00eda de las bolsas en stock est\u00e1n en blanco sin ninguna impresi\u00f3n, por lo que es m\u00e1s f\u00e1cil para usted hacer un logotipo privado o etiqueta para sus clientes sin un m\u00ednimo.<\/p>\n<p><span class=\"Apple-converted-space\">\u00a0 \u00a0 Si quieres personalizar estas bolsas ecol\u00f3gicas, tambi\u00e9n es f\u00e1cil, algunas de las bolsas son incluso con muy bajo <\/span>MOQ para superficies personalizadas. Especialmente algod\u00f3n o bolsa de lona es extremadamente bajo en 100pieces o incluso menos para apoyar a los principiantes, vaya a <a href=\"https:\/\/avecobaggie.com\/es\/custom-solutions\/\"><strong>SOLUCIONES PERSONALIZADAS<\/strong><\/a> to know more about custom bags steps..<\/p>\n<h3 class=\"p1\"><span style=\"color: #333333;\">\u00a0 \u00a0 Product Features for the Customized Extra Large Burlap Beach Bag<\/span><\/h3>\n<ul>\n<li><strong>Estilo Bolsa<\/strong>: Large Beach Bag<\/li>\n<li><strong>Tipo de material<\/strong>: Natural burlap + leather<\/li>\n<li><strong>Material Color<\/strong>: Beige natural<\/li>\n<li><strong>Tama\u00f1o de la bolsa<\/strong>: 32X24X14CM ( list with standard size, we accept customized size bag \uff09<\/li>\n<li><strong>\u00c1rea de impresi\u00f3n<\/strong>: 1 color | 2 colores | m\u00e1s colores| Impresi\u00f3n completa, impresi\u00f3n a una o dos caras<\/li>\n<li><strong>Cierre<\/strong>: Abrir<\/li>\n<li><strong>Instrucciones de cuidado<\/strong>: Se recomienda lavar a mano y secar colgado.<\/li>\n<\/ul>","protected":false},"excerpt":{"rendered":"<p>This bag is fashionable, with natural jute outside and inside with PE lined, which is leakproof.The appearance of linen material retro, strong and durable.The logo or pattern is easy to prints.<\/p>","protected":false},"featured_media":2196,"comment_status":"open","ping_status":"closed","template":"","meta":{"_seopress_robots_primary_cat":"none","_seopress_titles_title":"Customized Extra Large Burlap Beach Bag - OEM &amp; ODM - Aveco","_seopress_titles_desc":"Offer Many extra large beach bag with natural Burlap outside and inside with PE lined, leather handles, leakproof and fashionable.Easy to Print logo","_seopress_robots_index":""},"product_brand":[],"product_cat":[29,104,110],"product_tag":[125],"class_list":{"0":"post-2195","1":"product","2":"type-product","3":"status-publish","4":"has-post-thumbnail","6":"product_cat-tote-bag","7":"product_cat-jute-burlap-bag","8":"product_cat-travel","9":"product_tag-beach-bag","11":"first","12":"instock","13":"taxable","14":"shipping-taxable","15":"product-type-simple"},"_links":{"self":[{"href":"https:\/\/avecobaggie.com\/es\/wp-json\/wp\/v2\/product\/2195","targetHints":{"allow":["GET"]}}],"collection":[{"href":"https:\/\/avecobaggie.com\/es\/wp-json\/wp\/v2\/product"}],"about":[{"href":"https:\/\/avecobaggie.com\/es\/wp-json\/wp\/v2\/types\/product"}],"replies":[{"embeddable":true,"href":"https:\/\/avecobaggie.com\/es\/wp-json\/wp\/v2\/comments?post=2195"}],"wp:featuredmedia":[{"embeddable":true,"href":"https:\/\/avecobaggie.com\/es\/wp-json\/wp\/v2\/media\/2196"}],"wp:attachment":[{"href":"https:\/\/avecobaggie.com\/es\/wp-json\/wp\/v2\/media?parent=2195"}],"wp:term":[{"taxonomy":"product_brand","embeddable":true,"href":"https:\/\/avecobaggie.com\/es\/wp-json\/wp\/v2\/product_brand?post=2195"},{"taxonomy":"product_cat","embeddable":true,"href":"https:\/\/avecobaggie.com\/es\/wp-json\/wp\/v2\/product_cat?post=2195"},{"taxonomy":"product_tag","embeddable":true,"href":"https:\/\/avecobaggie.com\/es\/wp-json\/wp\/v2\/product_tag?post=2195"}],"curies":[{"name":"wp","href":"https:\/\/api.w.org\/{rel}","templated":true}]}}