{"id":2226,"date":"2021-03-09T16:54:17","date_gmt":"2021-03-09T08:54:17","guid":{"rendered":"https:\/\/avecobaggie.com\/?post_type=product&#038;p=2226"},"modified":"2021-03-30T10:45:04","modified_gmt":"2021-03-30T02:45:04","slug":"extra-large-canvas-storage-bag-wholesale","status":"publish","type":"product","link":"https:\/\/avecobaggie.com\/es\/producto\/extra-large-canvas-storage-bag-wholesale\/","title":{"rendered":"Bolsa de almacenamiento de lona extra grande al por mayor"},"content":{"rendered":"<p>Aveco ofrece principalmente bolsas ecol\u00f3gicas personalizadas con un servicio de soluci\u00f3n integral. Nuestras bolsas son duraderas, de alta calidad y asequibles para satisfacer diferentes prop\u00f3sitos. Todos los materiales que utilizamos son ecol\u00f3gicos, incluyendo algod\u00f3n, lona, lino, yute, fieltro, etc. Si usted est\u00e1 buscando para hacer bolsas con su marca de etiqueta privada o eventos promocionales, entonces podemos servir a sus necesidades a granel con un MOQ bastante bajo y entrega r\u00e1pida.<\/p>\n<h3 class=\"p1\"><span style=\"color: #333333;\">\u00a0Product Features for Extra Large Canvas Storage Bag Wholesale<\/span><\/h3>\n<ul>\n<li><strong>Estilo Bolsa<\/strong>: Home Storage Bags<\/li>\n<li><strong>Tipo de material<\/strong>: Lienzo<\/li>\n<li><strong>Material Peso<\/strong>: 12oz \/ we can also do other thickness according to your request, <a href=\"https:\/\/avecobaggie.com\/es\/custom-solutions\/\">Haga clic para ver la tabla de pesos de los tejidos<\/a><\/li>\n<li><strong>Material Color<\/strong>: Blanco<\/li>\n<li><strong>Tama\u00f1o de la bolsa<\/strong>: 56X33X28CM ( list with standard size, we accept customized size bag \uff09<\/li>\n<li><strong>\u00c1rea de impresi\u00f3n<\/strong>: 1 color | 2 colores | m\u00e1s colores| Impresi\u00f3n completa, impresi\u00f3n a una o dos caras<\/li>\n<li><strong>Cierre<\/strong>: Abrir<\/li>\n<li><strong>Instrucciones de cuidado<\/strong>: Se recomienda lavar a mano, tambi\u00e9n se puede lavar a m\u00e1quina y secar colgado.<\/li>\n<\/ul>\n<p><strong>Notas:Para el tejido de algod\u00f3n, habr\u00e1 un ligero encogimiento despu\u00e9s del lavado<\/strong><\/p>","protected":false},"excerpt":{"rendered":"<p>Made From heavy duty 12oz canvas material,extra large size,can store many things, and can also be laundry bags.<\/p>","protected":false},"featured_media":2233,"comment_status":"open","ping_status":"closed","template":"","meta":{"_seopress_robots_primary_cat":"none","_seopress_titles_title":"Extra Large Canvas Storage Bag Wholesale for Home-Custom Now","_seopress_titles_desc":"Made From heavy duty 12oz canvas material, extra large size, can store many things.Can also Make according to your requests.Fast Sample proofing.","_seopress_robots_index":""},"product_brand":[],"product_cat":[29,102,109],"product_tag":[],"class_list":{"0":"post-2226","1":"product","2":"type-product","3":"status-publish","4":"has-post-thumbnail","6":"product_cat-tote-bag","7":"product_cat-cotton-canvas-bag","8":"product_cat-everyday","10":"first","11":"instock","12":"taxable","13":"shipping-taxable","14":"product-type-simple"},"_links":{"self":[{"href":"https:\/\/avecobaggie.com\/es\/wp-json\/wp\/v2\/product\/2226","targetHints":{"allow":["GET"]}}],"collection":[{"href":"https:\/\/avecobaggie.com\/es\/wp-json\/wp\/v2\/product"}],"about":[{"href":"https:\/\/avecobaggie.com\/es\/wp-json\/wp\/v2\/types\/product"}],"replies":[{"embeddable":true,"href":"https:\/\/avecobaggie.com\/es\/wp-json\/wp\/v2\/comments?post=2226"}],"wp:featuredmedia":[{"embeddable":true,"href":"https:\/\/avecobaggie.com\/es\/wp-json\/wp\/v2\/media\/2233"}],"wp:attachment":[{"href":"https:\/\/avecobaggie.com\/es\/wp-json\/wp\/v2\/media?parent=2226"}],"wp:term":[{"taxonomy":"product_brand","embeddable":true,"href":"https:\/\/avecobaggie.com\/es\/wp-json\/wp\/v2\/product_brand?post=2226"},{"taxonomy":"product_cat","embeddable":true,"href":"https:\/\/avecobaggie.com\/es\/wp-json\/wp\/v2\/product_cat?post=2226"},{"taxonomy":"product_tag","embeddable":true,"href":"https:\/\/avecobaggie.com\/es\/wp-json\/wp\/v2\/product_tag?post=2226"}],"curies":[{"name":"wp","href":"https:\/\/api.w.org\/{rel}","templated":true}]}}