{"id":2248,"date":"2021-03-10T10:46:35","date_gmt":"2021-03-10T02:46:35","guid":{"rendered":"https:\/\/avecobaggie.com\/?post_type=product&#038;p=2248"},"modified":"2021-03-30T10:43:36","modified_gmt":"2021-03-30T02:43:36","slug":"round-bottom-burlap-wine-bottle-bag","status":"publish","type":"product","link":"https:\/\/avecobaggie.com\/es\/producto\/round-bottom-burlap-wine-bottle-bag\/","title":{"rendered":"Bolsa para botellas de vino de arpillera con fondo redondo"},"content":{"rendered":"<p>Aveco ofrece principalmente bolsas ecol\u00f3gicas personalizadas con un servicio de soluci\u00f3n integral. Nuestras bolsas son duraderas, de alta calidad y asequibles para satisfacer diferentes prop\u00f3sitos. Todos los materiales que utilizamos son ecol\u00f3gicos, como el algod\u00f3n, la lona, el lino, el yute, el fieltro, etc. Si desea fabricar bolsas con su marca privada o para eventos promocionales, podemos satisfacer sus necesidades a granel con un MOQ bastante bajo y una entrega r\u00e1pida.<\/p>\n<h3 class=\"p1\"><span style=\"color: #333333;\">\u00a0 \u00a0 Caracter\u00edsticas de la bolsa para botellas de vino de arpillera con fondo redondo<\/span><\/h3>\n<ul>\n<li><strong>Estilo Bolsa<\/strong>: Bolsa de vino<\/li>\n<li><strong>Tipo de material<\/strong>: Arpillera natural, hecha de arpillera de yute natural 100%, hace que las bolsas de vino sean m\u00e1s duraderas, reutilizables y ecol\u00f3gicas.<\/li>\n<li><strong>Material Peso<\/strong>:<\/li>\n<li><strong>Material Color<\/strong>: Natural<\/li>\n<li><strong>Tama\u00f1o de la bolsa<\/strong>: 12X30CM\uff08 lista con tama\u00f1o popular, aceptamos bolsa de tama\u00f1o personalizado \uff09.<\/li>\n<li><strong>\u00c1rea de impresi\u00f3n<\/strong>: 1 color | 2 colores | m\u00e1s colores| Impresi\u00f3n completa, impresi\u00f3n a una o dos caras<\/li>\n<li><strong>Cierre<\/strong>:Dise\u00f1o con cord\u00f3n que hace que la bolsa sea f\u00e1cil de cerrar y abrir, pr\u00e1ctica para guardar la botella de vino u otras cosas.<\/li>\n<li><strong>Instrucciones de cuidado<\/strong>: Se recomienda lavar a mano y secar colgado.<\/li>\n<\/ul>","protected":false},"excerpt":{"rendered":"<p class=\"a-spacing-mini\">Hecho de arpillera de yute natural 100%, completamente biodegradable, fondo redondo que hace que la bolsa sea m\u00e1s fuerte, idea de regalo ideal para cumplea\u00f1os, bodas, inauguraci\u00f3n de una casa, <span class=\"a-list-item\">Aniversarios, fiestas, viajes.bolsa de arpillera personalizado o pedido a granel es bienvenido.<\/span><\/p>","protected":false},"featured_media":2249,"comment_status":"open","ping_status":"closed","template":"","meta":{"_seopress_robots_primary_cat":"none","_seopress_titles_title":"Burlap Wine Bottle Bag Manufacturer -Custom with Aveco Now","_seopress_titles_desc":"OEM for different sizes of Wine bottle bag, including single wine bag and 2,6,12 wine tote bags, Nice ,portable and easy to carry, perfect for gift bags.","_seopress_robots_index":""},"product_brand":[],"product_cat":[92,104,109],"product_tag":[124],"class_list":{"0":"post-2248","1":"product","2":"type-product","3":"status-publish","4":"has-post-thumbnail","6":"product_cat-drawstring-bag","7":"product_cat-jute-burlap-bag","8":"product_cat-everyday","9":"product_tag-wine-bag","11":"first","12":"instock","13":"taxable","14":"shipping-taxable","15":"product-type-simple"},"_links":{"self":[{"href":"https:\/\/avecobaggie.com\/es\/wp-json\/wp\/v2\/product\/2248","targetHints":{"allow":["GET"]}}],"collection":[{"href":"https:\/\/avecobaggie.com\/es\/wp-json\/wp\/v2\/product"}],"about":[{"href":"https:\/\/avecobaggie.com\/es\/wp-json\/wp\/v2\/types\/product"}],"replies":[{"embeddable":true,"href":"https:\/\/avecobaggie.com\/es\/wp-json\/wp\/v2\/comments?post=2248"}],"wp:featuredmedia":[{"embeddable":true,"href":"https:\/\/avecobaggie.com\/es\/wp-json\/wp\/v2\/media\/2249"}],"wp:attachment":[{"href":"https:\/\/avecobaggie.com\/es\/wp-json\/wp\/v2\/media?parent=2248"}],"wp:term":[{"taxonomy":"product_brand","embeddable":true,"href":"https:\/\/avecobaggie.com\/es\/wp-json\/wp\/v2\/product_brand?post=2248"},{"taxonomy":"product_cat","embeddable":true,"href":"https:\/\/avecobaggie.com\/es\/wp-json\/wp\/v2\/product_cat?post=2248"},{"taxonomy":"product_tag","embeddable":true,"href":"https:\/\/avecobaggie.com\/es\/wp-json\/wp\/v2\/product_tag?post=2248"}],"curies":[{"name":"wp","href":"https:\/\/api.w.org\/{rel}","templated":true}]}}