{"id":2261,"date":"2021-03-10T13:55:09","date_gmt":"2021-03-10T05:55:09","guid":{"rendered":"https:\/\/avecobaggie.com\/?post_type=product&#038;p=2261"},"modified":"2022-03-07T14:19:10","modified_gmt":"2022-03-07T06:19:10","slug":"drawstring-velvet-wine-bags-wholesale","status":"publish","type":"product","link":"https:\/\/avecobaggie.com\/es\/producto\/drawstring-velvet-wine-bags-wholesale\/","title":{"rendered":"Bolsas de terciopelo para vino al por mayor"},"content":{"rendered":"<p>Aveco ofrece principalmente bolsas ecol\u00f3gicas personalizadas con un servicio de soluci\u00f3n integral. Tambi\u00e9n tenemos algunas formas b\u00e1sicas de bolsas para un comienzo f\u00e1cil como aparece en el sitio web de\u00a0\u00a0<a href=\"https:\/\/avecobaggie.com\/es\/categoria-producto\/bags-in-stock\/\"> Bolsas en stock <\/a>. la mayor\u00eda de las bolsas en stock est\u00e1n en blanco sin ninguna impresi\u00f3n, por lo que es m\u00e1s f\u00e1cil para usted hacer un logotipo privado o etiqueta para sus clientes sin un m\u00ednimo.<\/p>\n<p><span class=\"Apple-converted-space\">\u00a0 \u00a0 Si quieres personalizar estas bolsas ecol\u00f3gicas, tambi\u00e9n es f\u00e1cil, algunas de las bolsas son incluso con muy bajo <\/span>MOQ para superficies personalizadas. Especialmente algod\u00f3n o bolsa de lona es extremadamente bajo en 100pieces o incluso menos para apoyar a los principiantes, vaya a <a href=\"https:\/\/avecobaggie.com\/es\/custom-solutions\/\"><strong>SOLUCIONES PERSONALIZADAS<\/strong><\/a> para saber m\u00e1s sobre los pasos de las bolsas a medida.<\/p>\n<p>La lista de terciopelo Bolsas de vino tiene una variedad de colores y puede adaptarse a 750ML bottles.and es f\u00e1cil de imprimir en un logotipo simple o una etiqueta colgante en el lateral.<\/p>\n<h3 class=\"p1\"><span style=\"color: #333333;\">\u00a0 \u00a0 Caracter\u00edsticas del producto Bolsas de terciopelo para vino al por mayor<\/span><\/h3>\n<ul>\n<li><strong>Estilo Bolsa<\/strong>: Bolsa con cord\u00f3n<\/li>\n<li><strong>Tipo de material<\/strong>: terciopelo<\/li>\n<li><strong>Material Peso<\/strong>29 g\/unidad<\/li>\n<li><strong>Material Color<\/strong>: Amarillo, rojo vino, rojo, azul, negro<\/li>\n<li><strong>Tama\u00f1o de la bolsa<\/strong>: 15X37cm\uff08 lista con tama\u00f1o popular, aceptamos bolsa de tama\u00f1o personalizado \uff09.<\/li>\n<li><strong>\u00c1rea de impresi\u00f3n<\/strong>: 1 color | 2 colores | m\u00e1s colores| Impresi\u00f3n completa, impresi\u00f3n a una o dos caras<\/li>\n<li><strong>Cierre<\/strong>: Cord\u00f3n<\/li>\n<li><strong>Instrucciones de cuidado<\/strong>: Se recomienda lavar a mano, tambi\u00e9n se puede lavar a m\u00e1quina y secar colgado.<\/li>\n<\/ul>\n<p><strong>Notas:Para el tejido de algod\u00f3n, habr\u00e1 un ligero encogimiento despu\u00e9s del lavado<\/strong><\/p>","protected":false},"excerpt":{"rendered":"<p>La bolsa de terciopelo para vino tiene una gran variedad de colores y puede adaptarse a botellas de 750ML.y es f\u00e1cil imprimir un logotipo sencillo o una etiqueta colgante en el lateral.<\/p>","protected":false},"featured_media":2271,"comment_status":"closed","ping_status":"closed","template":"","meta":{"_seopress_robots_primary_cat":"none","_seopress_titles_title":"%%post_title%% Bulk In Stock  %%sep%% Fast Shipping","_seopress_titles_desc":"","_seopress_robots_index":""},"product_brand":[],"product_cat":[113],"product_tag":[124],"class_list":{"0":"post-2261","1":"product","2":"type-product","3":"status-publish","4":"has-post-thumbnail","6":"product_cat-bags-in-stock","7":"product_tag-wine-bag","9":"first","10":"instock","11":"taxable","12":"shipping-taxable","13":"product-type-simple"},"_links":{"self":[{"href":"https:\/\/avecobaggie.com\/es\/wp-json\/wp\/v2\/product\/2261","targetHints":{"allow":["GET"]}}],"collection":[{"href":"https:\/\/avecobaggie.com\/es\/wp-json\/wp\/v2\/product"}],"about":[{"href":"https:\/\/avecobaggie.com\/es\/wp-json\/wp\/v2\/types\/product"}],"replies":[{"embeddable":true,"href":"https:\/\/avecobaggie.com\/es\/wp-json\/wp\/v2\/comments?post=2261"}],"wp:featuredmedia":[{"embeddable":true,"href":"https:\/\/avecobaggie.com\/es\/wp-json\/wp\/v2\/media\/2271"}],"wp:attachment":[{"href":"https:\/\/avecobaggie.com\/es\/wp-json\/wp\/v2\/media?parent=2261"}],"wp:term":[{"taxonomy":"product_brand","embeddable":true,"href":"https:\/\/avecobaggie.com\/es\/wp-json\/wp\/v2\/product_brand?post=2261"},{"taxonomy":"product_cat","embeddable":true,"href":"https:\/\/avecobaggie.com\/es\/wp-json\/wp\/v2\/product_cat?post=2261"},{"taxonomy":"product_tag","embeddable":true,"href":"https:\/\/avecobaggie.com\/es\/wp-json\/wp\/v2\/product_tag?post=2261"}],"curies":[{"name":"wp","href":"https:\/\/api.w.org\/{rel}","templated":true}]}}