{"id":2304,"date":"2021-03-10T16:28:48","date_gmt":"2021-03-10T08:28:48","guid":{"rendered":"https:\/\/avecobaggie.com\/?post_type=product&#038;p=2304"},"modified":"2021-03-24T13:59:50","modified_gmt":"2021-03-24T05:59:50","slug":"creative-coffee-cup-canvas-sleeve","status":"publish","type":"product","link":"https:\/\/avecobaggie.com\/es\/producto\/creative-coffee-cup-canvas-sleeve\/","title":{"rendered":"Funda de lienzo Taza de caf\u00e9 creativa"},"content":{"rendered":"<p>Aveco Company no s\u00f3lo fabrica diferentes tipos de bolsas ecol\u00f3gicas, tambi\u00e9n podemos fabricar productos relacionados con las bolsas, como fundas y delantales. Ahora la taza de caf\u00e9 y t\u00e9 con leche son muy populares, la gente le gusta tomar en el camino, pero para encontrar una mejor manera de llevar es muy importante, debemos asegurarnos de que no se derrame y tambi\u00e9n f\u00e1cil de llevar.<\/p>\n<p>La funda de lona resuelve este problema, la funda no s\u00f3lo puede funcionar como una banda resistente al calor, la correa larga tambi\u00e9n es f\u00e1cil de llevar.Por otra parte, en el centro se puede imprimir el logotipo de su marca para ampliar su conocimiento de la marca.<\/p>\n<p>CARACTER\u00cdSTICAS DEL PRODUCTO<\/p>\n<ul>\n<li><strong>Estilo Bolsa<\/strong>: funda de copa.<\/li>\n<li><strong>Tipo de material<\/strong>: Lienzo<\/li>\n<li><strong>Material Peso<\/strong>: 8oz \/ tambi\u00e9n podemos hacer otros espesores seg\u00fan su petici\u00f3n, <a href=\"https:\/\/avecobaggie.com\/es\/custom-solutions\/\">Haga clic para ver la tabla de pesos de los tejidos<\/a><\/li>\n<li><strong>Material Color<\/strong>: Beige natural<\/li>\n<li><strong>Tama\u00f1o de la bolsa<\/strong>: 10X17CM ( lista con tama\u00f1o est\u00e1ndar, aceptamos bolsa de tama\u00f1o personalizado \uff09<\/li>\n<li><strong>\u00c1rea de impresi\u00f3n<\/strong>: 1 color | 2 colores | m\u00e1s colores| Impresi\u00f3n completa, impresi\u00f3n a una o dos caras<\/li>\n<li><strong>Cierre<\/strong>: Abrir<\/li>\n<li><strong>Instrucciones de cuidado<\/strong>: Se recomienda lavar a mano, tambi\u00e9n se puede lavar a m\u00e1quina y secar colgado.<\/li>\n<\/ul>\n<p><strong>Notas:Para el tejido de algod\u00f3n, habr\u00e1 un ligero encogimiento despu\u00e9s del lavado<\/strong><\/p>","protected":false},"excerpt":{"rendered":"<p>Funda creativa resistente al calor, f\u00e1cil de llevar con correas largas.<\/p>","protected":false},"featured_media":2305,"comment_status":"open","ping_status":"closed","template":"","meta":{"_seopress_robots_primary_cat":"none","_seopress_titles_title":"","_seopress_titles_desc":"","_seopress_robots_index":""},"product_brand":[],"product_cat":[100,109],"product_tag":[],"class_list":{"0":"post-2304","1":"product","2":"type-product","3":"status-publish","4":"has-post-thumbnail","6":"product_cat-other-creative-bag","7":"product_cat-everyday","9":"first","10":"instock","11":"taxable","12":"shipping-taxable","13":"product-type-simple"},"_links":{"self":[{"href":"https:\/\/avecobaggie.com\/es\/wp-json\/wp\/v2\/product\/2304","targetHints":{"allow":["GET"]}}],"collection":[{"href":"https:\/\/avecobaggie.com\/es\/wp-json\/wp\/v2\/product"}],"about":[{"href":"https:\/\/avecobaggie.com\/es\/wp-json\/wp\/v2\/types\/product"}],"replies":[{"embeddable":true,"href":"https:\/\/avecobaggie.com\/es\/wp-json\/wp\/v2\/comments?post=2304"}],"wp:featuredmedia":[{"embeddable":true,"href":"https:\/\/avecobaggie.com\/es\/wp-json\/wp\/v2\/media\/2305"}],"wp:attachment":[{"href":"https:\/\/avecobaggie.com\/es\/wp-json\/wp\/v2\/media?parent=2304"}],"wp:term":[{"taxonomy":"product_brand","embeddable":true,"href":"https:\/\/avecobaggie.com\/es\/wp-json\/wp\/v2\/product_brand?post=2304"},{"taxonomy":"product_cat","embeddable":true,"href":"https:\/\/avecobaggie.com\/es\/wp-json\/wp\/v2\/product_cat?post=2304"},{"taxonomy":"product_tag","embeddable":true,"href":"https:\/\/avecobaggie.com\/es\/wp-json\/wp\/v2\/product_tag?post=2304"}],"curies":[{"name":"wp","href":"https:\/\/api.w.org\/{rel}","templated":true}]}}