{"id":3860,"date":"2021-06-29T15:35:13","date_gmt":"2021-06-29T07:35:13","guid":{"rendered":"https:\/\/avecobaggie.com\/?post_type=product&#038;p=3860"},"modified":"2021-06-29T17:27:34","modified_gmt":"2021-06-29T09:27:34","slug":"large-best-yoga-bag-with-straps","status":"publish","type":"product","link":"https:\/\/avecobaggie.com\/es\/producto\/large-best-yoga-bag-with-straps\/","title":{"rendered":"La mejor bolsa grande de yoga con correas"},"content":{"rendered":"<p>Esta bolsa grande de yoga es perfecta para guardar tu esterilla cuando no la uses. Los materiales son de lona ecol\u00f3gica, es durable y reutilizable, cuando usted lo est\u00e1 utilizando, usted se sentir\u00e1 que est\u00e1 tocando la naturaleza, y esto es lo que sientes cuando est\u00e1s haciendo yoga. Todos los colores se pueden personalizar y tambi\u00e9n puede dise\u00f1ar su estilo personal con la pintura o el uso de algunos accesorios para DIY su bolsa de yoga personal.<\/p>\n<p>Su esterilla respirar\u00e1 con facilidad gracias a los ojales met\u00e1licos de cada extremo, y permanecer\u00e1 bien sujeta con un cierre de cremallera. Tambi\u00e9n incluye una correa ajustable de 28\", un bolsillo interior con cremallera y dos bolsillos interiores abiertos, y un forro transpirable de mezcla de algod\u00f3n.<\/p>\n<h4 class=\"p1\">\u00a0 \u00a0 Caracter\u00edsticas del producto<\/h4>\n<ul>\n<li><strong>Estilo Bolsa<\/strong>: bolsa de yoga<\/li>\n<li><strong>Tipo de material<\/strong>: Lienzo<\/li>\n<li><strong>Material Peso<\/strong>: 12oz<\/li>\n<li><strong>Material Color<\/strong>: Color personalizado<\/li>\n<li><strong>Tama\u00f1o de la bolsa<\/strong>: 68X13CM<\/li>\n<li><strong>\u00c1rea de impresi\u00f3n<\/strong>: no imprimir<\/li>\n<li><strong>Cierre<\/strong>: cierre de cord\u00f3n\uff0c Es f\u00e1cil poner tu esterilla en la bolsa y mantenerla limpia y organizada.<\/li>\n<li><strong>Instrucciones de cuidado<\/strong>: Se recomienda lavar a mano, tambi\u00e9n se puede lavar a m\u00e1quina y secar colgado.<\/li>\n<\/ul>\n<p><strong>\u00a0 \u00a0 Notas:En el caso de los tejidos de algod\u00f3n o lona, se producir\u00e1 un ligero encogimiento despu\u00e9s del lavado.<\/strong><\/p>","protected":false},"excerpt":{"rendered":"<p>Bolsa de lona personalizable para esterilla de yoga, f\u00e1cil de lavar, ecol\u00f3gica y renovable.<\/p>","protected":false},"featured_media":3855,"comment_status":"open","ping_status":"closed","template":"","meta":{"_seopress_robots_primary_cat":"none","_seopress_titles_title":"","_seopress_titles_desc":"","_seopress_robots_index":""},"product_brand":[],"product_cat":[100,102,112],"product_tag":[],"class_list":{"0":"post-3860","1":"product","2":"type-product","3":"status-publish","4":"has-post-thumbnail","6":"product_cat-other-creative-bag","7":"product_cat-cotton-canvas-bag","8":"product_cat-sports","10":"first","11":"instock","12":"taxable","13":"shipping-taxable","14":"product-type-simple"},"_links":{"self":[{"href":"https:\/\/avecobaggie.com\/es\/wp-json\/wp\/v2\/product\/3860","targetHints":{"allow":["GET"]}}],"collection":[{"href":"https:\/\/avecobaggie.com\/es\/wp-json\/wp\/v2\/product"}],"about":[{"href":"https:\/\/avecobaggie.com\/es\/wp-json\/wp\/v2\/types\/product"}],"replies":[{"embeddable":true,"href":"https:\/\/avecobaggie.com\/es\/wp-json\/wp\/v2\/comments?post=3860"}],"wp:featuredmedia":[{"embeddable":true,"href":"https:\/\/avecobaggie.com\/es\/wp-json\/wp\/v2\/media\/3855"}],"wp:attachment":[{"href":"https:\/\/avecobaggie.com\/es\/wp-json\/wp\/v2\/media?parent=3860"}],"wp:term":[{"taxonomy":"product_brand","embeddable":true,"href":"https:\/\/avecobaggie.com\/es\/wp-json\/wp\/v2\/product_brand?post=3860"},{"taxonomy":"product_cat","embeddable":true,"href":"https:\/\/avecobaggie.com\/es\/wp-json\/wp\/v2\/product_cat?post=3860"},{"taxonomy":"product_tag","embeddable":true,"href":"https:\/\/avecobaggie.com\/es\/wp-json\/wp\/v2\/product_tag?post=3860"}],"curies":[{"name":"wp","href":"https:\/\/api.w.org\/{rel}","templated":true}]}}