{"id":3861,"date":"2021-06-29T16:01:15","date_gmt":"2021-06-29T08:01:15","guid":{"rendered":"https:\/\/avecobaggie.com\/?post_type=product&#038;p=3861"},"modified":"2021-07-02T16:58:20","modified_gmt":"2021-07-02T08:58:20","slug":"brown-washable-craft-paper-dupont-backpack","status":"publish","type":"product","link":"https:\/\/avecobaggie.com\/es\/producto\/brown-washable-craft-paper-dupont-backpack\/","title":{"rendered":"Mochila Dupont de papel craft lavable marr\u00f3n"},"content":{"rendered":"<p>&nbsp;<\/p>\n<p>Aveco ofrece principalmente bolsas ecol\u00f3gicas personalizadas con un servicio de soluci\u00f3n integral. Tambi\u00e9n tenemos algunas formas b\u00e1sicas de bolsas para un comienzo f\u00e1cil como aparece en el sitio web de\u00a0\u00a0<a href=\"https:\/\/avecobaggie.com\/es\/categoria-producto\/bags-in-stock\/\"> Bolsas en stock <\/a>. la mayor\u00eda de las bolsas en stock est\u00e1n en blanco sin ninguna impresi\u00f3n, por lo que es m\u00e1s f\u00e1cil para usted hacer un logotipo privado o etiqueta para sus clientes sin un m\u00ednimo.<\/p>\n<p><span class=\"Apple-converted-space\">\u00a0 \u00a0Si quieres personalizar estas bolsas ecol\u00f3gicas, tambi\u00e9n es f\u00e1cil, algunas de las bolsas son incluso con muy bajo <\/span>MOQ para superficies personalizadas. Especialmente algod\u00f3n o bolsa de lona es extremadamente bajo en 100pieces o incluso menos para apoyar a los principiantes, vaya a <a href=\"https:\/\/avecobaggie.com\/es\/custom-solutions\/\"><strong>SOLUCIONES PERSONALIZADAS<\/strong><\/a> para saber m\u00e1s sobre los pasos de las bolsas a medida.<\/p>\n<p>La mochila Dupont est\u00e1 fabricada con tejido TYVEK:<span style=\"font-family: Arial;\">\u00a0nombre comercial de un material no tejido desarrollado por DuPont, bajo el cual se suministra una familia de tejidos resistentes y duraderos de aspecto parecido al papel.<\/span><\/p>\n<p>&nbsp;<\/p>\n<h3 class=\"p1\"><span style=\"color: #333333;\">Caracter\u00edsticas del producto Mochila Dupont de papel craft lavable marr\u00f3n <\/span><\/h3>\n<ul>\n<li><strong>Estilo Bolsa<\/strong>: Papel de manualidades lavable marr\u00f3n Mochila Dupont<\/li>\n<li><strong>Tipo de material<\/strong>: Tyvek,es duradero,muy dificil de rasgar,y es impermeable.tambien ligero,y es muy facil de plegar.el material en si es respetuoso con el medio ambiente.<\/li>\n<li><strong>Material Color<\/strong>: Color marr\u00f3n natural u otro color personalizado<\/li>\n<li><strong>Tama\u00f1o de la bolsa<\/strong>: 20X24CM\uff08 list with popular size, we accept customized size bag \uff09<\/li>\n<li><strong>\u00c1rea de impresi\u00f3n<\/strong>En blanco, 1 color, 2 colores, m\u00e1s colores, impresi\u00f3n completa, impresi\u00f3n por una o dos caras.<\/li>\n<li><strong>Instrucciones de cuidado<\/strong>: Se recomienda lavar a mano, tambi\u00e9n se puede lavar a m\u00e1quina y secar colgado.<\/li>\n<li><span class=\"a-list-item\">Bonito y duradero:<\/span><span style=\"font-family: Arial;\">conserva su resistencia y flexibilidad a -75 \u00b0C. Empieza a encoger a 118 \u00b0C y se funde a 135 \u00b0C. Se puede lavar en la lavadora.<\/span><\/li>\n<\/ul>\n<p>&nbsp;<\/p>","protected":false},"excerpt":{"rendered":"<p><strong><span data-spm-anchor-id=\"2114.12057483.0.i27.78455ac5eyqclA\">Lavable\uff0cNo se rompe\uff0cMaterial impermeable y ultraligero<\/span><\/strong><\/p>","protected":false},"featured_media":3862,"comment_status":"open","ping_status":"closed","template":"","meta":{"_seopress_robots_primary_cat":"none","_seopress_titles_title":"","_seopress_titles_desc":"","_seopress_robots_index":""},"product_brand":[],"product_cat":[98,103,109],"product_tag":[136],"class_list":{"0":"post-3861","1":"product","2":"type-product","3":"status-publish","4":"has-post-thumbnail","6":"product_cat-backpack-bag","7":"product_cat-other-fabric-bag","8":"product_cat-everyday","9":"product_tag-dupont-bag","11":"first","12":"instock","13":"taxable","14":"shipping-taxable","15":"product-type-simple"},"_links":{"self":[{"href":"https:\/\/avecobaggie.com\/es\/wp-json\/wp\/v2\/product\/3861","targetHints":{"allow":["GET"]}}],"collection":[{"href":"https:\/\/avecobaggie.com\/es\/wp-json\/wp\/v2\/product"}],"about":[{"href":"https:\/\/avecobaggie.com\/es\/wp-json\/wp\/v2\/types\/product"}],"replies":[{"embeddable":true,"href":"https:\/\/avecobaggie.com\/es\/wp-json\/wp\/v2\/comments?post=3861"}],"wp:featuredmedia":[{"embeddable":true,"href":"https:\/\/avecobaggie.com\/es\/wp-json\/wp\/v2\/media\/3862"}],"wp:attachment":[{"href":"https:\/\/avecobaggie.com\/es\/wp-json\/wp\/v2\/media?parent=3861"}],"wp:term":[{"taxonomy":"product_brand","embeddable":true,"href":"https:\/\/avecobaggie.com\/es\/wp-json\/wp\/v2\/product_brand?post=3861"},{"taxonomy":"product_cat","embeddable":true,"href":"https:\/\/avecobaggie.com\/es\/wp-json\/wp\/v2\/product_cat?post=3861"},{"taxonomy":"product_tag","embeddable":true,"href":"https:\/\/avecobaggie.com\/es\/wp-json\/wp\/v2\/product_tag?post=3861"}],"curies":[{"name":"wp","href":"https:\/\/api.w.org\/{rel}","templated":true}]}}