{"id":3884,"date":"2021-06-29T16:40:29","date_gmt":"2021-06-29T08:40:29","guid":{"rendered":"https:\/\/avecobaggie.com\/?post_type=product&#038;p=3884"},"modified":"2021-07-01T11:56:20","modified_gmt":"2021-07-01T03:56:20","slug":"tyvek-bag-dupont-paper-drawstring-bag","status":"publish","type":"product","link":"https:\/\/avecobaggie.com\/es\/producto\/tyvek-bag-dupont-paper-drawstring-bag\/","title":{"rendered":"Bolsa Tyvek Bolsa con cord\u00f3n de papel Dupont"},"content":{"rendered":"<p>Aveco ofrece principalmente bolsas ecol\u00f3gicas personalizadas con un servicio de soluci\u00f3n integral. Tambi\u00e9n tenemos algunas formas b\u00e1sicas de bolsas para un comienzo f\u00e1cil como aparece en el sitio web de\u00a0\u00a0<a href=\"https:\/\/avecobaggie.com\/es\/categoria-producto\/bags-in-stock\/\"> Bolsas en stock <\/a>. la mayor\u00eda de las bolsas en stock est\u00e1n en blanco sin ninguna impresi\u00f3n, por lo que es m\u00e1s f\u00e1cil para usted para hacer un logotipo privado o etiqueta para sus clientes sin m\u00ednimo..<\/p>\n<p>Los bolsos de ultramarinos inferiores redondos de la lona enumerados est\u00e1n disponibles debajo de 6 tama\u00f1os, ellos pueden enviar r\u00e1pidamente en el plazo de 3 d\u00edas. Todos los bolsos de la tienda de comestibles de la lona que proporcionamos aqu\u00ed son manufacturados como materiales respetuosos del medio ambiente no t\u00f3xicos.<span class=\"Apple-converted-space\">\u00a0 <\/span>as\u00ed como las grandes marcas.<\/p>\n<p class=\"p1\"><span class=\"Apple-converted-space\">\u00a0 \u00a0 Si quieres personalizar estas bolsas ecol\u00f3gicas, tambi\u00e9n es f\u00e1cil, algunas de las bolsas son incluso con muy bajo <\/span>MOQ para superficies personalizadas. Especialmente algod\u00f3n o bolsa de lona es extremadamente bajo en 100pieces o incluso menos para apoyar a los principiantes, vaya a <a href=\"https:\/\/avecobaggie.com\/es\/custom-solutions\/\"><strong>SOLUCIONES PERSONALIZADAS<\/strong><\/a> para saber m\u00e1s sobre los pasos de las bolsas a medida.<\/p>\n<h3 class=\"p1\"><span style=\"color: #333333;\">\u00a0 \u00a0 \u00a0Caracter\u00edsticas del producto<\/span><\/h3>\n<ul>\n<li><strong>Estilo de la bolsa : <\/strong><span class=\"a-list-item\">bolsa con cord\u00f3n<\/span><\/li>\n<li><strong>Tipo de material<\/strong>: Dupont<\/li>\n<li><strong>Material Color<\/strong>: Marr\u00f3n natural<\/li>\n<li><strong>Tama\u00f1o de la bolsa<\/strong>: 24X29CM\uff08 lista con el tama\u00f1o popular, aceptamos bolsa de tama\u00f1o personalizado \uff09<\/li>\n<li><strong>\u00c1rea de impresi\u00f3n<\/strong>: Color liso en stock, para la costumbre, puede ser de 1 color | 2 colores | m\u00e1s color| Impresi\u00f3n completa, la impresi\u00f3n de un lado o dos lados<\/li>\n<li><strong>Cierre<\/strong>:\u00a0<span class=\"a-list-item\">El dise\u00f1o con cord\u00f3n hace que estas bolsas de lona para la compra sean m\u00e1s f\u00e1ciles de abrochar para evitar que se pierdan objetos. El tama\u00f1o de la bolsa va de peque\u00f1o a grande para adaptarse a todas sus necesidades.<\/span><\/li>\n<\/ul>\n<p>&nbsp;<\/p>","protected":false},"excerpt":{"rendered":"<p>Aveco mainly provide customized eco bags with one stop shop solution service. We also have some basic shape of bags for an easy start as listed on the website of\u00a0\u00a0 Bags in Stock . most stocked bags are blank without any printing, so it&#8217;s easier for you to do a private logo or label for [&hellip;]<\/p>","protected":false},"featured_media":3886,"comment_status":"open","ping_status":"closed","template":"","meta":{"_seopress_robots_primary_cat":"none","_seopress_titles_title":"","_seopress_titles_desc":"","_seopress_robots_index":""},"product_brand":[],"product_cat":[92,103,112],"product_tag":[136],"class_list":{"0":"post-3884","1":"product","2":"type-product","3":"status-publish","4":"has-post-thumbnail","6":"product_cat-drawstring-bag","7":"product_cat-other-fabric-bag","8":"product_cat-sports","9":"product_tag-dupont-bag","11":"first","12":"instock","13":"taxable","14":"shipping-taxable","15":"product-type-simple"},"_links":{"self":[{"href":"https:\/\/avecobaggie.com\/es\/wp-json\/wp\/v2\/product\/3884","targetHints":{"allow":["GET"]}}],"collection":[{"href":"https:\/\/avecobaggie.com\/es\/wp-json\/wp\/v2\/product"}],"about":[{"href":"https:\/\/avecobaggie.com\/es\/wp-json\/wp\/v2\/types\/product"}],"replies":[{"embeddable":true,"href":"https:\/\/avecobaggie.com\/es\/wp-json\/wp\/v2\/comments?post=3884"}],"wp:featuredmedia":[{"embeddable":true,"href":"https:\/\/avecobaggie.com\/es\/wp-json\/wp\/v2\/media\/3886"}],"wp:attachment":[{"href":"https:\/\/avecobaggie.com\/es\/wp-json\/wp\/v2\/media?parent=3884"}],"wp:term":[{"taxonomy":"product_brand","embeddable":true,"href":"https:\/\/avecobaggie.com\/es\/wp-json\/wp\/v2\/product_brand?post=3884"},{"taxonomy":"product_cat","embeddable":true,"href":"https:\/\/avecobaggie.com\/es\/wp-json\/wp\/v2\/product_cat?post=3884"},{"taxonomy":"product_tag","embeddable":true,"href":"https:\/\/avecobaggie.com\/es\/wp-json\/wp\/v2\/product_tag?post=3884"}],"curies":[{"name":"wp","href":"https:\/\/api.w.org\/{rel}","templated":true}]}}