{"id":3948,"date":"2021-06-30T16:07:09","date_gmt":"2021-06-30T08:07:09","guid":{"rendered":"https:\/\/avecobaggie.com\/?post_type=product&#038;p=3948"},"modified":"2021-06-30T17:10:22","modified_gmt":"2021-06-30T09:10:22","slug":"fashionable-best-waterproof-backpack-for-college-students","status":"publish","type":"product","link":"https:\/\/avecobaggie.com\/es\/producto\/fashionable-best-waterproof-backpack-for-college-students\/","title":{"rendered":"La mejor mochila impermeable de moda para estudiantes universitarios"},"content":{"rendered":"<p>La mochila Dupont est\u00e1 fabricada con tejido TYVEK:<span style=\"font-family: Arial;\">\u00a0nombre comercial de un material no tejido desarrollado por DuPont, bajo el cual se suministra una familia de tejidos resistentes y duraderos de aspecto parecido al papel.<\/span><\/p>\n<h3 class=\"p1\"><span style=\"color: #333333;\">Caracter\u00edsticas del producto\u00a0<\/span><\/h3>\n<ul>\n<li><strong>Estilo Bolsa<\/strong>: Papel de manualidades lavable marr\u00f3n Mochila Dupont<\/li>\n<li><strong>Tipo de material<\/strong>: Tyvek,es duradero,muy dificil de rasgar,y es impermeable.tambien ligero,y es muy facil de plegar.el material en si es respetuoso con el medio ambiente.<\/li>\n<li><strong>Material Color<\/strong>: Color marr\u00f3n natural u otro color personalizado<\/li>\n<li><strong>Tama\u00f1o de la bolsa<\/strong>: 29X38X13CM\uff08 lista con el tama\u00f1o popular, aceptamos bolsa de tama\u00f1o personalizado \uff09.<\/li>\n<li><strong>\u00c1rea de impresi\u00f3n<\/strong>En blanco, 1 color, 2 colores, m\u00e1s colores, impresi\u00f3n completa, impresi\u00f3n por una o dos caras.<\/li>\n<li><strong>Instrucciones de cuidado<\/strong>: Se recomienda lavar a mano, tambi\u00e9n se puede lavar a m\u00e1quina y secar colgado.<\/li>\n<li><span class=\"a-list-item\">Bonito y duradero:<\/span><span style=\"font-family: Arial;\">conserva su resistencia y flexibilidad a -75 \u00b0C. Empieza a encoger a 118 \u00b0C y se funde a 135 \u00b0C. Se puede lavar en la lavadora.<\/span><\/li>\n<\/ul>\n<p>&nbsp;<\/p>","protected":false},"excerpt":{"rendered":"<p><strong><span data-spm-anchor-id=\"2114.12057483.0.i27.78455ac5eyqclA\">Lavable\uff0cNo se rompe\uff0cMaterial impermeable y ultraligero<\/span><\/strong><\/p>","protected":false},"featured_media":3949,"comment_status":"open","ping_status":"closed","template":"","meta":{"_seopress_robots_primary_cat":"none","_seopress_titles_title":"","_seopress_titles_desc":"","_seopress_robots_index":""},"product_brand":[],"product_cat":[98,103,108],"product_tag":[136],"class_list":{"0":"post-3948","1":"product","2":"type-product","3":"status-publish","4":"has-post-thumbnail","6":"product_cat-backpack-bag","7":"product_cat-other-fabric-bag","8":"product_cat-work-school","9":"product_tag-dupont-bag","11":"first","12":"instock","13":"taxable","14":"shipping-taxable","15":"product-type-simple"},"_links":{"self":[{"href":"https:\/\/avecobaggie.com\/es\/wp-json\/wp\/v2\/product\/3948","targetHints":{"allow":["GET"]}}],"collection":[{"href":"https:\/\/avecobaggie.com\/es\/wp-json\/wp\/v2\/product"}],"about":[{"href":"https:\/\/avecobaggie.com\/es\/wp-json\/wp\/v2\/types\/product"}],"replies":[{"embeddable":true,"href":"https:\/\/avecobaggie.com\/es\/wp-json\/wp\/v2\/comments?post=3948"}],"wp:featuredmedia":[{"embeddable":true,"href":"https:\/\/avecobaggie.com\/es\/wp-json\/wp\/v2\/media\/3949"}],"wp:attachment":[{"href":"https:\/\/avecobaggie.com\/es\/wp-json\/wp\/v2\/media?parent=3948"}],"wp:term":[{"taxonomy":"product_brand","embeddable":true,"href":"https:\/\/avecobaggie.com\/es\/wp-json\/wp\/v2\/product_brand?post=3948"},{"taxonomy":"product_cat","embeddable":true,"href":"https:\/\/avecobaggie.com\/es\/wp-json\/wp\/v2\/product_cat?post=3948"},{"taxonomy":"product_tag","embeddable":true,"href":"https:\/\/avecobaggie.com\/es\/wp-json\/wp\/v2\/product_tag?post=3948"}],"curies":[{"name":"wp","href":"https:\/\/api.w.org\/{rel}","templated":true}]}}