{"id":397,"date":"2021-02-01T16:10:34","date_gmt":"2021-02-01T08:10:34","guid":{"rendered":"https:\/\/avecobaggie.com\/?post_type=product&#038;p=397"},"modified":"2025-04-25T15:16:32","modified_gmt":"2025-04-25T07:16:32","slug":"cotton-mesh-produce-bag","status":"publish","type":"product","link":"https:\/\/avecobaggie.com\/es\/producto\/cotton-mesh-produce-bag\/","title":{"rendered":"Bolsa de malla de algod\u00f3n reutilizable"},"content":{"rendered":"<p>Aveco ofrece principalmente bolsas ecol\u00f3gicas personalizadas con un servicio de soluci\u00f3n integral. Nuestras bolsas son duraderas, de alta calidad y asequibles para satisfacer diferentes prop\u00f3sitos.<\/p>\n<p>Las bolsas de malla reutilizables est\u00e1n hechas de algod\u00f3n 100%, que es libre de contaminaci\u00f3n, compostable y muy respetuoso con el medio ambiente. Cada bolsa est\u00e1 bien cosida con doble costura, que puede soportar grandes pesos.<\/p>\n<p>Las bolsas se venden normalmente en un paquete, con 3pcs ,6 pcs o 9pcs en un conjunto, tama\u00f1o de S,M,L(8X10\u2033,10X12\u2033,12X14\u2033), cada bolsa con una etiqueta de peso de tara y su logotipo si es necesario. otros tama\u00f1os tambi\u00e9n se pueden personalizar si es necesario.<\/p>\n<p>Las bolsas son extremadamente el\u00e1sticas, resistentes y grandes, y pueden transportar m\u00e1s cosas que su tama\u00f1o.Son f\u00e1ciles de limpiar, absolutamente seguras en el lavavajillas y reutilizables.<\/p>\n<p>Estas bolsas est\u00e1n dise\u00f1adas para ser multifuncionales, puede utilizarlas para guardar verduras y frutas en el frigor\u00edfico, tambi\u00e9n son ideales para ropa delicada, peque\u00f1os equipos deportivos, viajes a la playa, ropa de gimnasia, almuerzos escolares, juguetes, material de oficina, viajes de camping, viajes por carretera y pr\u00e1cticamente cualquier forma de organizaci\u00f3n dom\u00e9stica que pueda imaginar.<\/p>\n<p>CARACTER\u00cdSTICAS DEL PRODUCTO<\/p>\n<ul>\n<li><strong>Estilo Bolsa<\/strong>: Bolsa de malla de algod\u00f3n para frutas y verduras<\/li>\n<li><strong>Tipo de material<\/strong>: Tejido de algod\u00f3n 100%<\/li>\n<li><strong>Material Color<\/strong>: Natural<\/li>\n<li><strong>Tama\u00f1o de la bolsa<\/strong>: S,M,L(8X10\u2033,10X12\u2033,12X14\u2033)(lista con tama\u00f1o est\u00e1ndar, aceptamos bolsa de tama\u00f1o personalizado \uff09<\/li>\n<li><strong>\u00c1rea de impresi\u00f3n<\/strong>: Normalmente bolsa de malla con etiqueta de peso de tara en el lado, y tambi\u00e9n puede ser cosido en el centro con el tama\u00f1o del logotipo m\u00e1s grande.<\/li>\n<li><strong>Cierre<\/strong>: Cord\u00f3n con cierre final de pl\u00e1stico, metal u otro tipo de cierre final<\/li>\n<li><strong>Instrucciones de cuidado<\/strong>: Se recomienda lavar a mano, tambi\u00e9n se puede lavar a m\u00e1quina y secar colgado.<\/li>\n<\/ul>\n<p><strong>Notas:Para el tejido de algod\u00f3n, habr\u00e1 un ligero encogimiento despu\u00e9s del lavado<\/strong><\/p>\n<p>&nbsp;<\/p>\n<p>&nbsp;<\/p>","protected":false},"excerpt":{"rendered":"<p>Fabricadas con algod\u00f3n org\u00e1nico 100%, nuestras bolsas de malla reutilizables no producen residuos, no contienen plomo, BPA ni mercurio y son totalmente biodegradables.<\/p>","protected":false},"featured_media":398,"comment_status":"closed","ping_status":"closed","template":"","meta":{"_seopress_robots_primary_cat":"none","_seopress_titles_title":"","_seopress_titles_desc":"","_seopress_robots_index":""},"product_brand":[185],"product_cat":[188,96,109],"product_tag":[],"class_list":{"0":"post-397","1":"product","2":"type-product","3":"status-publish","4":"has-post-thumbnail","6":"product_brand-avecobaggie","7":"product_cat-custom-canvas-bag","8":"product_cat-mesh-bag","9":"product_cat-everyday","11":"first","12":"instock","13":"taxable","14":"shipping-taxable","15":"product-type-simple"},"_links":{"self":[{"href":"https:\/\/avecobaggie.com\/es\/wp-json\/wp\/v2\/product\/397","targetHints":{"allow":["GET"]}}],"collection":[{"href":"https:\/\/avecobaggie.com\/es\/wp-json\/wp\/v2\/product"}],"about":[{"href":"https:\/\/avecobaggie.com\/es\/wp-json\/wp\/v2\/types\/product"}],"replies":[{"embeddable":true,"href":"https:\/\/avecobaggie.com\/es\/wp-json\/wp\/v2\/comments?post=397"}],"wp:featuredmedia":[{"embeddable":true,"href":"https:\/\/avecobaggie.com\/es\/wp-json\/wp\/v2\/media\/398"}],"wp:attachment":[{"href":"https:\/\/avecobaggie.com\/es\/wp-json\/wp\/v2\/media?parent=397"}],"wp:term":[{"taxonomy":"product_brand","embeddable":true,"href":"https:\/\/avecobaggie.com\/es\/wp-json\/wp\/v2\/product_brand?post=397"},{"taxonomy":"product_cat","embeddable":true,"href":"https:\/\/avecobaggie.com\/es\/wp-json\/wp\/v2\/product_cat?post=397"},{"taxonomy":"product_tag","embeddable":true,"href":"https:\/\/avecobaggie.com\/es\/wp-json\/wp\/v2\/product_tag?post=397"}],"curies":[{"name":"wp","href":"https:\/\/api.w.org\/{rel}","templated":true}]}}