{"id":3970,"date":"2021-06-30T17:10:12","date_gmt":"2021-06-30T09:10:12","guid":{"rendered":"https:\/\/avecobaggie.com\/?post_type=product&#038;p=3970"},"modified":"2021-06-30T18:09:39","modified_gmt":"2021-06-30T10:09:39","slug":"dupont-tyvek-small-cool-lunch-bags-for-adults","status":"publish","type":"product","link":"https:\/\/avecobaggie.com\/es\/producto\/dupont-tyvek-small-cool-lunch-bags-for-adults\/","title":{"rendered":"Bolsas de almuerzo peque\u00f1as de Dupont Tyvek para adultos"},"content":{"rendered":"<p>Aveco Company se especializa en bolsas de materiales ecol\u00f3gicos, como bolsas de lona de algod\u00f3n, bolsas de muselina, bolsas de arpillera de yute, bolsas no tejidas, etc. Todas nuestras bolsas se pueden personalizar o adaptar a sus necesidades. Todos los bolsos se pueden modificar para requisitos particulares o personalizar con su propio requests.we ofrecen un servicio de la soluci\u00f3n de la tienda de la parada de sourcing material hasta el env\u00edo... nuestros bolsos son durables, de alta calidad y asequibles resolver diversos prop\u00f3sitos, podemos servir sus necesidades a granel con bastante un MOQ bajo y una entrega r\u00e1pida.<\/p>\n<p>CARACTER\u00cdSTICAS DEL PRODUCTO<\/p>\n<ul>\n<li><strong>Estilo Bolsa<\/strong>: bolsa de almuerzo insultada<\/li>\n<li><strong>Tipo de material<\/strong>: Dupont + Papel de aluminio<\/li>\n<li><strong>Material Color<\/strong>: Marr\u00f3n u otro color personalizado<\/li>\n<li><strong>Tama\u00f1o de la bolsa<\/strong>: 21X16X13CM ( list with standard size, we accept customized size bag \uff09<\/li>\n<li><strong>\u00c1rea de impresi\u00f3n<\/strong>: 1 color | 2 colores | m\u00e1s colores| Impresi\u00f3n completa, impresi\u00f3n a una o dos caras<\/li>\n<li><strong>Cierre<\/strong>: Con cremallera<\/li>\n<li><strong>Instrucciones de cuidado<\/strong>: Se recomienda lavar a mano, tambi\u00e9n se puede lavar a m\u00e1quina y secar colgado.<\/li>\n<\/ul>","protected":false},"excerpt":{"rendered":"<p>Este bolso insultado del almuerzo se cabe para las mujeres, con la cremallera, y puede caber en la caja del almuerzo del tiffin, el bolso puede tambi\u00e9n imprimir la insignia o el patr\u00f3n.<\/p>","protected":false},"featured_media":3972,"comment_status":"open","ping_status":"closed","template":"","meta":{"_seopress_robots_primary_cat":"none","_seopress_titles_title":"%%post_title%% %%sep%% %%sitetitle%%","_seopress_titles_desc":"","_seopress_robots_index":""},"product_brand":[],"product_cat":[30,108],"product_tag":[],"class_list":{"0":"post-3970","1":"product","2":"type-product","3":"status-publish","4":"has-post-thumbnail","6":"product_cat-cooler-bag","7":"product_cat-work-school","9":"first","10":"instock","11":"taxable","12":"shipping-taxable","13":"product-type-simple"},"_links":{"self":[{"href":"https:\/\/avecobaggie.com\/es\/wp-json\/wp\/v2\/product\/3970","targetHints":{"allow":["GET"]}}],"collection":[{"href":"https:\/\/avecobaggie.com\/es\/wp-json\/wp\/v2\/product"}],"about":[{"href":"https:\/\/avecobaggie.com\/es\/wp-json\/wp\/v2\/types\/product"}],"replies":[{"embeddable":true,"href":"https:\/\/avecobaggie.com\/es\/wp-json\/wp\/v2\/comments?post=3970"}],"wp:featuredmedia":[{"embeddable":true,"href":"https:\/\/avecobaggie.com\/es\/wp-json\/wp\/v2\/media\/3972"}],"wp:attachment":[{"href":"https:\/\/avecobaggie.com\/es\/wp-json\/wp\/v2\/media?parent=3970"}],"wp:term":[{"taxonomy":"product_brand","embeddable":true,"href":"https:\/\/avecobaggie.com\/es\/wp-json\/wp\/v2\/product_brand?post=3970"},{"taxonomy":"product_cat","embeddable":true,"href":"https:\/\/avecobaggie.com\/es\/wp-json\/wp\/v2\/product_cat?post=3970"},{"taxonomy":"product_tag","embeddable":true,"href":"https:\/\/avecobaggie.com\/es\/wp-json\/wp\/v2\/product_tag?post=3970"}],"curies":[{"name":"wp","href":"https:\/\/api.w.org\/{rel}","templated":true}]}}