{"id":3976,"date":"2021-06-30T17:22:51","date_gmt":"2021-06-30T09:22:51","guid":{"rendered":"https:\/\/avecobaggie.com\/?post_type=product&#038;p=3976"},"modified":"2021-06-30T18:14:04","modified_gmt":"2021-06-30T10:14:04","slug":"cute-dupont-lunch-bags-for-women","status":"publish","type":"product","link":"https:\/\/avecobaggie.com\/es\/producto\/cute-dupont-lunch-bags-for-women\/","title":{"rendered":"Cute Dupont Lunch Bags for Women"},"content":{"rendered":"<p>Aveco Company se especializa en bolsas de materiales ecol\u00f3gicos, como bolsas de lona de algod\u00f3n, bolsas de muselina, bolsas de arpillera de yute, bolsas no tejidas, etc. Todas nuestras bolsas se pueden personalizar o adaptar a sus necesidades. Todos los bolsos se pueden modificar para requisitos particulares o personalizar con su propio requests.we ofrecen un servicio de la soluci\u00f3n de la tienda de la parada de sourcing material hasta el env\u00edo... nuestros bolsos son durables, de alta calidad y asequibles resolver diversos prop\u00f3sitos, podemos servir sus necesidades a granel con bastante un MOQ bajo y una entrega r\u00e1pida.<\/p>\n<p>CARACTER\u00cdSTICAS DEL PRODUCTO<\/p>\n<ul>\n<li><strong>Estilo Bolsa<\/strong>:Lunch Cooler<\/li>\n<li><strong>Tipo de material<\/strong>: Dupont + Papel de aluminio<\/li>\n<li><strong>Material Peso<\/strong>:\u00a0 70g<\/li>\n<li><strong>Material Color<\/strong>: Blue or other customized color<\/li>\n<li><strong>Tama\u00f1o de la bolsa<\/strong>: 20X18X12CM ( list with standard size, we accept customized size bag \uff09<\/li>\n<li><strong>\u00c1rea de impresi\u00f3n<\/strong>: 1 color | 2 colores | m\u00e1s colores| Impresi\u00f3n completa, impresi\u00f3n a una o dos caras<\/li>\n<li><strong>Cierre<\/strong>: Con cremallera<\/li>\n<li><strong>Instrucciones de cuidado<\/strong>: Se recomienda lavar a mano. Tambi\u00e9n se puede lavar a m\u00e1quina y secar colgado.<\/li>\n<\/ul>","protected":false},"excerpt":{"rendered":"<p>Aveco\u00a0 Company specialized in eco-friendly material based bags such as cotton canvas bag, muslin bag, jute burlap bag,Non-woven bag ,etc. All the bags can be customized or personalized with your own requests.we offer\u00a0 one stop shop solution service from material sourcing till shipment.. ur\u00a0 bags are durable, high quality and affordable to meet different purposes, [&hellip;]<\/p>","protected":false},"featured_media":3977,"comment_status":"open","ping_status":"closed","template":"","meta":{"_seopress_robots_primary_cat":"none","_seopress_titles_title":"%%post_title%% %%sep%% %%sitetitle%%","_seopress_titles_desc":"","_seopress_robots_index":""},"product_brand":[],"product_cat":[30,108,109],"product_tag":[136],"class_list":{"0":"post-3976","1":"product","2":"type-product","3":"status-publish","4":"has-post-thumbnail","6":"product_cat-cooler-bag","7":"product_cat-work-school","8":"product_cat-everyday","9":"product_tag-dupont-bag","11":"first","12":"instock","13":"taxable","14":"shipping-taxable","15":"product-type-simple"},"_links":{"self":[{"href":"https:\/\/avecobaggie.com\/es\/wp-json\/wp\/v2\/product\/3976","targetHints":{"allow":["GET"]}}],"collection":[{"href":"https:\/\/avecobaggie.com\/es\/wp-json\/wp\/v2\/product"}],"about":[{"href":"https:\/\/avecobaggie.com\/es\/wp-json\/wp\/v2\/types\/product"}],"replies":[{"embeddable":true,"href":"https:\/\/avecobaggie.com\/es\/wp-json\/wp\/v2\/comments?post=3976"}],"wp:featuredmedia":[{"embeddable":true,"href":"https:\/\/avecobaggie.com\/es\/wp-json\/wp\/v2\/media\/3977"}],"wp:attachment":[{"href":"https:\/\/avecobaggie.com\/es\/wp-json\/wp\/v2\/media?parent=3976"}],"wp:term":[{"taxonomy":"product_brand","embeddable":true,"href":"https:\/\/avecobaggie.com\/es\/wp-json\/wp\/v2\/product_brand?post=3976"},{"taxonomy":"product_cat","embeddable":true,"href":"https:\/\/avecobaggie.com\/es\/wp-json\/wp\/v2\/product_cat?post=3976"},{"taxonomy":"product_tag","embeddable":true,"href":"https:\/\/avecobaggie.com\/es\/wp-json\/wp\/v2\/product_tag?post=3976"}],"curies":[{"name":"wp","href":"https:\/\/api.w.org\/{rel}","templated":true}]}}