{"id":4024,"date":"2021-07-01T14:07:59","date_gmt":"2021-07-01T06:07:59","guid":{"rendered":"https:\/\/avecobaggie.com\/?post_type=product&#038;p=4024"},"modified":"2021-07-01T15:38:46","modified_gmt":"2021-07-01T07:38:46","slug":"tyvek-shoulder-bag-with-woven-strap-and-small-pouch","status":"publish","type":"product","link":"https:\/\/avecobaggie.com\/es\/producto\/tyvek-shoulder-bag-with-woven-strap-and-small-pouch\/","title":{"rendered":"Bolsa bandolera Tyvek con correa tejida y bolsa peque\u00f1a"},"content":{"rendered":"<p>Aveco empresa puede personalizar y bolsas de lona al por mayor con un servicio de soluci\u00f3n de ventanilla \u00fanica. Tambi\u00e9n tenemos algunas formas b\u00e1sicas de bolsas para un comienzo f\u00e1cil como aparece en el sitio web de\u00a0\u00a0<a href=\"https:\/\/avecobaggie.com\/es\/categoria-producto\/bags-in-stock\/\"> Bolsas en stock <\/a>. la mayor\u00eda de las bolsas en stock est\u00e1n en blanco sin ninguna impresi\u00f3n, por lo que es m\u00e1s f\u00e1cil para usted hacer un logotipo privado o etiqueta para sus clientes sin un m\u00ednimo.<\/p>\n<p><span class=\"Apple-converted-space\">\u00a0 \u00a0 Si quieres personalizar estas bolsas ecol\u00f3gicas, tambi\u00e9n es f\u00e1cil, algunas de las bolsas son incluso con muy bajo <\/span>MOQ para superficies personalizadas. Especialmente algod\u00f3n o bolsa de lona es extremadamente bajo en 100pieces o incluso menos para apoyar a los principiantes, vaya a <a href=\"https:\/\/avecobaggie.com\/es\/custom-solutions\/\"><strong>SOLUCIONES PERSONALIZADAS<\/strong><\/a> para saber m\u00e1s sobre los pasos de las bolsas a medida.<\/p>\n<h4 class=\"p1\"><span style=\"color: #333333;\">Caracter\u00edsticas del producto<\/span><\/h4>\n<ul>\n<li><strong>Estilo Bolsa<\/strong>: Shoulder Bag<\/li>\n<li><strong>Tipo de material<\/strong>: Dupont Tyvek<\/li>\n<li><strong>Material Color<\/strong>: Beige natural<\/li>\n<li><strong>Tama\u00f1o de la bolsa<\/strong>:36X38X8CM ( list with standard size, we accept customized size bag \uff09<\/li>\n<li><strong>\u00c1rea de impresi\u00f3n<\/strong>: 1 color | 2 colores | m\u00e1s colores| Impresi\u00f3n completa, impresi\u00f3n a una o dos caras<\/li>\n<li><strong>Cierre<\/strong>: abrir<\/li>\n<li><strong>Caracter\u00edstica:<\/strong> reutilizable, reciclable, sostenible y con una larga vida \u00fatil asegurada,gran espacio para tu ipad, libros, m\u00f3vil y lo esencial<\/li>\n<\/ul>","protected":false},"excerpt":{"rendered":"<p>Reutilizable, reciclable, sostenible y con una larga vida \u00fatil garantizada,gran espacio para tu ipad, libros, m\u00f3vil y lo esencial<\/p>","protected":false},"featured_media":4025,"comment_status":"open","ping_status":"closed","template":"","meta":{"_seopress_robots_primary_cat":"none","_seopress_titles_title":"","_seopress_titles_desc":"","_seopress_robots_index":""},"product_brand":[],"product_cat":[29,100,103,109],"product_tag":[136],"class_list":{"0":"post-4024","1":"product","2":"type-product","3":"status-publish","4":"has-post-thumbnail","6":"product_cat-tote-bag","7":"product_cat-other-creative-bag","8":"product_cat-other-fabric-bag","9":"product_cat-everyday","10":"product_tag-dupont-bag","12":"first","13":"instock","14":"taxable","15":"shipping-taxable","16":"product-type-simple"},"_links":{"self":[{"href":"https:\/\/avecobaggie.com\/es\/wp-json\/wp\/v2\/product\/4024","targetHints":{"allow":["GET"]}}],"collection":[{"href":"https:\/\/avecobaggie.com\/es\/wp-json\/wp\/v2\/product"}],"about":[{"href":"https:\/\/avecobaggie.com\/es\/wp-json\/wp\/v2\/types\/product"}],"replies":[{"embeddable":true,"href":"https:\/\/avecobaggie.com\/es\/wp-json\/wp\/v2\/comments?post=4024"}],"wp:featuredmedia":[{"embeddable":true,"href":"https:\/\/avecobaggie.com\/es\/wp-json\/wp\/v2\/media\/4025"}],"wp:attachment":[{"href":"https:\/\/avecobaggie.com\/es\/wp-json\/wp\/v2\/media?parent=4024"}],"wp:term":[{"taxonomy":"product_brand","embeddable":true,"href":"https:\/\/avecobaggie.com\/es\/wp-json\/wp\/v2\/product_brand?post=4024"},{"taxonomy":"product_cat","embeddable":true,"href":"https:\/\/avecobaggie.com\/es\/wp-json\/wp\/v2\/product_cat?post=4024"},{"taxonomy":"product_tag","embeddable":true,"href":"https:\/\/avecobaggie.com\/es\/wp-json\/wp\/v2\/product_tag?post=4024"}],"curies":[{"name":"wp","href":"https:\/\/api.w.org\/{rel}","templated":true}]}}