{"id":4042,"date":"2021-07-01T15:44:05","date_gmt":"2021-07-01T07:44:05","guid":{"rendered":"https:\/\/avecobaggie.com\/?post_type=product&#038;p=4042"},"modified":"2021-07-02T17:34:42","modified_gmt":"2021-07-02T09:34:42","slug":"washable-paper-women-tote-bag","status":"publish","type":"product","link":"https:\/\/avecobaggie.com\/es\/producto\/washable-paper-women-tote-bag\/","title":{"rendered":"Bolsa de papel lavable para mujer"},"content":{"rendered":"<p>Aveco empresa puede personalizar y bolsas de lona al por mayor con un servicio de soluci\u00f3n de ventanilla \u00fanica. Tambi\u00e9n tenemos algunas formas b\u00e1sicas de bolsas para un comienzo f\u00e1cil como aparece en el sitio web de\u00a0\u00a0<a href=\"https:\/\/avecobaggie.com\/es\/categoria-producto\/bags-in-stock\/\"> Bolsas en stock <\/a>. la mayor\u00eda de las bolsas en stock est\u00e1n en blanco sin ninguna impresi\u00f3n, por lo que es m\u00e1s f\u00e1cil para usted hacer un logotipo privado o etiqueta para sus clientes sin un m\u00ednimo.<\/p>\n<p><span class=\"Apple-converted-space\">\u00a0 \u00a0 Si quieres personalizar estas bolsas ecol\u00f3gicas, tambi\u00e9n es f\u00e1cil, algunas de las bolsas son incluso con muy bajo <\/span>MOQ para superficies personalizadas. Especialmente algod\u00f3n o bolsa de lona es extremadamente bajo en 100pieces o incluso menos para apoyar a los principiantes, vaya a <a href=\"https:\/\/avecobaggie.com\/es\/custom-solutions\/\"><strong>SOLUCIONES PERSONALIZADAS<\/strong><\/a> para saber m\u00e1s sobre los pasos de las bolsas a medida.<\/p>\n<h4 class=\"p1\"><span style=\"color: #333333;\">Caracter\u00edsticas del producto<\/span><\/h4>\n<ul>\n<li><strong>Estilo Bolsa<\/strong>: Bolso Totes<\/li>\n<li><strong>Tipo de material<\/strong>: Papel lavable<\/li>\n<li><strong>Material Color<\/strong>: Beige natural<\/li>\n<li><strong>Tama\u00f1o de la bolsa<\/strong>:30X41X13CM ( lista con tama\u00f1o est\u00e1ndar, aceptamos bolsa de tama\u00f1o personalizado \uff09<\/li>\n<li><strong>\u00c1rea de impresi\u00f3n<\/strong>: 1 color | 2 colores | m\u00e1s colores| Impresi\u00f3n completa, impresi\u00f3n a una o dos caras<\/li>\n<li><strong>Cierre<\/strong>: abrir<\/li>\n<li><strong>Caracter\u00edstica:<\/strong><\/li>\n<li>reutilizable, reciclable, sostenible y con una larga vida \u00fatil asegurada,gran espacio para tu ipad, libros, m\u00f3vil y lo esencial<\/li>\n<li><span class=\"a-list-item\">***MATERIAL NATURAL: El papel Tyvek Dupont est\u00e1 hecho de fibra de papel natural, degradable y respetuoso con el medio ambiente, impermeable y resistente a las manchas y a los desgarros y duradero, el interior adopta lona de algod\u00f3n 100%, sensaci\u00f3n suave y transpirable en la mano, sin olor y muy c\u00f3moda.<\/span><\/li>\n<li><span class=\"a-list-item\">***Ligeras y c\u00f3modas: ultraligeras e incre\u00edblemente duraderas. Son flexibles al tacto, no tan \u00e1speras y r\u00edgidas como el papel kraft, de hecho son bolsas de piel suave en el sentido visual, pero son productos de \"papel\" ecol\u00f3gicos de verdad.<\/span><\/li>\n<li><span class=\"a-list-item\">***MATERIALES EXQUISITOS, FINA MANO DE OBRA: Vintage Tyvek DuPont papel y lona de algod\u00f3n. Impresi\u00f3n de moda, de alto grado y hermoso X-tipo reforzado port\u00e1til; Buena calidad de cobre hebilla magn\u00e9tica y prolijamente conmutaci\u00f3n.<\/span><\/li>\n<li><span class=\"a-list-item\">***TAMA\u00d1O PEQUE\u00d1O, GRAN CAPACIDAD: incluye bolsa principal, bolsa para el DNI, bolsa para el m\u00f3vil y bolsillo interior con cremallera. Puede acomodar sus revistas, estuches de l\u00e1pices, tel\u00e9fonos m\u00f3viles, carteras, llaves - suficiente para satisfacer sus necesidades de viaje.<\/span><\/li>\n<li><span class=\"a-list-item\">***REGALOS PERFECTOS: para amada, amigos, padres, hija, novia, como Navidad, cumplea\u00f1os, d\u00eda de la madre, a\u00f1o nuevo, acci\u00f3n de gracias, etc.<\/span><\/li>\n<\/ul>","protected":false},"excerpt":{"rendered":"<p>Reutilizable, reciclable, sostenible y con una larga vida \u00fatil garantizada,gran espacio para tu ipad, libros, m\u00f3vil y lo esencial<\/p>","protected":false},"featured_media":4043,"comment_status":"open","ping_status":"closed","template":"","meta":{"_seopress_robots_primary_cat":"none","_seopress_titles_title":"","_seopress_titles_desc":"","_seopress_robots_index":""},"product_brand":[],"product_cat":[29,103,109],"product_tag":[136],"class_list":{"0":"post-4042","1":"product","2":"type-product","3":"status-publish","4":"has-post-thumbnail","6":"product_cat-tote-bag","7":"product_cat-other-fabric-bag","8":"product_cat-everyday","9":"product_tag-dupont-bag","11":"first","12":"instock","13":"taxable","14":"shipping-taxable","15":"product-type-simple"},"_links":{"self":[{"href":"https:\/\/avecobaggie.com\/es\/wp-json\/wp\/v2\/product\/4042","targetHints":{"allow":["GET"]}}],"collection":[{"href":"https:\/\/avecobaggie.com\/es\/wp-json\/wp\/v2\/product"}],"about":[{"href":"https:\/\/avecobaggie.com\/es\/wp-json\/wp\/v2\/types\/product"}],"replies":[{"embeddable":true,"href":"https:\/\/avecobaggie.com\/es\/wp-json\/wp\/v2\/comments?post=4042"}],"wp:featuredmedia":[{"embeddable":true,"href":"https:\/\/avecobaggie.com\/es\/wp-json\/wp\/v2\/media\/4043"}],"wp:attachment":[{"href":"https:\/\/avecobaggie.com\/es\/wp-json\/wp\/v2\/media?parent=4042"}],"wp:term":[{"taxonomy":"product_brand","embeddable":true,"href":"https:\/\/avecobaggie.com\/es\/wp-json\/wp\/v2\/product_brand?post=4042"},{"taxonomy":"product_cat","embeddable":true,"href":"https:\/\/avecobaggie.com\/es\/wp-json\/wp\/v2\/product_cat?post=4042"},{"taxonomy":"product_tag","embeddable":true,"href":"https:\/\/avecobaggie.com\/es\/wp-json\/wp\/v2\/product_tag?post=4042"}],"curies":[{"name":"wp","href":"https:\/\/api.w.org\/{rel}","templated":true}]}}