{"id":4054,"date":"2021-07-01T16:25:43","date_gmt":"2021-07-01T08:25:43","guid":{"rendered":"https:\/\/avecobaggie.com\/?post_type=product&#038;p=4054"},"modified":"2021-07-01T22:04:27","modified_gmt":"2021-07-01T14:04:27","slug":"15-inch-office-washable-paper-laptop-bag","status":"publish","type":"product","link":"https:\/\/avecobaggie.com\/es\/producto\/15-inch-office-washable-paper-laptop-bag\/","title":{"rendered":"Bolsa de papel lavable para port\u00e1til de oficina de 15 pulgadas"},"content":{"rendered":"<p>Aveco empresa puede personalizar y bolsas de lona al por mayor con un servicio de soluci\u00f3n de ventanilla \u00fanica. Tambi\u00e9n tenemos algunas formas b\u00e1sicas de bolsas para un comienzo f\u00e1cil como aparece en el sitio web de\u00a0\u00a0<a href=\"https:\/\/avecobaggie.com\/es\/categoria-producto\/bags-in-stock\/\"> Bolsas en stock <\/a>. la mayor\u00eda de las bolsas en stock est\u00e1n en blanco sin ninguna impresi\u00f3n, por lo que es m\u00e1s f\u00e1cil para usted hacer un logotipo privado o etiqueta para sus clientes sin un m\u00ednimo.<\/p>\n<p><span class=\"Apple-converted-space\">\u00a0 \u00a0 Si quieres personalizar estas bolsas ecol\u00f3gicas, tambi\u00e9n es f\u00e1cil, algunas de las bolsas son incluso con muy bajo <\/span>MOQ para superficies personalizadas. Especialmente algod\u00f3n o bolsa de lona es extremadamente bajo en 100pieces o incluso menos para apoyar a los principiantes, vaya a <a href=\"https:\/\/avecobaggie.com\/es\/custom-solutions\/\"><strong>SOLUCIONES PERSONALIZADAS<\/strong><\/a> para saber m\u00e1s sobre los pasos de las bolsas a medida.<\/p>\n<h4 class=\"p1\"><span style=\"color: #333333;\">Caracter\u00edsticas del producto<\/span><\/h4>\n<ul>\n<li><strong>Estilo Bolsa<\/strong>: Bolsa para port\u00e1til<\/li>\n<li><strong>Tipo de material<\/strong>: Dupont Tyvek+ No Tejido<\/li>\n<li><strong>Material Color<\/strong>: Marr\u00f3n natural<\/li>\n<li><strong>Tama\u00f1o de la bolsa<\/strong>:38X29X10CM ( lista con tama\u00f1o est\u00e1ndar, aceptamos bolsa de tama\u00f1o personalizado \uff09<\/li>\n<li><strong>\u00c1rea de impresi\u00f3n<\/strong>: 1 color | 2 colores | m\u00e1s colores| Impresi\u00f3n completa, impresi\u00f3n a una o dos caras<\/li>\n<li><strong>Cierre<\/strong>: con cremallera<\/li>\n<li><strong>Caracter\u00edstica:<\/strong> reutilizable, reciclable, sostenible y con una larga vida \u00fatil salvaguardada,gran espacio para tu port\u00e1til<\/li>\n<\/ul>","protected":false},"excerpt":{"rendered":"<p>Papel ecol\u00f3gico Dupont Tyvek con forro no tejido, la bolsa es duradera y ligera, f\u00e1cil de transportar.<\/p>","protected":false},"featured_media":4049,"comment_status":"open","ping_status":"closed","template":"","meta":{"_seopress_robots_primary_cat":"none","_seopress_titles_title":"","_seopress_titles_desc":"","_seopress_robots_index":""},"product_brand":[],"product_cat":[29,103,109],"product_tag":[136,137],"class_list":{"0":"post-4054","1":"product","2":"type-product","3":"status-publish","4":"has-post-thumbnail","6":"product_cat-tote-bag","7":"product_cat-other-fabric-bag","8":"product_cat-everyday","9":"product_tag-dupont-bag","10":"product_tag-laptop-bag","12":"first","13":"instock","14":"taxable","15":"shipping-taxable","16":"product-type-simple"},"_links":{"self":[{"href":"https:\/\/avecobaggie.com\/es\/wp-json\/wp\/v2\/product\/4054","targetHints":{"allow":["GET"]}}],"collection":[{"href":"https:\/\/avecobaggie.com\/es\/wp-json\/wp\/v2\/product"}],"about":[{"href":"https:\/\/avecobaggie.com\/es\/wp-json\/wp\/v2\/types\/product"}],"replies":[{"embeddable":true,"href":"https:\/\/avecobaggie.com\/es\/wp-json\/wp\/v2\/comments?post=4054"}],"wp:featuredmedia":[{"embeddable":true,"href":"https:\/\/avecobaggie.com\/es\/wp-json\/wp\/v2\/media\/4049"}],"wp:attachment":[{"href":"https:\/\/avecobaggie.com\/es\/wp-json\/wp\/v2\/media?parent=4054"}],"wp:term":[{"taxonomy":"product_brand","embeddable":true,"href":"https:\/\/avecobaggie.com\/es\/wp-json\/wp\/v2\/product_brand?post=4054"},{"taxonomy":"product_cat","embeddable":true,"href":"https:\/\/avecobaggie.com\/es\/wp-json\/wp\/v2\/product_cat?post=4054"},{"taxonomy":"product_tag","embeddable":true,"href":"https:\/\/avecobaggie.com\/es\/wp-json\/wp\/v2\/product_tag?post=4054"}],"curies":[{"name":"wp","href":"https:\/\/api.w.org\/{rel}","templated":true}]}}