{"id":4067,"date":"2021-07-01T16:50:31","date_gmt":"2021-07-01T08:50:31","guid":{"rendered":"https:\/\/avecobaggie.com\/?post_type=product&#038;p=4067"},"modified":"2021-07-01T22:21:34","modified_gmt":"2021-07-01T14:21:34","slug":"washable-paper-mini-crossbody-bag-with-leather-strap","status":"publish","type":"product","link":"https:\/\/avecobaggie.com\/es\/producto\/washable-paper-mini-crossbody-bag-with-leather-strap\/","title":{"rendered":"Mini bolso cruzado de papel lavable con correa de piel"},"content":{"rendered":"<h4 class=\"p1\">\u00a0Caracter\u00edsticas del producto<\/h4>\n<ul>\n<li><strong>Estilo Bolsa<\/strong>: Cuerpo cruzado<\/li>\n<li><strong>Tipo de material<\/strong>: Dupont Tyrek<\/li>\n<li><strong>Material Color<\/strong>: Color marr\u00f3n o personalizado<\/li>\n<li><strong>Tama\u00f1o de la bolsa<\/strong>: 30X24X15CM<\/li>\n<li><strong>\u00c1rea de impresi\u00f3n<\/strong>Sin impresi\u00f3n o con impresi\u00f3n personalizada<\/li>\n<li><strong>Instrucciones de cuidado<\/strong>: Se recomienda lavar a mano, tambi\u00e9n se puede lavar a m\u00e1quina y secar colgado.<\/li>\n<\/ul>\n<p><strong>\u00a0 \u00a0 Notas: Para la tela de algod\u00f3n o lona, habr\u00e1 un ligero encogimiento despu\u00e9s del lavado<\/strong><\/p>","protected":false},"excerpt":{"rendered":"<p>De moda, f\u00e1cil de lavar, resistente a la rotura, respetuoso con el medio ambiente y biodegradable.<\/p>","protected":false},"featured_media":4068,"comment_status":"open","ping_status":"closed","template":"","meta":{"_seopress_robots_primary_cat":"none","_seopress_titles_title":"","_seopress_titles_desc":"","_seopress_robots_index":""},"product_brand":[],"product_cat":[100,103,108,109],"product_tag":[136],"class_list":{"0":"post-4067","1":"product","2":"type-product","3":"status-publish","4":"has-post-thumbnail","6":"product_cat-other-creative-bag","7":"product_cat-other-fabric-bag","8":"product_cat-work-school","9":"product_cat-everyday","10":"product_tag-dupont-bag","12":"first","13":"instock","14":"taxable","15":"shipping-taxable","16":"product-type-simple"},"_links":{"self":[{"href":"https:\/\/avecobaggie.com\/es\/wp-json\/wp\/v2\/product\/4067","targetHints":{"allow":["GET"]}}],"collection":[{"href":"https:\/\/avecobaggie.com\/es\/wp-json\/wp\/v2\/product"}],"about":[{"href":"https:\/\/avecobaggie.com\/es\/wp-json\/wp\/v2\/types\/product"}],"replies":[{"embeddable":true,"href":"https:\/\/avecobaggie.com\/es\/wp-json\/wp\/v2\/comments?post=4067"}],"wp:featuredmedia":[{"embeddable":true,"href":"https:\/\/avecobaggie.com\/es\/wp-json\/wp\/v2\/media\/4068"}],"wp:attachment":[{"href":"https:\/\/avecobaggie.com\/es\/wp-json\/wp\/v2\/media?parent=4067"}],"wp:term":[{"taxonomy":"product_brand","embeddable":true,"href":"https:\/\/avecobaggie.com\/es\/wp-json\/wp\/v2\/product_brand?post=4067"},{"taxonomy":"product_cat","embeddable":true,"href":"https:\/\/avecobaggie.com\/es\/wp-json\/wp\/v2\/product_cat?post=4067"},{"taxonomy":"product_tag","embeddable":true,"href":"https:\/\/avecobaggie.com\/es\/wp-json\/wp\/v2\/product_tag?post=4067"}],"curies":[{"name":"wp","href":"https:\/\/api.w.org\/{rel}","templated":true}]}}